{"id":6223,"date":"2025-01-19T11:45:45","date_gmt":"2025-01-19T11:45:45","guid":{"rendered":"https:\/\/ariktools.com\/?page_id=6223"},"modified":"2025-01-19T14:53:43","modified_gmt":"2025-01-19T14:53:43","slug":"copyright-notice","status":"publish","type":"page","link":"https:\/\/ariktools.com\/de\/copyright-notice\/","title":{"rendered":"Copyright-Hinweis"},"content":{"rendered":"<div data-elementor-type=\"wp-page\" data-elementor-id=\"6223\" class=\"elementor elementor-6223\" data-elementor-post-type=\"page\">\n\t\t\t\t<div class=\"elementor-element elementor-element-1afe154 e-flex e-con-boxed e-con e-parent\" data-id=\"1afe154\" data-element_type=\"container\" data-e-type=\"container\">\n\t\t\t\t\t<div class=\"e-con-inner\">\n\t\t\t\t<div class=\"elementor-element elementor-element-d3958e1 elementor-widget elementor-widget-text-editor\" data-id=\"d3958e1\" data-element_type=\"widget\" data-e-type=\"widget\" data-widget_type=\"text-editor.default\">\n\t\t\t\t\t\t\t\t\t<p>Der gesamte Inhalt dieser Website, einschlie\u00dflich, aber nicht beschr\u00e4nkt auf Texte, Bilder, Logos, Audio- und Videodateien, Diagramme, Entw\u00fcrfe, Code und Software (im Folgenden zusammenfassend als \u201cInhalt\u201d bezeichnet), ist durch Urheberrechte, Warenzeichen und andere Gesetze zum Schutz des geistigen Eigentums gesch\u00fctzt und ist Eigentum von <strong>Arik<\/strong> oder seine Lizenzgeber. Ohne Genehmigung darf keine nat\u00fcrliche oder juristische Person den Inhalt dieser Website in irgendeiner Form kopieren, verbreiten, ver\u00e4ndern, anzeigen oder \u00fcbertragen, es sei denn, es liegt eine ausdr\u00fcckliche schriftliche Genehmigung vor.<\/p><p>Der Inhalt dieser Website darf nicht f\u00fcr kommerzielle Zwecke verwendet werden, einschlie\u00dflich, aber nicht beschr\u00e4nkt auf Weiterverkauf, Unterlizensierung, Modifizierung oder jegliche Handlung, die die Urheberrechte dieser Website oder ihres Inhalts verletzen k\u00f6nnte. Jede unbefugte Nutzung kann eine Verletzung unserer Urheberrechte darstellen, und wir behalten uns das Recht vor, rechtliche Schritte einzuleiten.<\/p><p>Wenn Sie Inhalte dieser Website verwenden m\u00f6chten, wenden Sie sich bitte an uns, um eine Genehmigung zu erhalten. Wir werden die Anfrage von Fall zu Fall pr\u00fcfen und entscheiden, ob eine Genehmigung erteilt werden kann.<\/p><hr \/><h1><strong>Aktualisierungen des Urheberrechtshinweises<\/strong><\/h1><p>Wir behalten uns vor, diesen Urheberrechtshinweis jederzeit zu aktualisieren, und der aktualisierte Hinweis wird auf dieser Seite ver\u00f6ffentlicht. Bitte \u00fcberpr\u00fcfen Sie diesen Hinweis regelm\u00e4\u00dfig, um sich \u00fcber die neuesten Urheberrechtsinformationen zu informieren.<\/p>\t\t\t\t\t\t\t\t<\/div>\n\t\t\t\t\t<\/div>\n\t\t\t\t<\/div>\n\t\t\t\t<\/div>","protected":false},"excerpt":{"rendered":"<p>All content on this website, including but not limited to text, images, logos, audio, video, charts, designs, code, and software (hereinafter collectively referred to as &#8220;Content&#8221;), is protected by copyright, trademark, and other intellectual property laws, and is owned by Arik or its licensors. Without authorization, no individual or entity may copy, distribute, modify, display, [&hellip;]<\/p>","protected":false},"author":1,"featured_media":0,"parent":0,"menu_order":0,"comment_status":"closed","ping_status":"closed","template":"","meta":{"footnotes":""},"class_list":["post-6223","page","type-page","status-publish","hentry"],"_links":{"self":[{"href":"https:\/\/ariktools.com\/de\/wp-json\/wp\/v2\/pages\/6223","targetHints":{"allow":["GET"]}}],"collection":[{"href":"https:\/\/ariktools.com\/de\/wp-json\/wp\/v2\/pages"}],"about":[{"href":"https:\/\/ariktools.com\/de\/wp-json\/wp\/v2\/types\/page"}],"author":[{"embeddable":true,"href":"https:\/\/ariktools.com\/de\/wp-json\/wp\/v2\/users\/1"}],"replies":[{"embeddable":true,"href":"https:\/\/ariktools.com\/de\/wp-json\/wp\/v2\/comments?post=6223"}],"version-history":[{"count":0,"href":"https:\/\/ariktools.com\/de\/wp-json\/wp\/v2\/pages\/6223\/revisions"}],"wp:attachment":[{"href":"https:\/\/ariktools.com\/de\/wp-json\/wp\/v2\/media?parent=6223"}],"curies":[{"name":"wp","href":"https:\/\/api.w.org\/{rel}","templated":true}]}}