{"id":6233,"date":"2025-01-19T11:58:48","date_gmt":"2025-01-19T11:58:48","guid":{"rendered":"https:\/\/ariktools.com\/?page_id=6233"},"modified":"2025-01-19T14:54:45","modified_gmt":"2025-01-19T14:54:45","slug":"terms-of-use","status":"publish","type":"page","link":"https:\/\/ariktools.com\/de\/terms-of-use\/","title":{"rendered":"Nutzungsbedingungen"},"content":{"rendered":"<div data-elementor-type=\"wp-page\" data-elementor-id=\"6233\" class=\"elementor elementor-6233\" data-elementor-post-type=\"page\">\n\t\t\t\t<div class=\"elementor-element elementor-element-a58582e e-flex e-con-boxed e-con e-parent\" data-id=\"a58582e\" data-element_type=\"container\" data-e-type=\"container\">\n\t\t\t\t\t<div class=\"e-con-inner\">\n\t\t\t\t<div class=\"elementor-element elementor-element-f4a4436 elementor-widget elementor-widget-text-editor\" data-id=\"f4a4436\" data-element_type=\"widget\" data-e-type=\"widget\" data-widget_type=\"text-editor.default\">\n\t\t\t\t\t\t\t\t\t<p>Willkommen auf unserer Website (nachstehend \u201cdie Website\u201d genannt). Bevor Sie die Website nutzen, lesen Sie bitte sorgf\u00e4ltig die folgenden Bedingungen (im Folgenden \u201cNutzungsbedingungen\u201d genannt). Diese Website wird betrieben von <strong>Arik<\/strong>. Indem Sie auf die Website zugreifen oder sie nutzen, erkl\u00e4ren Sie sich mit diesen Nutzungsbedingungen einverstanden. Wenn Sie mit diesen Bedingungen nicht einverstanden sind, nutzen Sie die Website bitte nicht.<\/p><hr \/><h3><strong>1. Inhalt der Website<\/strong><\/h3><p>Alle auf der Website bereitgestellten Inhalte, einschlie\u00dflich, aber nicht beschr\u00e4nkt auf Texte, Bilder, Grafiken, Videos, Audiodateien, Logos, Marken, Software, Code, Designs und Layouts (zusammenfassend als \u201cInhalt\u201d bezeichnet), sind Eigentum von <strong>Arik<\/strong> oder seinen Inhaltsanbietern und ist durch das Urheberrecht und die Gesetze \u00fcber geistiges Eigentum gesch\u00fctzt. Das unbefugte Kopieren, Reproduzieren, \u00c4ndern, Ver\u00f6ffentlichen oder Verbreiten von Inhalten der Website ist verboten.<\/p><hr \/><h3><strong>2. Benutzerverhalten<\/strong><\/h3><p>Durch die Nutzung der Website erkl\u00e4ren Sie sich damit einverstanden, alle geltenden Gesetze und Vorschriften einzuhalten, und Sie d\u00fcrfen nicht<\/p><ul><li>Inhalte hochzuladen oder zu ver\u00f6ffentlichen, die das Urheberrecht, die Marke oder andere geistige Eigentumsrechte anderer verletzen.<\/li><li>Malware, Viren oder andere sch\u00e4dliche Software zu verbreiten.<\/li><li>das normale Funktionieren der Website zu st\u00f6ren oder zu beeintr\u00e4chtigen.<\/li><li>die Website f\u00fcr illegale, betr\u00fcgerische oder unethische Aktivit\u00e4ten zu nutzen.<\/li><\/ul><hr \/><h3><strong>3. Benutzerkonten<\/strong><\/h3><p>In einigen F\u00e4llen kann es erforderlich sein, dass Sie ein Konto anlegen m\u00fcssen, um auf bestimmte Funktionen der Website zugreifen zu k\u00f6nnen. Sie verpflichten sich, wahrheitsgem\u00e4\u00dfe, genaue und vollst\u00e4ndige Angaben zu machen und Ihre Kontodaten umgehend zu aktualisieren. Sie sind f\u00fcr Ihr Konto verantwortlich und stellen sicher, dass alle Aktivit\u00e4ten von Ihnen oder Ihren autorisierten Vertretern durchgef\u00fchrt werden.<\/p><hr \/><h3><strong>4. Website-Links<\/strong><\/h3><p>Die Website kann Links zu Websites Dritter enthalten, um Ihnen den Zugang zu erleichtern. Wir sind f\u00fcr den Inhalt dieser externen Websites nicht verantwortlich und unterst\u00fctzen den Inhalt dieser Websites nicht.<\/p><hr \/><h3><strong>5. Haftungsausschluss<\/strong><\/h3><p>Alle Inhalte, Dienste und Funktionen, die auf der Website bereitgestellt werden, werden ohne M\u00e4ngelgew\u00e4hr angeboten, und wir \u00fcbernehmen keine Garantie f\u00fcr die Richtigkeit, Vollst\u00e4ndigkeit oder Anwendbarkeit von Inhalten oder Diensten. Wir \u00fcbernehmen keine Garantie f\u00fcr die Kontinuit\u00e4t, Funktionalit\u00e4t oder Sicherheit der Website. Die Nutzer \u00fcbernehmen alle mit der Nutzung der Website verbundenen Risiken.<\/p><hr \/><h3><strong>6. Begrenzung der Haftung<\/strong><\/h3><p>Im gr\u00f6\u00dftm\u00f6glichen gesetzlich zul\u00e4ssigen Umfang, <strong>Arik<\/strong> und die mit ihr verbundenen Unternehmen haften nicht f\u00fcr direkte, indirekte, zuf\u00e4llige, besondere oder Folgesch\u00e4den, die sich aus der Nutzung oder der Unm\u00f6glichkeit der Nutzung der Website ergeben.<\/p><hr \/><h3><strong>7. Datenschutz<\/strong><\/h3><p>Durch die Nutzung der Website erkl\u00e4ren Sie sich mit unserer Datenschutzrichtlinie einverstanden. Bitte lesen Sie unsere Datenschutzrichtlinien, um zu verstehen, wie wir Ihre pers\u00f6nlichen Daten sammeln, verwenden und sch\u00fctzen.<\/p><hr \/><h3><strong>8. \u00c4nderungen und Aktualisierungen<\/strong><\/h3><p>Wir behalten uns das Recht vor, diese Nutzungsbedingungen jederzeit zu \u00e4ndern oder zu aktualisieren. Alle \u00c4nderungen treten sofort in Kraft und werden auf dieser Seite ver\u00f6ffentlicht. Bitte \u00fcberpr\u00fcfen Sie diese Seite regelm\u00e4\u00dfig, um sicherzustellen, dass Sie \u00fcber die neuesten Nutzungsbedingungen informiert sind.<\/p><hr \/><h3><strong>9. Geltendes Recht und Streitbeilegung<\/strong><\/h3><p>Diese Nutzungsbedingungen unterliegen den Gesetzen von [Anwendbare Rechtsprechung]. Alle Streitigkeiten, die sich aus der Nutzung der Website ergeben, werden zur Beilegung an [benanntes Gericht oder Schiedsgericht] weitergeleitet.<\/p><hr \/><h3><strong>10. Kontaktinformationen<\/strong><\/h3><p>Wenn Sie Fragen oder Anregungen haben, k\u00f6nnen Sie sich gerne an uns wenden.<\/p>\t\t\t\t\t\t\t\t<\/div>\n\t\t\t\t\t<\/div>\n\t\t\t\t<\/div>\n\t\t\t\t<\/div>","protected":false},"excerpt":{"rendered":"<p>Willkommen auf unserer Website (nachstehend \u201cdie Website\u201d genannt). Bevor Sie die Website nutzen, lesen Sie bitte sorgf\u00e4ltig die folgenden Bedingungen (im Folgenden als \u201cNutzungsbedingungen\u201d bezeichnet). Diese Website wird von Arik betrieben. Indem Sie auf die Website zugreifen oder sie nutzen, erkl\u00e4ren Sie sich mit der Einhaltung dieser Nutzungsbedingungen einverstanden. Wenn Sie nicht [...]<\/p>","protected":false},"author":1,"featured_media":0,"parent":0,"menu_order":0,"comment_status":"closed","ping_status":"closed","template":"","meta":{"footnotes":""},"class_list":["post-6233","page","type-page","status-publish","hentry"],"_links":{"self":[{"href":"https:\/\/ariktools.com\/de\/wp-json\/wp\/v2\/pages\/6233","targetHints":{"allow":["GET"]}}],"collection":[{"href":"https:\/\/ariktools.com\/de\/wp-json\/wp\/v2\/pages"}],"about":[{"href":"https:\/\/ariktools.com\/de\/wp-json\/wp\/v2\/types\/page"}],"author":[{"embeddable":true,"href":"https:\/\/ariktools.com\/de\/wp-json\/wp\/v2\/users\/1"}],"replies":[{"embeddable":true,"href":"https:\/\/ariktools.com\/de\/wp-json\/wp\/v2\/comments?post=6233"}],"version-history":[{"count":0,"href":"https:\/\/ariktools.com\/de\/wp-json\/wp\/v2\/pages\/6233\/revisions"}],"wp:attachment":[{"href":"https:\/\/ariktools.com\/de\/wp-json\/wp\/v2\/media?parent=6233"}],"curies":[{"name":"wp","href":"https:\/\/api.w.org\/{rel}","templated":true}]}}