{"id":6239,"date":"2025-01-19T12:04:27","date_gmt":"2025-01-19T12:04:27","guid":{"rendered":"https:\/\/ariktools.com\/?page_id=6239"},"modified":"2025-01-19T14:54:08","modified_gmt":"2025-01-19T14:54:08","slug":"privacy-policy","status":"publish","type":"page","link":"https:\/\/ariktools.com\/de\/privacy-policy\/","title":{"rendered":"Datenschutzbestimmungen"},"content":{"rendered":"<div data-elementor-type=\"wp-page\" data-elementor-id=\"6239\" class=\"elementor elementor-6239\" data-elementor-post-type=\"page\">\n\t\t\t\t<div class=\"elementor-element elementor-element-f0b720f e-flex e-con-boxed e-con e-parent\" data-id=\"f0b720f\" data-element_type=\"container\" data-e-type=\"container\">\n\t\t\t\t\t<div class=\"e-con-inner\">\n\t\t\t\t<div class=\"elementor-element elementor-element-cd10f9f elementor-widget elementor-widget-text-editor\" data-id=\"cd10f9f\" data-element_type=\"widget\" data-e-type=\"widget\" data-widget_type=\"text-editor.default\">\n\t\t\t\t\t\t\t\t\t<p>Um Ihre Privatsph\u00e4re zu sch\u00fctzen, nehmen wir die Sicherheit Ihrer pers\u00f6nlichen Daten sehr ernst. Auf unserer Seite zum Datenschutz erfahren Sie, wie wir Ihre Daten erfassen, verwenden und sch\u00fctzen. Bitte klicken Sie auf den unten stehenden Link, um die vollst\u00e4ndigen Datenschutzrichtlinien einzusehen und mehr dar\u00fcber zu erfahren, wie Ihre Daten behandelt werden.<br \/>[Datenschutzbestimmungen]<\/p><p>Auf dieser Seite erfahren Sie mehr \u00fcber:<\/p><ol><li><strong>Sammlung von Informationen<\/strong>: Wie wir Ihre pers\u00f6nlichen Daten sammeln und f\u00fcr welche Zwecke sie gesammelt werden.<\/li><li><strong>Verwendung von Informationen<\/strong>: Wie wir diese Informationen nutzen, um unsere Dienstleistungen zu verbessern und Ihnen ein besseres Erlebnis zu bieten.<\/li><li><strong>Schutz von Informationen<\/strong>: Die Ma\u00dfnahmen, die wir ergreifen, um die Sicherheit Ihrer pers\u00f6nlichen Daten zu gew\u00e4hrleisten.<\/li><li><strong>Gemeinsame Nutzung durch Dritte<\/strong>: Ob wir Ihre Daten an Dritte weitergeben und unter welchen Umst\u00e4nden wir dies tun.<\/li><\/ol><p>Wir verpflichten uns, Ihre Privatsph\u00e4re zu sch\u00fctzen und sicherzustellen, dass Ihre Daten nur f\u00fcr legitime Gesch\u00e4ftszwecke verwendet werden. Wenn Sie Fragen haben oder weitere Informationen ben\u00f6tigen, k\u00f6nnen Sie uns gerne kontaktieren.<\/p>\t\t\t\t\t\t\t\t<\/div>\n\t\t\t\t\t<\/div>\n\t\t\t\t<\/div>\n\t\t\t\t<\/div>","protected":false},"excerpt":{"rendered":"<p>To protect your privacy, we take the security of your personal information very seriously. Our Privacy Policy page details how we collect, use, and safeguard your information. Please click the link below to view the full Privacy Policy and learn more about how your information is handled.[Privacy Policy] On this page, you will learn about: [&hellip;]<\/p>","protected":false},"author":1,"featured_media":0,"parent":0,"menu_order":0,"comment_status":"closed","ping_status":"closed","template":"","meta":{"footnotes":""},"class_list":["post-6239","page","type-page","status-publish","hentry"],"_links":{"self":[{"href":"https:\/\/ariktools.com\/de\/wp-json\/wp\/v2\/pages\/6239","targetHints":{"allow":["GET"]}}],"collection":[{"href":"https:\/\/ariktools.com\/de\/wp-json\/wp\/v2\/pages"}],"about":[{"href":"https:\/\/ariktools.com\/de\/wp-json\/wp\/v2\/types\/page"}],"author":[{"embeddable":true,"href":"https:\/\/ariktools.com\/de\/wp-json\/wp\/v2\/users\/1"}],"replies":[{"embeddable":true,"href":"https:\/\/ariktools.com\/de\/wp-json\/wp\/v2\/comments?post=6239"}],"version-history":[{"count":0,"href":"https:\/\/ariktools.com\/de\/wp-json\/wp\/v2\/pages\/6239\/revisions"}],"wp:attachment":[{"href":"https:\/\/ariktools.com\/de\/wp-json\/wp\/v2\/media?parent=6239"}],"curies":[{"name":"wp","href":"https:\/\/api.w.org\/{rel}","templated":true}]}}