{"id":6246,"date":"2025-01-19T12:13:11","date_gmt":"2025-01-19T12:13:11","guid":{"rendered":"https:\/\/ariktools.com\/?page_id=6246"},"modified":"2025-01-19T14:53:22","modified_gmt":"2025-01-19T14:53:22","slug":"become-a-reseller","status":"publish","type":"page","link":"https:\/\/ariktools.com\/de\/become-a-reseller\/","title":{"rendered":"Wiederverk\u00e4ufer werden"},"content":{"rendered":"<div data-elementor-type=\"wp-page\" data-elementor-id=\"6246\" class=\"elementor elementor-6246\" data-elementor-post-type=\"page\">\n\t\t\t\t<div class=\"elementor-element elementor-element-38daffb e-flex e-con-boxed e-con e-parent\" data-id=\"38daffb\" data-element_type=\"container\" data-e-type=\"container\">\n\t\t\t\t\t<div class=\"e-con-inner\">\n\t\t\t\t<div class=\"elementor-element elementor-element-fb27b96 elementor-widget elementor-widget-text-editor\" data-id=\"fb27b96\" data-element_type=\"widget\" data-e-type=\"widget\" data-widget_type=\"text-editor.default\">\n\t\t\t\t\t\t\t\t\t<p>Sind Sie daran interessiert, ein Wiederverk\u00e4ufer zu werden f\u00fcr <strong>Arik<\/strong>? Wir freuen uns, mit Unternehmen zusammenzuarbeiten, denen es ein Anliegen ist, ihren Kunden hochwertige Tools anzubieten. Wenn Sie unserem Netzwerk beitreten, haben Sie Zugang zu erstklassigen Produkten, wettbewerbsf\u00e4higen Preisen und einer Vielzahl von Support-Ressourcen, die Ihnen zum Erfolg verhelfen.<\/p><h3><strong>Warum Arik Tools weiterverkaufen?<\/strong><\/h3><ul><li><p><strong>Produkte von h\u00f6chster Qualit\u00e4t<\/strong>: Unsere Werkzeuge sind auf Langlebigkeit und hohe Leistung ausgelegt und genie\u00dfen das Vertrauen von Bauunternehmen und anderen Unternehmen.<\/p><\/li><li><p><strong>Attraktive Preisgestaltung<\/strong>: Profitieren Sie von wettbewerbsf\u00e4higen Preisen und exklusiven Angeboten f\u00fcr Wiederverk\u00e4ufer.<\/p><\/li><li><p><strong>Unterst\u00fctzung und Ressourcen<\/strong>: Wir bieten Ihnen Marketingmaterialien und engagierte Unterst\u00fctzung, damit Sie Ihr Gesch\u00e4ft ausbauen k\u00f6nnen.<\/p><\/li><\/ul>\t\t\t\t\t\t\t\t<\/div>\n\t\t\t\t\t<\/div>\n\t\t\t\t<\/div>\n\t\t<div class=\"elementor-element elementor-element-766cc1f e-flex e-con-boxed e-con e-parent\" data-id=\"766cc1f\" data-element_type=\"container\" data-e-type=\"container\">\n\t\t\t\t\t<div class=\"e-con-inner\">\n\t\t\t\t<div class=\"elementor-element elementor-element-bd142b3 elementor-widget elementor-widget-text-editor\" data-id=\"bd142b3\" data-element_type=\"widget\" data-e-type=\"widget\" data-widget_type=\"text-editor.default\">\n\t\t\t\t\t\t\t\t\t<h3><strong>Wie man sich bewirbt<\/strong><\/h3><p>Werden Sie ein <strong>Arik<\/strong> Wiederverk\u00e4ufer zu werden ist einfach! F\u00fcllen Sie einfach das untenstehende Formular mit Ihren Angaben aus, und wir melden uns bei Ihnen mit den n\u00e4chsten Schritten.<\/p>\t\t\t\t\t\t\t\t<\/div>\n\t\t\t\t\t<\/div>\n\t\t\t\t<\/div>\n\t\t<div class=\"elementor-element elementor-element-04da8cf e-flex e-con-boxed e-con e-parent\" data-id=\"04da8cf\" data-element_type=\"container\" data-e-type=\"container\">\n\t\t\t\t\t<div class=\"e-con-inner\">\n\t\t\t\t<div class=\"elementor-element elementor-element-2fc640d elementor-widget elementor-widget-wpforms\" data-id=\"2fc640d\" data-element_type=\"widget\" data-e-type=\"widget\" data-widget_type=\"wpforms.default\">\n\t\t\t\t<div class=\"elementor-widget-container\">\n\t\t\t\t\t<div class=\"wpforms-container\" id=\"wpforms-1932\"><form id=\"wpforms-form-1932\" class=\"wpforms-validate wpforms-form wpforms-ajax-form\" data-formid=\"1932\" method=\"post\" enctype=\"multipart\/form-data\" action=\"\/de\/wp-json\/wp\/v2\/pages\/6246\" data-token=\"0796a8354e05062b3e52eddaa6ddc41b\" data-token-time=\"1777959071\" data-trp-original-action=\"\/de\/wp-json\/wp\/v2\/pages\/6246\"><noscript class=\"wpforms-error-noscript\">Bitte aktivieren Sie JavaScript in Ihrem Browser, um dieses Formular fertigzustellen.<\/noscript><div class=\"wpforms-field-container\"><div id=\"wpforms-1932-field_0-container\" class=\"wpforms-field wpforms-field-name\" data-field-id=\"0\"><label class=\"wpforms-field-label wpforms-label-hide\" for=\"wpforms-1932-field_0\">Name <span class=\"wpforms-required-label\">*<\/span><\/label><input type=\"text\" id=\"wpforms-1932-field_0\" class=\"wpforms-field-large wpforms-field-required\" name=\"wpforms[fields][0]\" placeholder=\"Geben Sie Ihren Namen ein\" required><\/div><div id=\"wpforms-1932-field_1-container\" class=\"wpforms-field wpforms-field-email\" data-field-id=\"1\"><label class=\"wpforms-field-label wpforms-label-hide\" for=\"wpforms-1932-field_1\">E-Mail <span class=\"wpforms-required-label\">*<\/span><\/label><input type=\"email\" id=\"wpforms-1932-field_1\" class=\"wpforms-field-large wpforms-field-required\" name=\"wpforms[fields][1]\" placeholder=\"Ihre E-Mail eingeben\" spellcheck=\"false\" required><\/div><div id=\"wpforms-1932-field_3-container\" class=\"wpforms-field wpforms-field-text\" data-field-id=\"3\"><label class=\"wpforms-field-label wpforms-label-hide\" for=\"wpforms-1932-field_3\">Thema<\/label><input type=\"text\" id=\"wpforms-1932-field_3\" class=\"wpforms-field-large\" name=\"wpforms[fields][3]\" placeholder=\"Thema\" ><\/div><div id=\"wpforms-1932-field_2-container\" class=\"wpforms-field wpforms-field-textarea\" data-field-id=\"2\"><label class=\"wpforms-field-label wpforms-label-hide\" for=\"wpforms-1932-field_2\">Nachricht <span class=\"wpforms-required-label\">*<\/span><\/label><textarea id=\"wpforms-1932-field_2\" class=\"wpforms-field-medium wpforms-field-required\" name=\"wpforms[fields][2]\" placeholder=\"Nachricht\" required><\/textarea><\/div><\/div><!-- .wpforms-field-container --><div class=\"wpforms-submit-container\" ><input type=\"hidden\" name=\"wpforms[id]\" value=\"1932\"><input type=\"hidden\" name=\"page_title\" value=\"\"><input type=\"hidden\" name=\"page_url\" value=\"https:\/\/ariktools.com\/de\/wp-json\/wp\/v2\/pages\/6246\"><input type=\"hidden\" name=\"url_referer\" value=\"\"><button type=\"submit\" name=\"wpforms[submit]\" id=\"wpforms-submit-1932\" class=\"wpforms-submit\" data-alt-text=\"Sending...\" data-submit-text=\"SEND MESSAGE\" aria-live=\"assertive\" value=\"wpforms-submit\">NACHRICHTEN SENDEN<\/button><img decoding=\"async\" src=\"https:\/\/ariktools.com\/wp-content\/plugins\/wpforms-lite\/assets\/images\/submit-spin.svg\" class=\"wpforms-submit-spinner\" style=\"display: none;\" width=\"26\" height=\"26\" alt=\"Wird geladen\"><\/div><input type=\"hidden\" name=\"trp-form-language\" value=\"de\"\/><\/form><\/div>  <!-- .wpforms-container -->\t\t\t\t<\/div>\n\t\t\t\t<\/div>\n\t\t\t\t\t<\/div>\n\t\t\t\t<\/div>\n\t\t\t\t<\/div>","protected":false},"excerpt":{"rendered":"<p>Are you interested in becoming a reseller for Arik? We&#8217;re excited to partner with businesses that are passionate about offering high-quality tools to customers. By joining our network, you&#8217;ll have access to premium products, competitive pricing, and a variety of support resources to help you succeed. Why Resell Arik Tools? Top-Quality Products: Our tools are [&hellip;]<\/p>","protected":false},"author":1,"featured_media":0,"parent":0,"menu_order":0,"comment_status":"closed","ping_status":"closed","template":"","meta":{"footnotes":""},"class_list":["post-6246","page","type-page","status-publish","hentry"],"_links":{"self":[{"href":"https:\/\/ariktools.com\/de\/wp-json\/wp\/v2\/pages\/6246","targetHints":{"allow":["GET"]}}],"collection":[{"href":"https:\/\/ariktools.com\/de\/wp-json\/wp\/v2\/pages"}],"about":[{"href":"https:\/\/ariktools.com\/de\/wp-json\/wp\/v2\/types\/page"}],"author":[{"embeddable":true,"href":"https:\/\/ariktools.com\/de\/wp-json\/wp\/v2\/users\/1"}],"replies":[{"embeddable":true,"href":"https:\/\/ariktools.com\/de\/wp-json\/wp\/v2\/comments?post=6246"}],"version-history":[{"count":0,"href":"https:\/\/ariktools.com\/de\/wp-json\/wp\/v2\/pages\/6246\/revisions"}],"wp:attachment":[{"href":"https:\/\/ariktools.com\/de\/wp-json\/wp\/v2\/media?parent=6246"}],"curies":[{"name":"wp","href":"https:\/\/api.w.org\/{rel}","templated":true}]}}