{"id":6260,"date":"2025-01-19T14:11:35","date_gmt":"2025-01-19T14:11:35","guid":{"rendered":"https:\/\/ariktools.com\/?page_id=6260"},"modified":"2025-01-19T14:54:22","modified_gmt":"2025-01-19T14:54:22","slug":"return-policy","status":"publish","type":"page","link":"https:\/\/ariktools.com\/de\/return-policy\/","title":{"rendered":"R\u00fcckgabepolitik"},"content":{"rendered":"<div data-elementor-type=\"wp-page\" data-elementor-id=\"6260\" class=\"elementor elementor-6260\" data-elementor-post-type=\"page\">\n\t\t\t\t<div class=\"elementor-element elementor-element-1c8c42c e-flex e-con-boxed e-con e-parent\" data-id=\"1c8c42c\" data-element_type=\"container\" data-e-type=\"container\">\n\t\t\t\t\t<div class=\"e-con-inner\">\n\t\t\t\t<div class=\"elementor-element elementor-element-e5d7719 elementor-widget elementor-widget-text-editor\" data-id=\"e5d7719\" data-element_type=\"widget\" data-e-type=\"widget\" data-widget_type=\"text-editor.default\">\n\t\t\t\t\t\t\t\t\t<p>Wir bei Arik sind bestrebt, unseren Gesch\u00e4ftskunden qualitativ hochwertige Produkte und einen hervorragenden Service zu bieten. Bitte lesen Sie unsere R\u00fcckgabebedingungen sorgf\u00e4ltig durch. Wir sind bestrebt, den Prozess so einfach wie m\u00f6glich zu gestalten und gleichzeitig sicherzustellen, dass alle R\u00fcckgaben mit unseren spezifischen Bedingungen \u00fcbereinstimmen.<\/p><p><strong>1. Nicht zur\u00fccknehmbare Produkte:<\/strong><\/p><ul><li><strong>Kundenspezifische Bestellungen:<\/strong> Sonderanfertigungen sind von R\u00fcckgabe und Umtausch ausgeschlossen. Alle ma\u00dfgefertigten Produkte werden endg\u00fcltig verkauft.<\/li><li><strong>Nicht-Qualit\u00e4tsthemen:<\/strong> R\u00fccksendungen werden f\u00fcr Produkte, die nicht defekt oder besch\u00e4digt sind, nicht akzeptiert. Wenn Sie einfach Ihre Meinung \u00e4ndern oder das falsche Produkt bestellen, k\u00f6nnen wir keine R\u00fcckgabe oder Umtausch anbieten.<\/li><\/ul><p><strong>2. Qualit\u00e4tsprobleme und R\u00fccksendungen:<\/strong><\/p><ul><li><strong>Defekte oder besch\u00e4digte Produkte:<\/strong> Wenn Sie ein Produkt erhalten, das defekt, besch\u00e4digt oder nicht wie beschrieben ist, kontaktieren Sie uns bitte innerhalb von <strong>3 Tage<\/strong> nach Erhalt Ihrer Bestellung. Sie haben Anspruch auf entweder eine <strong>Ersatz oder Erstattung<\/strong>.<\/li><li><strong>Geringer Schaden:<\/strong> Wenn nur wenige Produkte in Ihrer Bestellung besch\u00e4digt sind, k\u00f6nnen wir Ihnen eine <strong>Ersatz<\/strong> oder <strong>Teilerstattung<\/strong> f\u00fcr die mangelhaften Artikel.<\/li><\/ul><p><strong>3. R\u00fcckgabeprozess:<\/strong> Um eine R\u00fccksendung zu veranlassen, wenden Sie sich bitte an unseren Kundendienst unter [E-Mail\/Telefonnummer des Kundendienstes]. Sie m\u00fcssen die folgenden Angaben machen:<\/p><ul><li>Bestellnummer<\/li><li>Produktangaben (Name und SKU)<\/li><li>Beschreibung des Qualit\u00e4tsproblems oder Fehlers<\/li><li>Fotos des Produkts (um den Prozess zu beschleunigen)<\/li><\/ul><p>Sobald Ihr R\u00fccksendeantrag genehmigt ist, erhalten Sie von uns die notwendigen Anweisungen und die R\u00fccksendeadresse.<\/p><p><strong>4. Zeitrahmen f\u00fcr die R\u00fcckgabe:<\/strong><\/p><ul><li>R\u00fccksendungen aufgrund von Qualit\u00e4tsproblemen oder M\u00e4ngeln m\u00fcssen innerhalb von <strong>3 Tage<\/strong> nach Erhalt des Produkts. Alle Probleme, die nach diesem Zeitraum gemeldet werden, k\u00f6nnen nicht mehr zur\u00fcckgegeben, ersetzt oder erstattet werden.<\/li><li>Produkte au\u00dferhalb der R\u00fcckgabefrist (mehr als 3 Tage nach Erhalt) werden unter keinen Umst\u00e4nden f\u00fcr R\u00fcckgaben oder R\u00fcckerstattungen akzeptiert.<\/li><\/ul><p><strong>5. R\u00fccksendung:<\/strong><\/p><ul><li>Wenn die R\u00fcckgabe auf ein defektes, besch\u00e4digtes oder falsches Produkt zur\u00fcckzuf\u00fchren ist, <strong>Arik \u00fcbernimmt die R\u00fccksendekosten<\/strong>.<\/li><li>Bei R\u00fccksendungen, die nicht auf M\u00e4ngel zur\u00fcckzuf\u00fchren sind, gehen die Versandkosten zu Lasten des Kunden.<\/li><\/ul><p><strong>6. Wiedereinlagerungsgeb\u00fchr:<\/strong> A <strong>Wiedereinlagerungsgeb\u00fchr<\/strong> f\u00fcr R\u00fccksendungen erhoben werden, insbesondere wenn die Artikel nicht defekt sind. Diese Geb\u00fchr liegt in der Regel zwischen <strong>10%-20%<\/strong> des Gesamtwerts der Bestellung, je nach Zustand der zur\u00fcckgegebenen Produkte.<\/p><p><strong>7. Erstattung oder Ersetzung:<\/strong><\/p><ul><li><strong>Erstattungen<\/strong>: R\u00fcckerstattungen f\u00fcr genehmigte R\u00fccksendungen werden innerhalb von <strong>7-14 Arbeitstage<\/strong> nach Erhalt der zur\u00fcckgesandten Artikel. Erstattungen werden auf die urspr\u00fcngliche Zahlungsmethode ausgestellt.<\/li><li><strong>Ersatz<\/strong>: Wenn Sie einen Ersatz f\u00fcr ein defektes oder besch\u00e4digtes Produkt w\u00fcnschen, wird dieser umgehend nach Bearbeitung der R\u00fccksendung verschickt.<\/li><\/ul><p><strong>8. Nicht r\u00fcckzahlbare Bedingungen:<\/strong> Produkte, die benutzt oder ver\u00e4ndert wurden oder sich nicht im Originalzustand (einschlie\u00dflich Verpackung) befinden, werden nicht zur\u00fcckgenommen. Au\u00dferdem k\u00f6nnen kundenspezifische Produkte nicht zur\u00fcckgegeben werden.<\/p><p><strong>9. Stornierung der Bestellung:<\/strong> Bestellungen k\u00f6nnen vor dem Versand storniert werden. Wenn die Bestellung bereits versandt wurde, befolgen Sie bitte das oben beschriebene R\u00fcckgabeverfahren. Um eine Bestellung zu stornieren, wenden Sie sich bitte so schnell wie m\u00f6glich an unseren Kundenservice.<\/p><p><strong>10. Garantie:<\/strong> F\u00fcr alle Produkte gilt eine begrenzte Garantie f\u00fcr Material- und Verarbeitungsfehler. Wenn Sie Fragen zu Garantien haben, wenden Sie sich bitte an uns, um weitere Einzelheiten zu erfahren.<\/p><p><strong>11. <em><a href=\"\/de\/contact\/\">Kontakt<\/a><\/em>:<\/strong> Bei Fragen oder f\u00fcr eine R\u00fccksendung stehen wir Ihnen gerne zur Verf\u00fcgung und unterst\u00fctzen Sie bei der R\u00fccksendung und allen anderen Fragen.<\/p>\t\t\t\t\t\t\t\t<\/div>\n\t\t\t\t\t<\/div>\n\t\t\t\t<\/div>\n\t\t\t\t<\/div>","protected":false},"excerpt":{"rendered":"<p>At Arik, we are committed to providing high-quality products and excellent service to our business customers. Please carefully read our return policy below. We aim to make the process as easy as possible while ensuring that all returns are in line with our specific terms. 1. Non-Returnable Products: Custom Orders: Custom or made-to-order products are [&hellip;]<\/p>","protected":false},"author":1,"featured_media":0,"parent":0,"menu_order":0,"comment_status":"closed","ping_status":"closed","template":"","meta":{"footnotes":""},"class_list":["post-6260","page","type-page","status-publish","hentry"],"_links":{"self":[{"href":"https:\/\/ariktools.com\/de\/wp-json\/wp\/v2\/pages\/6260","targetHints":{"allow":["GET"]}}],"collection":[{"href":"https:\/\/ariktools.com\/de\/wp-json\/wp\/v2\/pages"}],"about":[{"href":"https:\/\/ariktools.com\/de\/wp-json\/wp\/v2\/types\/page"}],"author":[{"embeddable":true,"href":"https:\/\/ariktools.com\/de\/wp-json\/wp\/v2\/users\/1"}],"replies":[{"embeddable":true,"href":"https:\/\/ariktools.com\/de\/wp-json\/wp\/v2\/comments?post=6260"}],"version-history":[{"count":0,"href":"https:\/\/ariktools.com\/de\/wp-json\/wp\/v2\/pages\/6260\/revisions"}],"wp:attachment":[{"href":"https:\/\/ariktools.com\/de\/wp-json\/wp\/v2\/media?parent=6260"}],"curies":[{"name":"wp","href":"https:\/\/api.w.org\/{rel}","templated":true}]}}