{"id":6223,"date":"2025-01-19T11:45:45","date_gmt":"2025-01-19T11:45:45","guid":{"rendered":"https:\/\/ariktools.com\/?page_id=6223"},"modified":"2025-01-19T14:53:43","modified_gmt":"2025-01-19T14:53:43","slug":"copyright-notice","status":"publish","type":"page","link":"https:\/\/ariktools.com\/es\/copyright-notice\/","title":{"rendered":"Aviso de Copyright"},"content":{"rendered":"<div data-elementor-type=\"wp-page\" data-elementor-id=\"6223\" class=\"elementor elementor-6223\" data-elementor-post-type=\"page\">\n\t\t\t\t<div class=\"elementor-element elementor-element-1afe154 e-flex e-con-boxed e-con e-parent\" data-id=\"1afe154\" data-element_type=\"container\" data-e-type=\"container\">\n\t\t\t\t\t<div class=\"e-con-inner\">\n\t\t\t\t<div class=\"elementor-element elementor-element-d3958e1 elementor-widget elementor-widget-text-editor\" data-id=\"d3958e1\" data-element_type=\"widget\" data-e-type=\"widget\" data-widget_type=\"text-editor.default\">\n\t\t\t\t\t\t\t\t\t<p>Todo el contenido de este sitio web, incluidos, entre otros, texto, im\u00e1genes, logotipos, audio, v\u00eddeo, gr\u00e1ficos, dise\u00f1os, c\u00f3digo y software (en lo sucesivo denominados colectivamente \u201cContenido\u201d), est\u00e1 protegido por derechos de autor, marcas registradas y otras leyes de propiedad intelectual, y es propiedad de <strong>Arik<\/strong> o sus licenciantes. Sin autorizaci\u00f3n, ning\u00fan individuo o entidad puede copiar, distribuir, modificar, mostrar o transmitir cualquier contenido de este sitio web en cualquier forma, a menos que se obtenga un permiso expl\u00edcito por escrito.<\/p><p>El Contenido de este sitio web no puede utilizarse con fines comerciales, incluidos, entre otros, la reventa, la concesi\u00f3n de sublicencias, la modificaci\u00f3n o cualquier otra acci\u00f3n que pudiera infringir los derechos de autor de este sitio web o de su Contenido. Cualquier uso no autorizado puede constituir una violaci\u00f3n de nuestros derechos de autor, y nos reservamos el derecho de emprender acciones legales.<\/p><p>Si desea utilizar alguno de los contenidos de este sitio web, p\u00f3ngase en contacto con nosotros para obtener autorizaci\u00f3n. Evaluaremos la solicitud caso por caso y determinaremos si se puede conceder el permiso.<\/p><hr \/><h1><strong>Actualizaciones del aviso de copyright<\/strong><\/h1><p>Podemos actualizar este aviso de copyright en cualquier momento, y el aviso actualizado se publicar\u00e1 en esta p\u00e1gina. Por favor, revise este aviso peri\u00f3dicamente para mantenerse informado sobre la \u00faltima informaci\u00f3n de derechos de autor.<\/p>\t\t\t\t\t\t\t\t<\/div>\n\t\t\t\t\t<\/div>\n\t\t\t\t<\/div>\n\t\t\t\t<\/div>","protected":false},"excerpt":{"rendered":"<p>All content on this website, including but not limited to text, images, logos, audio, video, charts, designs, code, and software (hereinafter collectively referred to as &#8220;Content&#8221;), is protected by copyright, trademark, and other intellectual property laws, and is owned by Arik or its licensors. Without authorization, no individual or entity may copy, distribute, modify, display, [&hellip;]<\/p>","protected":false},"author":1,"featured_media":0,"parent":0,"menu_order":0,"comment_status":"closed","ping_status":"closed","template":"","meta":{"footnotes":""},"class_list":["post-6223","page","type-page","status-publish","hentry"],"_links":{"self":[{"href":"https:\/\/ariktools.com\/es\/wp-json\/wp\/v2\/pages\/6223","targetHints":{"allow":["GET"]}}],"collection":[{"href":"https:\/\/ariktools.com\/es\/wp-json\/wp\/v2\/pages"}],"about":[{"href":"https:\/\/ariktools.com\/es\/wp-json\/wp\/v2\/types\/page"}],"author":[{"embeddable":true,"href":"https:\/\/ariktools.com\/es\/wp-json\/wp\/v2\/users\/1"}],"replies":[{"embeddable":true,"href":"https:\/\/ariktools.com\/es\/wp-json\/wp\/v2\/comments?post=6223"}],"version-history":[{"count":0,"href":"https:\/\/ariktools.com\/es\/wp-json\/wp\/v2\/pages\/6223\/revisions"}],"wp:attachment":[{"href":"https:\/\/ariktools.com\/es\/wp-json\/wp\/v2\/media?parent=6223"}],"curies":[{"name":"wp","href":"https:\/\/api.w.org\/{rel}","templated":true}]}}