{"id":6228,"date":"2025-01-19T11:55:29","date_gmt":"2025-01-19T11:55:29","guid":{"rendered":"https:\/\/ariktools.com\/?page_id=6228"},"modified":"2025-01-19T14:53:45","modified_gmt":"2025-01-19T14:53:45","slug":"disclaimer","status":"publish","type":"page","link":"https:\/\/ariktools.com\/es\/disclaimer\/","title":{"rendered":"Descargo de responsabilidad"},"content":{"rendered":"<div data-elementor-type=\"wp-page\" data-elementor-id=\"6228\" class=\"elementor elementor-6228\" data-elementor-post-type=\"page\">\n\t\t\t\t<div class=\"elementor-element elementor-element-df6fc43 e-flex e-con-boxed e-con e-parent\" data-id=\"df6fc43\" data-element_type=\"container\" data-e-type=\"container\">\n\t\t\t\t\t<div class=\"e-con-inner\">\n\t\t\t\t<div class=\"elementor-element elementor-element-b7058a4 elementor-widget elementor-widget-text-editor\" data-id=\"b7058a4\" data-element_type=\"widget\" data-e-type=\"widget\" data-widget_type=\"text-editor.default\">\n\t\t\t\t\t\t\t\t\t<h3><strong>1. Exactitud de la informaci\u00f3n<\/strong><\/h3><p>Toda la informaci\u00f3n contenida en este sitio web tiene car\u00e1cter meramente informativo. Aunque nos esforzamos por mantener la exactitud y actualidad de la informaci\u00f3n, no ofrecemos garant\u00edas expl\u00edcitas sobre su exactitud, integridad, validez o aplicabilidad en cualquier otra forma. Nos reservamos el derecho a modificar, suprimir o cambiar cualquier informaci\u00f3n en cualquier momento sin previo aviso.<\/p><h3><strong>2. 2. Productos y servicios<\/strong><\/h3><p>Hacemos todo lo posible por garantizar la calidad de los productos y servicios ofrecidos; sin embargo, no aceptamos ninguna responsabilidad por p\u00e9rdidas directas o indirectas causadas por cualquier motivo. Los clientes deben considerar detenidamente sus necesidades y circunstancias antes de seleccionar y adquirir productos o servicios.<\/p><h3><strong>3. Enlaces de terceros<\/strong><\/h3><p>Este sitio web puede contener enlaces a otros sitios web que no est\u00e1n bajo nuestro control. No somos responsables del contenido ni de los servicios prestados por estos sitios web externos. Al acceder a estos enlaces externos, lo hace por su cuenta y riesgo.<\/p><h3><strong>4. Limitaciones del servicio<\/strong><\/h3><p>Nuestro sitio web y nuestros servicios pueden interrumpirse debido a problemas t\u00e9cnicos, mantenimiento u otras circunstancias imprevistas, causando una indisponibilidad temporal. En tales casos, no nos hacemos responsables de las p\u00e9rdidas o repercusiones derivadas de dichas interrupciones.<\/p><h3><strong>5. 5. Limitaci\u00f3n de responsabilidad<\/strong><\/h3><p>Bajo ninguna circunstancia seremos responsables de ning\u00fan da\u00f1o directo, indirecto, incidental, especial o consecuente derivado del uso de este sitio web o de los servicios relacionados, a menos que as\u00ed lo establezca expl\u00edcitamente la ley.<\/p>\t\t\t\t\t\t\t\t<\/div>\n\t\t\t\t\t<\/div>\n\t\t\t\t<\/div>\n\t\t\t\t<\/div>","protected":false},"excerpt":{"rendered":"<p>1. Accuracy of Information All information on this website is for reference only. While we strive to maintain the accuracy and timeliness of the information, we do not make any explicit guarantees regarding its accuracy, completeness, validity, or applicability in any other form. We reserve the right to modify, delete, or change any information at [&hellip;]<\/p>","protected":false},"author":1,"featured_media":0,"parent":0,"menu_order":0,"comment_status":"closed","ping_status":"closed","template":"","meta":{"footnotes":""},"class_list":["post-6228","page","type-page","status-publish","hentry"],"_links":{"self":[{"href":"https:\/\/ariktools.com\/es\/wp-json\/wp\/v2\/pages\/6228","targetHints":{"allow":["GET"]}}],"collection":[{"href":"https:\/\/ariktools.com\/es\/wp-json\/wp\/v2\/pages"}],"about":[{"href":"https:\/\/ariktools.com\/es\/wp-json\/wp\/v2\/types\/page"}],"author":[{"embeddable":true,"href":"https:\/\/ariktools.com\/es\/wp-json\/wp\/v2\/users\/1"}],"replies":[{"embeddable":true,"href":"https:\/\/ariktools.com\/es\/wp-json\/wp\/v2\/comments?post=6228"}],"version-history":[{"count":0,"href":"https:\/\/ariktools.com\/es\/wp-json\/wp\/v2\/pages\/6228\/revisions"}],"wp:attachment":[{"href":"https:\/\/ariktools.com\/es\/wp-json\/wp\/v2\/media?parent=6228"}],"curies":[{"name":"wp","href":"https:\/\/api.w.org\/{rel}","templated":true}]}}