{"id":6233,"date":"2025-01-19T11:58:48","date_gmt":"2025-01-19T11:58:48","guid":{"rendered":"https:\/\/ariktools.com\/?page_id=6233"},"modified":"2025-01-19T14:54:45","modified_gmt":"2025-01-19T14:54:45","slug":"terms-of-use","status":"publish","type":"page","link":"https:\/\/ariktools.com\/es\/terms-of-use\/","title":{"rendered":"Condiciones de uso"},"content":{"rendered":"<div data-elementor-type=\"wp-page\" data-elementor-id=\"6233\" class=\"elementor elementor-6233\" data-elementor-post-type=\"page\">\n\t\t\t\t<div class=\"elementor-element elementor-element-a58582e e-flex e-con-boxed e-con e-parent\" data-id=\"a58582e\" data-element_type=\"container\" data-e-type=\"container\">\n\t\t\t\t\t<div class=\"e-con-inner\">\n\t\t\t\t<div class=\"elementor-element elementor-element-f4a4436 elementor-widget elementor-widget-text-editor\" data-id=\"f4a4436\" data-element_type=\"widget\" data-e-type=\"widget\" data-widget_type=\"text-editor.default\">\n\t\t\t\t\t\t\t\t\t<p>Bienvenido a nuestro sitio web (en lo sucesivo, \u201cel Sitio\u201d). Antes de utilizar el Sitio, lea atentamente las siguientes condiciones (en lo sucesivo, las \u201cCondiciones de uso\u201d). Este sitio web est\u00e1 gestionado por <strong>Arik<\/strong>. Al acceder o utilizar el Sitio, usted acepta cumplir estas Condiciones de uso. Si no acepta estas condiciones, no utilice el Sitio.<\/p><hr \/><h3><strong>1. Contenido del sitio<\/strong><\/h3><p>Todo el contenido proporcionado en el Sitio, incluidos, entre otros, texto, im\u00e1genes, gr\u00e1ficos, v\u00eddeos, audio, logotipos, marcas comerciales, software, c\u00f3digo, dise\u00f1os y maquetaciones (denominados colectivamente \u201cContenido\u201d), es propiedad de <strong>Arik<\/strong> o sus proveedores de contenidos y est\u00e1 protegido por las leyes de derechos de autor y propiedad intelectual. Queda prohibida la copia, reproducci\u00f3n, modificaci\u00f3n, publicaci\u00f3n o difusi\u00f3n no autorizada de cualquier Contenido del Sitio.<\/p><hr \/><h3><strong>2. Conducta del usuario<\/strong><\/h3><p>Al utilizar el Sitio, usted se compromete a cumplir todas las leyes y reglamentos aplicables, y no deber\u00e1:<\/p><ul><li>Cargar o publicar contenidos que infrinjan los derechos de autor, marca comercial u otros derechos de propiedad intelectual de terceros.<\/li><li>Distribuir malware, virus u otro software da\u00f1ino.<\/li><li>Interrumpir o interferir en el funcionamiento normal del Sitio.<\/li><li>Utilizar el Sitio para actividades ilegales, fraudulentas o contrarias a la \u00e9tica.<\/li><\/ul><hr \/><h3><strong>3. Cuentas de usuario<\/strong><\/h3><p>En algunos casos, es posible que deba crear una cuenta para acceder a determinadas funciones del Sitio. Usted se compromete a facilitar informaci\u00f3n veraz, precisa y completa y a actualizar puntualmente los datos de su cuenta. Usted es responsable de su cuenta y de garantizar que todas las actividades sean realizadas por usted o por sus representantes autorizados.<\/p><hr \/><h3><strong>4. Enlaces<\/strong><\/h3><p>El Sitio puede contener enlaces a sitios web de terceros para su comodidad. No somos responsables del contenido de estos sitios web externos y no respaldamos ni apoyamos el contenido que se encuentra en estos sitios.<\/p><hr \/><h3><strong>5. Descargo de responsabilidad<\/strong><\/h3><p>Todos los Contenidos, servicios y funciones proporcionados en el Sitio se ofrecen \u201ctal cual\u201d, y no garantizamos la exactitud, integridad o aplicabilidad de ning\u00fan Contenido o servicio. No garantizamos la continuidad, funcionalidad o seguridad del Sitio. Los usuarios asumen todos los riesgos asociados al uso del Sitio.<\/p><hr \/><h3><strong>6. Limitaci\u00f3n de responsabilidad<\/strong><\/h3><p>En la medida en que lo permita la ley, <strong>Arik<\/strong> y sus filiales no ser\u00e1n responsables de ning\u00fan da\u00f1o directo, indirecto, incidental, especial, consecuente o punitivo derivado del uso o de la imposibilidad de usar el Sitio.<\/p><hr \/><h3><strong>7. 7. Pol\u00edtica de privacidad<\/strong><\/h3><p>Al utilizar el Sitio, usted acepta nuestra Pol\u00edtica de privacidad. Revise nuestra Pol\u00edtica de privacidad para comprender c\u00f3mo recopilamos, utilizamos y protegemos su informaci\u00f3n personal.<\/p><hr \/><h3><strong>8. Modificaciones y actualizaciones<\/strong><\/h3><p>Nos reservamos el derecho a modificar o actualizar estas Condiciones de uso en cualquier momento. Cualquier cambio entrar\u00e1 en vigor inmediatamente y se publicar\u00e1 en esta p\u00e1gina. Por favor, revise esta p\u00e1gina peri\u00f3dicamente para asegurarse de que conoce las \u00faltimas Condiciones de Uso.<\/p><hr \/><h3><strong>9. Ley aplicable y resoluci\u00f3n de litigios<\/strong><\/h3><p>Estas Condiciones de uso se rigen por las leyes de [Jurisdicci\u00f3n aplicable]. Cualquier controversia derivada del uso del Sitio se someter\u00e1 a la resoluci\u00f3n de [Tribunal u organismo de arbitraje designado].<\/p><hr \/><h3><strong>10. Informaci\u00f3n de contacto<\/strong><\/h3><p>Si tiene alguna pregunta o sugerencia, no dude en ponerse en contacto con nosotros.<\/p>\t\t\t\t\t\t\t\t<\/div>\n\t\t\t\t\t<\/div>\n\t\t\t\t<\/div>\n\t\t\t\t<\/div>","protected":false},"excerpt":{"rendered":"<p>Welcome to our website (hereinafter referred to as &#8220;the Site&#8221;). Before using the Site, please carefully read the following terms and conditions (hereinafter referred to as the &#8220;Terms of Use&#8221;). This website is operated by Arik. By accessing or using the Site, you agree to comply with these Terms of Use. If you do not [&hellip;]<\/p>","protected":false},"author":1,"featured_media":0,"parent":0,"menu_order":0,"comment_status":"closed","ping_status":"closed","template":"","meta":{"footnotes":""},"class_list":["post-6233","page","type-page","status-publish","hentry"],"_links":{"self":[{"href":"https:\/\/ariktools.com\/es\/wp-json\/wp\/v2\/pages\/6233","targetHints":{"allow":["GET"]}}],"collection":[{"href":"https:\/\/ariktools.com\/es\/wp-json\/wp\/v2\/pages"}],"about":[{"href":"https:\/\/ariktools.com\/es\/wp-json\/wp\/v2\/types\/page"}],"author":[{"embeddable":true,"href":"https:\/\/ariktools.com\/es\/wp-json\/wp\/v2\/users\/1"}],"replies":[{"embeddable":true,"href":"https:\/\/ariktools.com\/es\/wp-json\/wp\/v2\/comments?post=6233"}],"version-history":[{"count":0,"href":"https:\/\/ariktools.com\/es\/wp-json\/wp\/v2\/pages\/6233\/revisions"}],"wp:attachment":[{"href":"https:\/\/ariktools.com\/es\/wp-json\/wp\/v2\/media?parent=6233"}],"curies":[{"name":"wp","href":"https:\/\/api.w.org\/{rel}","templated":true}]}}