{"id":6239,"date":"2025-01-19T12:04:27","date_gmt":"2025-01-19T12:04:27","guid":{"rendered":"https:\/\/ariktools.com\/?page_id=6239"},"modified":"2025-01-19T14:54:08","modified_gmt":"2025-01-19T14:54:08","slug":"privacy-policy","status":"publish","type":"page","link":"https:\/\/ariktools.com\/es\/privacy-policy\/","title":{"rendered":"Pol\u00edtica de privacidad"},"content":{"rendered":"<div data-elementor-type=\"wp-page\" data-elementor-id=\"6239\" class=\"elementor elementor-6239\" data-elementor-post-type=\"page\">\n\t\t\t\t<div class=\"elementor-element elementor-element-f0b720f e-flex e-con-boxed e-con e-parent\" data-id=\"f0b720f\" data-element_type=\"container\" data-e-type=\"container\">\n\t\t\t\t\t<div class=\"e-con-inner\">\n\t\t\t\t<div class=\"elementor-element elementor-element-cd10f9f elementor-widget elementor-widget-text-editor\" data-id=\"cd10f9f\" data-element_type=\"widget\" data-e-type=\"widget\" data-widget_type=\"text-editor.default\">\n\t\t\t\t\t\t\t\t\t<p>Para proteger su privacidad, nos tomamos muy en serio la seguridad de su informaci\u00f3n personal. Nuestra p\u00e1gina de Pol\u00edtica de privacidad detalla c\u00f3mo recopilamos, utilizamos y protegemos su informaci\u00f3n. Haga clic en el siguiente enlace para consultar la Pol\u00edtica de privacidad completa y obtener m\u00e1s informaci\u00f3n sobre el tratamiento de sus datos.<br \/>[Pol\u00edtica de privacidad]<\/p><p>En esta p\u00e1gina, aprender\u00e1 sobre:<\/p><ol><li><strong>Recogida de informaci\u00f3n<\/strong>: C\u00f3mo recopilamos su informaci\u00f3n personal y los fines para los que se recopila.<\/li><li><strong>Uso de la informaci\u00f3n<\/strong>: C\u00f3mo utilizamos esta informaci\u00f3n para mejorar nuestros servicios y ofrecerle una mejor experiencia.<\/li><li><strong>Protecci\u00f3n de la informaci\u00f3n<\/strong>: Las medidas que tomamos para garantizar la seguridad de su informaci\u00f3n personal.<\/li><li><strong>Uso compartido por terceros<\/strong>: Si compartimos su informaci\u00f3n con terceros y en qu\u00e9 circunstancias lo hacemos.<\/li><\/ol><p>Nos comprometemos a proteger su privacidad y a garantizar que su informaci\u00f3n s\u00f3lo se utilice para fines comerciales leg\u00edtimos. Si tiene alguna pregunta o necesita m\u00e1s informaci\u00f3n, no dude en ponerse en contacto con nosotros.<\/p>\t\t\t\t\t\t\t\t<\/div>\n\t\t\t\t\t<\/div>\n\t\t\t\t<\/div>\n\t\t\t\t<\/div>","protected":false},"excerpt":{"rendered":"<p>Para proteger su privacidad, nos tomamos muy en serio la seguridad de su informaci\u00f3n personal. Nuestra p\u00e1gina de Pol\u00edtica de privacidad detalla c\u00f3mo recopilamos, utilizamos y protegemos su informaci\u00f3n. Haga clic en el siguiente enlace para consultar la Pol\u00edtica de privacidad completa y obtener m\u00e1s informaci\u00f3n sobre el tratamiento de sus datos [Pol\u00edtica de privacidad]: [...]<\/p>","protected":false},"author":1,"featured_media":0,"parent":0,"menu_order":0,"comment_status":"closed","ping_status":"closed","template":"","meta":{"footnotes":""},"class_list":["post-6239","page","type-page","status-publish","hentry"],"_links":{"self":[{"href":"https:\/\/ariktools.com\/es\/wp-json\/wp\/v2\/pages\/6239","targetHints":{"allow":["GET"]}}],"collection":[{"href":"https:\/\/ariktools.com\/es\/wp-json\/wp\/v2\/pages"}],"about":[{"href":"https:\/\/ariktools.com\/es\/wp-json\/wp\/v2\/types\/page"}],"author":[{"embeddable":true,"href":"https:\/\/ariktools.com\/es\/wp-json\/wp\/v2\/users\/1"}],"replies":[{"embeddable":true,"href":"https:\/\/ariktools.com\/es\/wp-json\/wp\/v2\/comments?post=6239"}],"version-history":[{"count":0,"href":"https:\/\/ariktools.com\/es\/wp-json\/wp\/v2\/pages\/6239\/revisions"}],"wp:attachment":[{"href":"https:\/\/ariktools.com\/es\/wp-json\/wp\/v2\/media?parent=6239"}],"curies":[{"name":"wp","href":"https:\/\/api.w.org\/{rel}","templated":true}]}}