{"id":6255,"date":"2025-01-19T13:57:00","date_gmt":"2025-01-19T13:57:00","guid":{"rendered":"https:\/\/ariktools.com\/?page_id=6255"},"modified":"2025-01-19T13:58:32","modified_gmt":"2025-01-19T13:58:32","slug":"shipping-policy","status":"publish","type":"page","link":"https:\/\/ariktools.com\/es\/shipping-policy\/","title":{"rendered":"Pol\u00edtica de env\u00edos"},"content":{"rendered":"<div data-elementor-type=\"wp-page\" data-elementor-id=\"6255\" class=\"elementor elementor-6255\" data-elementor-post-type=\"page\">\n\t\t\t\t<div class=\"elementor-element elementor-element-8a21d19 e-flex e-con-boxed e-con e-parent\" data-id=\"8a21d19\" data-element_type=\"container\" data-e-type=\"container\">\n\t\t\t\t\t<div class=\"e-con-inner\">\n\t\t<div class=\"elementor-element elementor-element-66b9275 e-con-full e-flex e-con e-child\" data-id=\"66b9275\" data-element_type=\"container\" data-e-type=\"container\">\n\t\t\t\t<div class=\"elementor-element elementor-element-9810b3f elementor-widget elementor-widget-text-editor\" data-id=\"9810b3f\" data-element_type=\"widget\" data-e-type=\"widget\" data-widget_type=\"text-editor.default\">\n\t\t\t\t\t\t\t\t\t<p>Gracias por comprar con nosotros. Nos esforzamos por ofrecer una experiencia de compra fluida y eficiente. Por favor, revise nuestra pol\u00edtica de env\u00edo para todos los detalles importantes con respecto a su pedido.<\/p><p><strong>1. Lugares de env\u00edo:<\/strong> Actualmente realizamos env\u00edos a la mayor\u00eda de regiones del mundo. Si su pa\u00eds no aparece en la lista, p\u00f3ngase en contacto con nuestro equipo de atenci\u00f3n al cliente para obtener m\u00e1s ayuda.<\/p><p><strong>2. Tiempo de env\u00edo:<\/strong><\/p><ul><li><strong>Env\u00edo est\u00e1ndar:<\/strong> Los pedidos se procesan normalmente en un plazo de 1 a 3 d\u00edas laborables y se entregan en un plazo de 5 a 7 d\u00edas laborables, dependiendo de su ubicaci\u00f3n.<\/li><li><strong>Env\u00edo urgente:<\/strong> Para una entrega m\u00e1s r\u00e1pida, las opciones de env\u00edo acelerado est\u00e1n disponibles en la caja. Los pedidos urgentes se procesan y env\u00edan en 1 d\u00eda laborable.<\/li><\/ul><p>Tenga en cuenta que los plazos de tramitaci\u00f3n pueden variar en periodos vacacionales o promocionales.<\/p><p><strong>3. Gastos de env\u00edo:<\/strong><\/p><ul><li><strong>Env\u00edo gratuito:<\/strong> Ofrecemos env\u00edo est\u00e1ndar gratuito en pedidos superiores a $50.<\/li><li><strong>Tarifa plana:<\/strong> Se aplicar\u00e1 una tarifa plana de env\u00edo a los pedidos inferiores a $50, en funci\u00f3n del destino.<\/li><\/ul><p><strong>4. Seguimiento de su pedido:<\/strong> Una vez enviado su pedido, recibir\u00e1 un correo electr\u00f3nico de confirmaci\u00f3n con informaci\u00f3n de seguimiento. Puede realizar el seguimiento de su paquete en cualquier momento a trav\u00e9s del enlace proporcionado.<\/p><p><strong>5. 5. Retrasos en el env\u00edo:<\/strong> Aunque hacemos todo lo posible para garantizar una entrega puntual, en ocasiones pueden producirse retrasos en los env\u00edos debido a factores como el clima, las vacaciones o problemas relacionados con el transportista. Si su env\u00edo se retrasa, p\u00f3ngase en contacto con nuestro equipo de atenci\u00f3n al cliente para obtener ayuda.<\/p><p><strong>6. Env\u00edo internacional:<\/strong> En los pedidos internacionales pueden aplicarse gastos de env\u00edo, derechos de aduana e impuestos adicionales. Estos gastos son responsabilidad del cliente y se calcular\u00e1n durante el proceso de compra.<\/p><p><strong>7. Exactitud de la direcci\u00f3n:<\/strong> Por favor, aseg\u00farese de que su direcci\u00f3n de env\u00edo es correcta y completa para evitar retrasos. No nos hacemos responsables de los pedidos perdidos o retrasados debido a direcciones incorrectas.<\/p><p><strong>8. Cuestiones de orden:<\/strong> Si tiene alg\u00fan problema con su pedido, como art\u00edculos da\u00f1ados o que faltan, p\u00f3ngase en contacto con nuestro equipo de atenci\u00f3n al cliente en los 7 d\u00edas siguientes a la recepci\u00f3n del paquete. Le ayudaremos a resolver cualquier problema lo antes posible.<\/p><p><strong>9. <a href=\"\/es\/contact\/\">Contacte con nosotros<\/a>:<\/strong> Para m\u00e1s detalles sobre el env\u00edo o si tiene alguna pregunta sobre su pedido, p\u00f3ngase en contacto con nosotros en [correo electr\u00f3nico\/n\u00famero de tel\u00e9fono de atenci\u00f3n al cliente]. Estaremos encantados de ayudarle.<\/p><p>Gracias por elegirnos. Apreciamos su negocio y nos comprometemos a entregar su pedido de la manera m\u00e1s eficiente posible.<\/p>\t\t\t\t\t\t\t\t<\/div>\n\t\t\t\t<\/div>\n\t\t\t\t\t<\/div>\n\t\t\t\t<\/div>\n\t\t\t\t<\/div>","protected":false},"excerpt":{"rendered":"<p>Gracias por comprar con nosotros. Nos esforzamos por ofrecer una experiencia de compra fluida y eficiente. Por favor, revise nuestra pol\u00edtica de env\u00edo para todos los detalles importantes con respecto a su pedido. 1. 1. Lugares de env\u00edo: Actualmente enviamos a la mayor\u00eda de las regiones de todo el mundo. Si su pa\u00eds no aparece en la lista, p\u00f3ngase en contacto con nuestro equipo de atenci\u00f3n al cliente para obtener m\u00e1s ayuda. 2. [...]<\/p>","protected":false},"author":1,"featured_media":0,"parent":0,"menu_order":0,"comment_status":"closed","ping_status":"closed","template":"","meta":{"footnotes":""},"class_list":["post-6255","page","type-page","status-publish","hentry"],"_links":{"self":[{"href":"https:\/\/ariktools.com\/es\/wp-json\/wp\/v2\/pages\/6255","targetHints":{"allow":["GET"]}}],"collection":[{"href":"https:\/\/ariktools.com\/es\/wp-json\/wp\/v2\/pages"}],"about":[{"href":"https:\/\/ariktools.com\/es\/wp-json\/wp\/v2\/types\/page"}],"author":[{"embeddable":true,"href":"https:\/\/ariktools.com\/es\/wp-json\/wp\/v2\/users\/1"}],"replies":[{"embeddable":true,"href":"https:\/\/ariktools.com\/es\/wp-json\/wp\/v2\/comments?post=6255"}],"version-history":[{"count":0,"href":"https:\/\/ariktools.com\/es\/wp-json\/wp\/v2\/pages\/6255\/revisions"}],"wp:attachment":[{"href":"https:\/\/ariktools.com\/es\/wp-json\/wp\/v2\/media?parent=6255"}],"curies":[{"name":"wp","href":"https:\/\/api.w.org\/{rel}","templated":true}]}}