{"id":7792,"date":"2025-02-23T06:44:44","date_gmt":"2025-02-23T06:44:44","guid":{"rendered":"https:\/\/ariktools.com\/?post_type=product&#038;p=7792"},"modified":"2025-11-03T13:35:06","modified_gmt":"2025-11-03T13:35:06","slug":"pvc-strip-cutter","status":"publish","type":"product","link":"https:\/\/ariktools.com\/es\/product\/pvc-strip-cutter\/","title":{"rendered":"Cortadora de tiras de PVC"},"content":{"rendered":"<div data-elementor-type=\"product-post\" data-elementor-id=\"7792\" class=\"elementor elementor-7792\" data-elementor-post-type=\"product\">\n\t\t\t\t<div class=\"elementor-element elementor-element-996fdfb e-flex e-con-boxed e-con e-parent\" data-id=\"996fdfb\" data-element_type=\"container\" data-e-type=\"container\">\n\t\t\t\t\t<div class=\"e-con-inner\">\n\t\t<div class=\"elementor-element elementor-element-e926477 e-con-full e-flex e-con e-child\" data-id=\"e926477\" data-element_type=\"container\" data-e-type=\"container\">\n\t\t<div class=\"elementor-element elementor-element-b9e3ed3 e-con-full e-flex e-con e-child\" data-id=\"b9e3ed3\" data-element_type=\"container\" data-e-type=\"container\">\n\t\t<div class=\"elementor-element elementor-element-61b2b66 e-con-full e-flex e-con e-child\" data-id=\"61b2b66\" data-element_type=\"container\" data-e-type=\"container\">\n\t\t\t\t<div class=\"elementor-element elementor-element-890c82a elementor-widget elementor-widget-heading\" data-id=\"890c82a\" data-element_type=\"widget\" data-e-type=\"widget\" data-widget_type=\"heading.default\">\n\t\t\t\t\t<h2 class=\"elementor-heading-title elementor-size-default\">Obtenga su presupuesto ahora<\/h2>\t\t\t\t<\/div>\n\t\t\t\t<div class=\"elementor-element elementor-element-edc6be0 elementor-widget elementor-widget-text-editor\" data-id=\"edc6be0\" data-element_type=\"widget\" data-e-type=\"widget\" data-widget_type=\"text-editor.default\">\n\t\t\t\t\t\t\t\t\t<ul data-start=\"147\" data-end=\"307\"><li data-start=\"147\" data-end=\"196\"><strong data-start=\"149\" data-end=\"196\">P\u00f3ngase en contacto con nosotros para obtener un presupuesto personalizado.<\/strong><\/li><li data-start=\"197\" data-end=\"237\"><strong data-start=\"199\" data-end=\"237\">Ahorre m\u00e1s con nuestros precios directos<\/strong><\/li><li data-start=\"238\" data-end=\"273\"><strong data-start=\"240\" data-end=\"273\">Precios al por mayor competitivos.<\/strong><\/li><li data-start=\"274\" data-end=\"307\"><strong data-start=\"276\" data-end=\"307\">Sin intermediarios, mejores ofertas.<\/strong><\/li><\/ul>\t\t\t\t\t\t\t\t<\/div>\n\t\t\t\t<div class=\"elementor-element elementor-element-7ae980e elementor-widget__width-initial elementor-widget elementor-widget-image\" data-id=\"7ae980e\" data-element_type=\"widget\" data-e-type=\"widget\" data-widget_type=\"image.default\">\n\t\t\t\t\t\t\t\t\t\t\t\t\t\t\t\t<a href=\"https:\/\/ariktools.com\/wp-content\/uploads\/2025\/10\/Product_Catalog_2025_ARIK.pdf\">\n\t\t\t\t\t\t\t<img fetchpriority=\"high\" decoding=\"async\" width=\"900\" height=\"626\" src=\"https:\/\/ariktools.com\/wp-content\/uploads\/2025\/02\/Product_Catalog_2025_ARIK_page.jpg\" class=\"attachment-large size-large wp-image-9117\" alt=\"\" srcset=\"https:\/\/ariktools.com\/wp-content\/uploads\/2025\/02\/Product_Catalog_2025_ARIK_page.jpg 1000w, https:\/\/ariktools.com\/wp-content\/uploads\/2025\/02\/Product_Catalog_2025_ARIK_page-300x209.jpg 300w, https:\/\/ariktools.com\/wp-content\/uploads\/2025\/02\/Product_Catalog_2025_ARIK_page-768x534.jpg 768w, https:\/\/ariktools.com\/wp-content\/uploads\/2025\/02\/Product_Catalog_2025_ARIK_page-800x556.jpg 800w\" sizes=\"(max-width: 900px) 100vw, 900px\" \/>\t\t\t\t\t\t\t\t<\/a>\n\t\t\t\t\t\t\t\t\t\t\t\t\t\t\t<\/div>\n\t\t\t\t<div class=\"elementor-element elementor-element-5e09641 elementor-align-left elementor-widget__width-initial elementor-button-default elementor-widget elementor-widget-button\" data-id=\"5e09641\" data-element_type=\"widget\" data-e-type=\"widget\" data-widget_type=\"button.default\">\n\t\t\t\t\t\t\t\t\t\t<a class=\"elementor-button elementor-button-link elementor-size-sm\" href=\"https:\/\/ariktools.com\/wp-content\/uploads\/2025\/10\/Product_Catalog_2025_ARIK.pdf\">\n\t\t\t\t\t\t<span class=\"elementor-button-content-wrapper\">\n\t\t\t\t\t\t\t\t\t<span class=\"elementor-button-text\">Haga clic para ver el cat\u00e1logo<\/span>\n\t\t\t\t\t<\/span>\n\t\t\t\t\t<\/a>\n\t\t\t\t\t\t\t\t<\/div>\n\t\t\t\t<\/div>\n\t\t<div class=\"elementor-element elementor-element-83b0afc e-con-full e-flex e-con e-child\" data-id=\"83b0afc\" data-element_type=\"container\" data-e-type=\"container\">\n\t\t\t\t<div class=\"elementor-element elementor-element-c59c9b5 elementor-widget__width-initial elementor-widget elementor-widget-wpforms\" data-id=\"c59c9b5\" data-element_type=\"widget\" data-e-type=\"widget\" data-widget_type=\"wpforms.default\">\n\t\t\t\t<div class=\"elementor-widget-container\">\n\t\t\t\t\t<div class=\"wpforms-container\" id=\"wpforms-7936\"><form id=\"wpforms-form-7936\" class=\"wpforms-validate wpforms-form wpforms-ajax-form\" data-formid=\"7936\" method=\"post\" enctype=\"multipart\/form-data\" action=\"\/es\/wp-json\/wp\/v2\/product\/7792\" data-token=\"a0dd52e9fc1c81affebda9f669a57705\" data-token-time=\"1777959087\" data-trp-original-action=\"\/es\/wp-json\/wp\/v2\/product\/7792\"><noscript class=\"wpforms-error-noscript\">Por favor, activa JavaScript en tu navegador para completar este formulario.<\/noscript><div class=\"wpforms-field-container\"><div id=\"wpforms-7936-field_1-container\" class=\"wpforms-field wpforms-field-name\" data-field-id=\"1\"><label class=\"wpforms-field-label\" for=\"wpforms-7936-field_1\">Nombre <span class=\"wpforms-required-label\">*<\/span><\/label><input type=\"text\" id=\"wpforms-7936-field_1\" class=\"wpforms-field-medium wpforms-field-required\" name=\"wpforms[fields][1]\" required><\/div>\t\t<div id=\"wpforms-7936-field_4-container\"\n\t\t\tclass=\"wpforms-field wpforms-field-text\"\n\t\t\tdata-field-type=\"text\"\n\t\t\tdata-field-id=\"4\"\n\t\t\t>\n\t\t\t<label class=\"wpforms-field-label\" for=\"wpforms-7936-field_4\" >o Comentar mensaje<\/label>\n\t\t\t<input type=\"text\" id=\"wpforms-7936-field_4\" class=\"wpforms-field-medium\" name=\"wpforms[fields][4]\" >\n\t\t<\/div>\n\t\t<div id=\"wpforms-7936-field_2-container\" class=\"wpforms-field wpforms-field-email\" data-field-id=\"2\"><label class=\"wpforms-field-label\" for=\"wpforms-7936-field_2\">Correo electr\u00f3nico <span class=\"wpforms-required-label\">*<\/span><\/label><input type=\"email\" id=\"wpforms-7936-field_2\" class=\"wpforms-field-medium wpforms-field-required\" name=\"wpforms[fields][2]\" spellcheck=\"false\" required><\/div><div id=\"wpforms-7936-field_3-container\" class=\"wpforms-field wpforms-field-textarea\" data-field-id=\"3\"><label class=\"wpforms-field-label\" for=\"wpforms-7936-field_3\">Comentario o mensaje <span class=\"wpforms-required-label\">*<\/span><\/label><textarea id=\"wpforms-7936-field_3\" class=\"wpforms-field-medium wpforms-field-required\" name=\"wpforms[fields][3]\" required><\/textarea><\/div><script>\n\t\t\t\t( function() {\n\t\t\t\t\tconst style = document.createElement( 'style' );\n\t\t\t\t\tstyle.appendChild( document.createTextNode( '#wpforms-7936-field_4-container { position: absolute !important; overflow: hidden !important; display: inline !important; height: 1px !important; width: 1px !important; z-index: -1000 !important; padding: 0 !important; } #wpforms-7936-field_4-container input { visibility: hidden; } #wpforms-conversational-form-page #wpforms-7936-field_4-container label { counter-increment: none; }' ) );\n\t\t\t\t\tdocument.head.appendChild( style );\n\t\t\t\t\tdocument.currentScript?.remove();\n\t\t\t\t} )();\n\t\t\t<\/script><\/div><!-- .wpforms-field-container --><div class=\"wpforms-submit-container\" ><input type=\"hidden\" name=\"wpforms[id]\" value=\"7936\"><input type=\"hidden\" name=\"page_title\" value=\"\"><input type=\"hidden\" name=\"page_url\" value=\"https:\/\/ariktools.com\/es\/wp-json\/wp\/v2\/product\/7792\"><input type=\"hidden\" name=\"url_referer\" value=\"\"><button type=\"submit\" name=\"wpforms[submit]\" id=\"wpforms-submit-7936\" class=\"wpforms-submit\" data-alt-text=\"Sending...\" data-submit-text=\"Submit\" aria-live=\"assertive\" value=\"wpforms-submit\">Enviar<\/button><img decoding=\"async\" src=\"https:\/\/ariktools.com\/wp-content\/plugins\/wpforms-lite\/assets\/images\/submit-spin.svg\" class=\"wpforms-submit-spinner\" style=\"display: none;\" width=\"26\" height=\"26\" alt=\"Cargando\"><\/div><input type=\"hidden\" name=\"trp-form-language\" value=\"es\"\/><\/form><\/div>  <!-- .wpforms-container -->\t\t\t\t<\/div>\n\t\t\t\t<\/div>\n\t\t\t\t<\/div>\n\t\t\t\t<\/div>\n\t\t\t\t<\/div>\n\t\t\t\t\t<\/div>\n\t\t\t\t<\/div>\n\t\t<div class=\"elementor-element elementor-element-e713ce1 e-flex e-con-boxed e-con e-parent\" data-id=\"e713ce1\" data-element_type=\"container\" data-e-type=\"container\">\n\t\t\t\t\t<div class=\"e-con-inner\">\n\t\t\t\t<div class=\"elementor-element elementor-element-9f6c9b2 elementor-widget elementor-widget-text-editor\" data-id=\"9f6c9b2\" data-element_type=\"widget\" data-e-type=\"widget\" data-widget_type=\"text-editor.default\">\n\t\t\t\t\t\t\t\t\t<table dir=\"ltr\" border=\"1\" cellspacing=\"0\" cellpadding=\"0\" data-sheets-root=\"1\" data-sheets-baot=\"1\"><colgroup> <col width=\"197\" \/> <col width=\"763\" \/><\/colgroup><tbody><tr><td><h6>Par\u00e1metro<\/h6><\/td><td><h6>Detalles<\/h6><\/td><\/tr><tr><td>Nombre del producto<\/td><td>Cortadora de tiras de PVC<\/td><\/tr><tr><td>Material<\/td><td>Aleaci\u00f3n de aluminio, ligera, duradera y resistente a la corrosi\u00f3n<\/td><\/tr><tr><td>Color<\/td><td>Verde hierba (personalizable)<\/td><\/tr><tr><td>Longitud de varilla est\u00e1ndar<\/td><td>Varilla de 12 pulgadas + 20 pulgadas (incluye varilla de 12 pulgadas)<\/td><\/tr><tr><td>Tipo de cuchilla<\/td><td>Cuchilla de gancho grande (incluye una caja de cuchillas extra)<\/td><\/tr><tr><td>Espesor m\u00e1ximo de corte<\/td><td>0,2 pulgadas<\/td><\/tr><tr><td>Opciones de longitud de varilla<\/td><td>12 pulgadas (est\u00e1ndar), 20 pulgadas, 40 pulgadas (opcional)<\/td><\/tr><tr><td>Peso<\/td><td>Est\u00e1ndar: 7,3 lbs; ca\u00f1a de 20 pulgadas: 2,4 lbs; ca\u00f1a de 40 pulgadas: 4.0 lbs<\/td><\/tr><tr><td>Varilla opcional<\/td><td>Varilla de 1 metro (se vende por separado, no incluye cuchilla ni mango de aleaci\u00f3n de aluminio)<\/td><\/tr><tr><td>Materiales adecuados<\/td><td>Suelos de PVC, suelos de caucho, otros materiales pl\u00e1sticos blandos para suelos<\/td><\/tr><tr><td>Utilizaci\u00f3n<\/td><td>Se utiliza para recortar bordes y cortar con precisi\u00f3n las costuras del suelo<\/td><\/tr><tr><td>Escenas de aplicaci\u00f3n<\/td><td>Adecuada para el tratamiento de juntas de suelos, recorte de bordes y corte de PVC, caucho y otros materiales pl\u00e1sticos blandos para suelos<\/td><\/tr><tr><td>Configuraciones y extras<\/td><td>Configuraci\u00f3n 1: ca\u00f1a de 20 pulgadas + 1x ca\u00f1a de 12 pulgadas<br \/>Configuraci\u00f3n 2: ca\u00f1a de 40 pulgadas + 1 ca\u00f1a de 12 pulgadas<br \/>Configuraci\u00f3n 3: ca\u00f1a de 40 pulgadas + ca\u00f1a de 20 pulgadas + 1 ca\u00f1a de 12 pulgadas<\/td><\/tr><tr><td>Sustituci\u00f3n de cuchillas<\/td><td>Las cuchillas pueden sustituirse f\u00e1cilmente seg\u00fan sea necesario, garantizando un corte de alto rendimiento a largo plazo<\/td><\/tr><\/tbody><\/table>\t\t\t\t\t\t\t\t<\/div>\n\t\t\t\t\t<\/div>\n\t\t\t\t<\/div>\n\t\t<div class=\"elementor-element elementor-element-be3ae51 e-flex e-con-boxed e-con e-parent\" data-id=\"be3ae51\" data-element_type=\"container\" data-e-type=\"container\">\n\t\t\t\t\t<div class=\"e-con-inner\">\n\t\t\t\t<div class=\"elementor-element elementor-element-4cf8e2a elementor-widget elementor-widget-text-editor\" data-id=\"4cf8e2a\" data-element_type=\"widget\" data-e-type=\"widget\" data-widget_type=\"text-editor.default\">\n\t\t\t\t\t\t\t\t\t<h4 data-start=\"136\" data-end=\"153\"><strong data-start=\"141\" data-end=\"153\">Caracter\u00edsticas<\/strong><\/h4><ul data-start=\"155\" data-end=\"1081\"><li data-start=\"155\" data-end=\"374\"><p data-start=\"157\" data-end=\"374\"><strong data-start=\"157\" data-end=\"196\">Construcci\u00f3n de aleaci\u00f3n de aluminio de primera calidad<\/strong><br data-start=\"196\" data-end=\"199\" \/>Fabricada con una aleaci\u00f3n de aluminio ligera y resistente a la corrosi\u00f3n, esta cortadora de tiras de PVC garantiza durabilidad y estabilidad, por lo que es ideal para tareas de corte de suelos de alta frecuencia.<\/p><\/li><li data-start=\"376\" data-end=\"574\"><p data-start=\"378\" data-end=\"574\"><strong data-start=\"378\" data-end=\"399\">Corte de precisi\u00f3n<\/strong><br data-start=\"399\" data-end=\"402\" \/>Equipada con una gran cuchilla de gancho, proporciona cortes precisos para suelos de PVC, suelos de goma y otros materiales, por lo que es perfecta para el recorte de bordes y el tratamiento de costuras.<\/p><\/li><li data-start=\"576\" data-end=\"725\"><p data-start=\"578\" data-end=\"725\"><strong data-start=\"578\" data-end=\"603\">Longitudes de ca\u00f1a vers\u00e1tiles<\/strong><br data-start=\"603\" data-end=\"606\" \/>Elija entre barras de 12, 20 y 40 pulgadas para adaptarse a sus necesidades de corte, ya sea para costuras en el suelo o recorte de bordes.<\/p><\/li><li data-start=\"727\" data-end=\"887\"><p data-start=\"729\" data-end=\"887\"><strong data-start=\"729\" data-end=\"763\">Tratamiento eficaz de las juntas del suelo<\/strong><br data-start=\"763\" data-end=\"766\" \/>Perfecta para cortar juntas en suelos de PVC y caucho, garantizando acabados pulcros y profesionales en los bordes de instalaci\u00f3n del suelo.<\/p><\/li><li data-start=\"889\" data-end=\"1081\"><p data-start=\"891\" data-end=\"1081\"><strong data-start=\"891\" data-end=\"925\">Opciones de configuraci\u00f3n flexibles<\/strong><br data-start=\"925\" data-end=\"928\" \/>Con longitudes de varilla personalizables y m\u00faltiples opciones de configuraci\u00f3n (incluidas varillas adicionales), los usuarios pueden ajustar la cortadora a requisitos de corte espec\u00edficos.<\/p><\/li><\/ul><hr data-start=\"1083\" data-end=\"1086\" \/><h4 data-start=\"1088\" data-end=\"1117\"><strong data-start=\"1093\" data-end=\"1117\">Instrucciones de uso<\/strong><\/h4><ol data-start=\"1119\" data-end=\"2034\"><li data-start=\"1119\" data-end=\"1303\"><p data-start=\"1122\" data-end=\"1139\"><strong data-start=\"1122\" data-end=\"1137\">Preparaci\u00f3n<\/strong><\/p><ul data-start=\"1143\" data-end=\"1303\"><li data-start=\"1143\" data-end=\"1243\">Seleccione la longitud de varilla adecuada (12 pulgadas, 20 pulgadas o 40 pulgadas) e instale firmemente la hoja.<\/li><li data-start=\"1247\" data-end=\"1303\">Compruebe el afilado de la cuchilla y sustit\u00fayala si es necesario.<\/li><\/ul><\/li><li data-start=\"1305\" data-end=\"1518\"><p data-start=\"1308\" data-end=\"1332\"><strong data-start=\"1308\" data-end=\"1330\">Ajustar la longitud de la varilla<\/strong><\/p><ul data-start=\"1336\" data-end=\"1518\"><li data-start=\"1336\" data-end=\"1443\">Fije la varilla elegida a la unidad principal y aseg\u00farese de que est\u00e9 firmemente conectada a la fijaci\u00f3n de aleaci\u00f3n de aluminio.<\/li><li data-start=\"1447\" data-end=\"1518\">Ajuste la longitud de la varilla en funci\u00f3n de la superficie de suelo con la que trabaje.<\/li><\/ul><\/li><li data-start=\"1520\" data-end=\"1761\"><p data-start=\"1523\" data-end=\"1536\"><strong data-start=\"1523\" data-end=\"1534\">Corte<\/strong><\/p><ul data-start=\"1540\" data-end=\"1761\"><li data-start=\"1540\" data-end=\"1681\">Coloque el cortador a lo largo de la costura del suelo, sujete firmemente el mango de aleaci\u00f3n de aluminio y aplique una presi\u00f3n constante mientras lo desplaza a lo largo de la costura.<\/li><li data-start=\"1685\" data-end=\"1761\">Mantenga una presi\u00f3n constante para obtener un corte suave y limpio sin bordes dentados.<\/li><\/ul><\/li><li data-start=\"1763\" data-end=\"1913\"><p data-start=\"1766\" data-end=\"1786\"><strong data-start=\"1766\" data-end=\"1784\">Finalizaci\u00f3n del corte<\/strong><\/p><ul data-start=\"1790\" data-end=\"1913\"><li data-start=\"1790\" data-end=\"1845\">Despu\u00e9s de cortar, inspeccione la costura para garantizar la uniformidad.<\/li><li data-start=\"1849\" data-end=\"1913\">Si es necesario, ajuste la profundidad de la cuchilla para obtener un corte m\u00e1s fino y limpio.<\/li><\/ul><\/li><li data-start=\"1915\" data-end=\"2034\"><p data-start=\"1918\" data-end=\"1941\"><strong data-start=\"1918\" data-end=\"1939\">Sustituci\u00f3n de cuchillas<\/strong><\/p><ul data-start=\"1945\" data-end=\"2034\"><li data-start=\"1945\" data-end=\"2034\">Para sustituir una cuchilla desafilada, afloje el tornillo, retire la cuchilla vieja e instale una nueva.<\/li><\/ul><\/li><\/ol><hr data-start=\"2036\" data-end=\"2039\" \/><h4 data-start=\"2041\" data-end=\"2068\"><strong data-start=\"2046\" data-end=\"2068\">Mantenimiento y cuidado<\/strong><\/h4><ul data-start=\"2070\" data-end=\"2537\"><li data-start=\"2070\" data-end=\"2211\"><p data-start=\"2072\" data-end=\"2211\"><strong data-start=\"2072\" data-end=\"2106\">Inspecci\u00f3n y sustituci\u00f3n de cuchillas<\/strong><br data-start=\"2106\" data-end=\"2109\" \/>Inspeccione peri\u00f3dicamente el afilado de la cuchilla y sustit\u00fayala cuando sea necesario para garantizar un rendimiento \u00f3ptimo.<\/p><\/li><li data-start=\"2213\" data-end=\"2333\"><p data-start=\"2215\" data-end=\"2333\"><strong data-start=\"2215\" data-end=\"2232\">Limpieza de herramientas<\/strong><br data-start=\"2232\" data-end=\"2235\" \/>Limpie la herramienta despu\u00e9s de cada uso para eliminar los residuos y evitar que los contaminantes desafilen la cuchilla.<\/p><\/li><li data-start=\"2335\" data-end=\"2454\"><p data-start=\"2337\" data-end=\"2454\"><strong data-start=\"2337\" data-end=\"2352\">Manejar con cuidado<\/strong><br data-start=\"2352\" data-end=\"2355\" \/>Limpie los mangos de pl\u00e1stico con un pa\u00f1o h\u00famedo para eliminar la suciedad y evitar la acumulaci\u00f3n de residuos qu\u00edmicos.<\/p><\/li><li data-start=\"2456\" data-end=\"2537\"><p data-start=\"2458\" data-end=\"2537\"><strong data-start=\"2458\" data-end=\"2469\">Almacenamiento<\/strong><br data-start=\"2469\" data-end=\"2472\" \/>Guarde la herramienta en un lugar seco y fresco para mantener su longevidad.<\/p><\/li><\/ul><hr data-start=\"2539\" data-end=\"2542\" \/><h4 data-start=\"2544\" data-end=\"2565\"><strong data-start=\"2549\" data-end=\"2565\">Aplicaciones<\/strong><\/h4><ul data-start=\"2567\" data-end=\"2901\"><li data-start=\"2567\" data-end=\"2664\"><p data-start=\"2569\" data-end=\"2664\"><strong data-start=\"2569\" data-end=\"2585\">Suelos de PVC<\/strong><br data-start=\"2585\" data-end=\"2588\" \/>Ideal para cortar y recortar bordes de suelos de PVC para garantizar costuras lisas.<\/p><\/li><li data-start=\"2666\" data-end=\"2760\"><p data-start=\"2668\" data-end=\"2760\"><strong data-start=\"2668\" data-end=\"2687\">Suelos de caucho<\/strong><br data-start=\"2687\" data-end=\"2690\" \/>Perfecta para cortar y unir costuras en materiales de caucho para suelos.<\/p><\/li><li data-start=\"2762\" data-end=\"2901\"><p data-start=\"2764\" data-end=\"2901\"><strong data-start=\"2764\" data-end=\"2795\">Otros suelos de pl\u00e1stico blando<\/strong><br data-start=\"2795\" data-end=\"2798\" \/>Funciona bien con diversos tipos de suelos de pl\u00e1stico blando que requieren un recorte preciso de bordes o corte de costuras.<\/p><\/li><\/ul><hr data-start=\"2903\" data-end=\"2906\" \/><h4 data-start=\"2908\" data-end=\"2924\"><strong data-start=\"2913\" data-end=\"2924\">Resumen<\/strong><\/h4><p data-start=\"2926\" data-end=\"3480\">La cortadora de tiras de PVC es una herramienta vers\u00e1til y de alta calidad dise\u00f1ada para el corte preciso de suelos y el tratamiento de juntas. Cuenta con una construcci\u00f3n duradera de aleaci\u00f3n de aluminio, una cuchilla de gancho grande para cortes limpios y suaves, y longitudes de varilla personalizables (12 pulgadas, 20 pulgadas y 40 pulgadas) para diversos proyectos de suelos. Tanto si trabaja con PVC, caucho u otros suelos de pl\u00e1stico blando, esta cortadora garantiza resultados de calidad profesional en todo momento. Con un mantenimiento sencillo y configuraciones flexibles, es una herramienta esencial tanto para proyectos de suelos comerciales como residenciales.<\/p>\t\t\t\t\t\t\t\t<\/div>\n\t\t\t\t\t<\/div>\n\t\t\t\t<\/div>\n\t\t\t\t<\/div>","protected":false},"excerpt":{"rendered":"<p>Get Your Quote Now Contact us for your personalized quotation. Save more with our direct pricing! Competitive wholesale prices. No middleman, better deals. Click to View Catalog Please enable JavaScript in your browser to complete this form.Name *FirstLastEmail *Comment or Message * Submit Parameter Details Product Name PVC Strip Cutter Material Aluminum alloy, lightweight, durable, [&hellip;]<\/p>","protected":false},"featured_media":7802,"template":"","meta":[],"product_cat":[108,110,48,42],"product_tag":[],"class_list":{"0":"post-7792","1":"product","2":"type-product","3":"status-publish","4":"has-post-thumbnail","6":"product_brand-arik","7":"product_cat-all-tools","8":"product_cat-best-selling","9":"product_cat-vinyl-floor-cutting-tool","10":"product_cat-vinyl-floor-tools","12":"first","13":"instock","14":"shipping-taxable","15":"purchasable","16":"product-type-simple"},"_links":{"self":[{"href":"https:\/\/ariktools.com\/es\/wp-json\/wp\/v2\/product\/7792","targetHints":{"allow":["GET"]}}],"collection":[{"href":"https:\/\/ariktools.com\/es\/wp-json\/wp\/v2\/product"}],"about":[{"href":"https:\/\/ariktools.com\/es\/wp-json\/wp\/v2\/types\/product"}],"version-history":[{"count":0,"href":"https:\/\/ariktools.com\/es\/wp-json\/wp\/v2\/product\/7792\/revisions"}],"wp:featuredmedia":[{"embeddable":true,"href":"https:\/\/ariktools.com\/es\/wp-json\/wp\/v2\/media\/7802"}],"wp:attachment":[{"href":"https:\/\/ariktools.com\/es\/wp-json\/wp\/v2\/media?parent=7792"}],"wp:term":[{"taxonomy":"product_cat","embeddable":true,"href":"https:\/\/ariktools.com\/es\/wp-json\/wp\/v2\/product_cat?post=7792"},{"taxonomy":"product_tag","embeddable":true,"href":"https:\/\/ariktools.com\/es\/wp-json\/wp\/v2\/product_tag?post=7792"}],"curies":[{"name":"wp","href":"https:\/\/api.w.org\/{rel}","templated":true}]}}