{"id":6223,"date":"2025-01-19T11:45:45","date_gmt":"2025-01-19T11:45:45","guid":{"rendered":"https:\/\/ariktools.com\/?page_id=6223"},"modified":"2025-01-19T14:53:43","modified_gmt":"2025-01-19T14:53:43","slug":"copyright-notice","status":"publish","type":"page","link":"https:\/\/ariktools.com\/fr\/copyright-notice\/","title":{"rendered":"Avis de droit d'auteur"},"content":{"rendered":"<div data-elementor-type=\"wp-page\" data-elementor-id=\"6223\" class=\"elementor elementor-6223\" data-elementor-post-type=\"page\">\n\t\t\t\t<div class=\"elementor-element elementor-element-1afe154 e-flex e-con-boxed e-con e-parent\" data-id=\"1afe154\" data-element_type=\"container\" data-e-type=\"container\">\n\t\t\t\t\t<div class=\"e-con-inner\">\n\t\t\t\t<div class=\"elementor-element elementor-element-d3958e1 elementor-widget elementor-widget-text-editor\" data-id=\"d3958e1\" data-element_type=\"widget\" data-e-type=\"widget\" data-widget_type=\"text-editor.default\">\n\t\t\t\t\t\t\t\t\t<p>L'ensemble du contenu de ce site web, y compris, mais sans s'y limiter, les textes, les images, les logos, les fichiers audio et vid\u00e9o, les graphiques, les dessins, les codes et les logiciels (ci-apr\u00e8s d\u00e9nomm\u00e9s collectivement le \u201ccontenu\u201d), est prot\u00e9g\u00e9 par le droit d'auteur, le droit des marques et d'autres lois sur la propri\u00e9t\u00e9 intellectuelle, et est la propri\u00e9t\u00e9 de <strong>Arik<\/strong> ou ses conc\u00e9dants de licence. Sans autorisation, aucun individu ou entit\u00e9 ne peut copier, distribuer, modifier, afficher ou transmettre le contenu de ce site web sous quelque forme que ce soit, \u00e0 moins d'avoir obtenu une autorisation \u00e9crite explicite.<\/p><p>Le contenu de ce site ne peut \u00eatre utilis\u00e9 \u00e0 des fins commerciales, y compris, mais sans s'y limiter, la revente, l'octroi de sous-licences, la modification ou toute autre action susceptible de porter atteinte aux droits d'auteur de ce site ou de son contenu. Toute utilisation non autoris\u00e9e peut constituer une violation de nos droits d'auteur et nous nous r\u00e9servons le droit d'intenter une action en justice.<\/p><p>Si vous souhaitez utiliser le contenu de ce site web, veuillez nous contacter pour obtenir une autorisation. Nous \u00e9valuerons la demande au cas par cas et d\u00e9terminerons si l'autorisation peut \u00eatre accord\u00e9e.<\/p><hr \/><h1><strong>Mises \u00e0 jour de l'avis de droit d'auteur<\/strong><\/h1><p>Nous pouvons mettre \u00e0 jour cet avis de droit d'auteur \u00e0 tout moment, et l'avis mis \u00e0 jour sera publi\u00e9 sur cette page. Veuillez consulter r\u00e9guli\u00e8rement cette notice pour vous tenir au courant des derni\u00e8res informations sur les droits d'auteur.<\/p>\t\t\t\t\t\t\t\t<\/div>\n\t\t\t\t\t<\/div>\n\t\t\t\t<\/div>\n\t\t\t\t<\/div>","protected":false},"excerpt":{"rendered":"<p>All content on this website, including but not limited to text, images, logos, audio, video, charts, designs, code, and software (hereinafter collectively referred to as &#8220;Content&#8221;), is protected by copyright, trademark, and other intellectual property laws, and is owned by Arik or its licensors. Without authorization, no individual or entity may copy, distribute, modify, display, [&hellip;]<\/p>","protected":false},"author":1,"featured_media":0,"parent":0,"menu_order":0,"comment_status":"closed","ping_status":"closed","template":"","meta":{"footnotes":""},"class_list":["post-6223","page","type-page","status-publish","hentry"],"_links":{"self":[{"href":"https:\/\/ariktools.com\/fr\/wp-json\/wp\/v2\/pages\/6223","targetHints":{"allow":["GET"]}}],"collection":[{"href":"https:\/\/ariktools.com\/fr\/wp-json\/wp\/v2\/pages"}],"about":[{"href":"https:\/\/ariktools.com\/fr\/wp-json\/wp\/v2\/types\/page"}],"author":[{"embeddable":true,"href":"https:\/\/ariktools.com\/fr\/wp-json\/wp\/v2\/users\/1"}],"replies":[{"embeddable":true,"href":"https:\/\/ariktools.com\/fr\/wp-json\/wp\/v2\/comments?post=6223"}],"version-history":[{"count":0,"href":"https:\/\/ariktools.com\/fr\/wp-json\/wp\/v2\/pages\/6223\/revisions"}],"wp:attachment":[{"href":"https:\/\/ariktools.com\/fr\/wp-json\/wp\/v2\/media?parent=6223"}],"curies":[{"name":"wp","href":"https:\/\/api.w.org\/{rel}","templated":true}]}}