{"id":6228,"date":"2025-01-19T11:55:29","date_gmt":"2025-01-19T11:55:29","guid":{"rendered":"https:\/\/ariktools.com\/?page_id=6228"},"modified":"2025-01-19T14:53:45","modified_gmt":"2025-01-19T14:53:45","slug":"disclaimer","status":"publish","type":"page","link":"https:\/\/ariktools.com\/fr\/disclaimer\/","title":{"rendered":"Clause de non-responsabilit\u00e9"},"content":{"rendered":"<div data-elementor-type=\"wp-page\" data-elementor-id=\"6228\" class=\"elementor elementor-6228\" data-elementor-post-type=\"page\">\n\t\t\t\t<div class=\"elementor-element elementor-element-df6fc43 e-flex e-con-boxed e-con e-parent\" data-id=\"df6fc43\" data-element_type=\"container\" data-e-type=\"container\">\n\t\t\t\t\t<div class=\"e-con-inner\">\n\t\t\t\t<div class=\"elementor-element elementor-element-b7058a4 elementor-widget elementor-widget-text-editor\" data-id=\"b7058a4\" data-element_type=\"widget\" data-e-type=\"widget\" data-widget_type=\"text-editor.default\">\n\t\t\t\t\t\t\t\t\t<h3><strong>1. Exactitude des informations<\/strong><\/h3><p>Toutes les informations figurant sur ce site web sont fournies \u00e0 titre de r\u00e9f\u00e9rence uniquement. Bien que nous nous efforcions de maintenir l'exactitude et l'actualit\u00e9 des informations, nous ne donnons aucune garantie explicite quant \u00e0 leur exactitude, leur exhaustivit\u00e9, leur validit\u00e9 ou leur applicabilit\u00e9 sous une autre forme. Nous nous r\u00e9servons le droit de modifier, de supprimer ou de changer toute information \u00e0 tout moment et sans pr\u00e9avis.<\/p><h3><strong>2. Produits et services<\/strong><\/h3><p>Nous mettons tout en \u0153uvre pour assurer la qualit\u00e9 des produits et des services offerts ; cependant, nous n'acceptons aucune responsabilit\u00e9 pour toute perte directe ou indirecte caus\u00e9e par quelque raison que ce soit. Les clients doivent examiner attentivement leurs besoins et leur situation avant de choisir et d'acheter des produits ou des services.<\/p><h3><strong>3. Liens avec des tiers<\/strong><\/h3><p>Ce site web peut contenir des liens vers d'autres sites web qui ne sont pas sous notre contr\u00f4le. Nous ne sommes pas responsables du contenu ou des services fournis par ces sites externes. Lorsque vous acc\u00e9dez \u00e0 ces liens externes, vous le faites \u00e0 vos propres risques.<\/p><h3><strong>4. Limites du service<\/strong><\/h3><p>Notre site web et nos services peuvent \u00eatre interrompus en raison de probl\u00e8mes techniques, de maintenance ou d'autres circonstances impr\u00e9vues, entra\u00eenant une indisponibilit\u00e9 temporaire. Dans ce cas, nous ne sommes pas responsables des pertes ou des impacts r\u00e9sultant de ces interruptions.<\/p><h3><strong>5. Limitation de la responsabilit\u00e9<\/strong><\/h3><p>Nous ne pouvons en aucun cas \u00eatre tenus responsables des dommages directs, indirects, accessoires, sp\u00e9ciaux ou cons\u00e9cutifs r\u00e9sultant de l'utilisation de ce site web ou des services connexes, sauf si la loi l'exige express\u00e9ment.<\/p>\t\t\t\t\t\t\t\t<\/div>\n\t\t\t\t\t<\/div>\n\t\t\t\t<\/div>\n\t\t\t\t<\/div>","protected":false},"excerpt":{"rendered":"<p>1. Accuracy of Information All information on this website is for reference only. While we strive to maintain the accuracy and timeliness of the information, we do not make any explicit guarantees regarding its accuracy, completeness, validity, or applicability in any other form. We reserve the right to modify, delete, or change any information at [&hellip;]<\/p>","protected":false},"author":1,"featured_media":0,"parent":0,"menu_order":0,"comment_status":"closed","ping_status":"closed","template":"","meta":{"footnotes":""},"class_list":["post-6228","page","type-page","status-publish","hentry"],"_links":{"self":[{"href":"https:\/\/ariktools.com\/fr\/wp-json\/wp\/v2\/pages\/6228","targetHints":{"allow":["GET"]}}],"collection":[{"href":"https:\/\/ariktools.com\/fr\/wp-json\/wp\/v2\/pages"}],"about":[{"href":"https:\/\/ariktools.com\/fr\/wp-json\/wp\/v2\/types\/page"}],"author":[{"embeddable":true,"href":"https:\/\/ariktools.com\/fr\/wp-json\/wp\/v2\/users\/1"}],"replies":[{"embeddable":true,"href":"https:\/\/ariktools.com\/fr\/wp-json\/wp\/v2\/comments?post=6228"}],"version-history":[{"count":0,"href":"https:\/\/ariktools.com\/fr\/wp-json\/wp\/v2\/pages\/6228\/revisions"}],"wp:attachment":[{"href":"https:\/\/ariktools.com\/fr\/wp-json\/wp\/v2\/media?parent=6228"}],"curies":[{"name":"wp","href":"https:\/\/api.w.org\/{rel}","templated":true}]}}