{"id":6233,"date":"2025-01-19T11:58:48","date_gmt":"2025-01-19T11:58:48","guid":{"rendered":"https:\/\/ariktools.com\/?page_id=6233"},"modified":"2025-01-19T14:54:45","modified_gmt":"2025-01-19T14:54:45","slug":"terms-of-use","status":"publish","type":"page","link":"https:\/\/ariktools.com\/fr\/terms-of-use\/","title":{"rendered":"Conditions d'utilisation"},"content":{"rendered":"<div data-elementor-type=\"wp-page\" data-elementor-id=\"6233\" class=\"elementor elementor-6233\" data-elementor-post-type=\"page\">\n\t\t\t\t<div class=\"elementor-element elementor-element-a58582e e-flex e-con-boxed e-con e-parent\" data-id=\"a58582e\" data-element_type=\"container\" data-e-type=\"container\">\n\t\t\t\t\t<div class=\"e-con-inner\">\n\t\t\t\t<div class=\"elementor-element elementor-element-f4a4436 elementor-widget elementor-widget-text-editor\" data-id=\"f4a4436\" data-element_type=\"widget\" data-e-type=\"widget\" data-widget_type=\"text-editor.default\">\n\t\t\t\t\t\t\t\t\t<p>Bienvenue sur notre site web (ci-apr\u00e8s d\u00e9nomm\u00e9 \u201cle Site\u201d). Avant d'utiliser le site, veuillez lire attentivement les conditions suivantes (ci-apr\u00e8s d\u00e9nomm\u00e9es \u201cconditions d'utilisation\u201d). Ce site est exploit\u00e9 par <strong>Arik<\/strong>. En acc\u00e9dant au site ou en l'utilisant, vous acceptez de vous conformer aux pr\u00e9sentes conditions d'utilisation. Si vous n'acceptez pas ces conditions, veuillez ne pas utiliser le site.<\/p><hr \/><h3><strong>1. Contenu du site<\/strong><\/h3><p>Tout le contenu fourni sur le site, y compris, mais sans s'y limiter, les textes, les images, les graphiques, les vid\u00e9os, les sons, les logos, les marques, les logiciels, les codes, les conceptions et les mises en page (d\u00e9sign\u00e9s collectivement par le terme \u201ccontenu\u201d), est la propri\u00e9t\u00e9 de <strong>Arik<\/strong> ou de ses fournisseurs de contenu et est prot\u00e9g\u00e9 par les lois sur les droits d'auteur et la propri\u00e9t\u00e9 intellectuelle. La copie, la reproduction, la modification, la publication ou la diffusion non autoris\u00e9es de tout contenu du site sont interdites.<\/p><hr \/><h3><strong>2. Comportement de l'utilisateur<\/strong><\/h3><p>En utilisant le site, vous acceptez de vous conformer \u00e0 toutes les lois et r\u00e9glementations applicables, et vous ne devez pas :<\/p><ul><li>T\u00e9l\u00e9charger ou publier du contenu qui porte atteinte aux droits d'auteur, aux marques commerciales ou \u00e0 d'autres droits de propri\u00e9t\u00e9 intellectuelle d'autrui.<\/li><li>Distribuer des logiciels malveillants, des virus ou d'autres logiciels nuisibles.<\/li><li>Perturber ou interf\u00e9rer avec le fonctionnement normal du site.<\/li><li>Utiliser le site pour des activit\u00e9s ill\u00e9gales, frauduleuses ou contraires \u00e0 l'\u00e9thique.<\/li><\/ul><hr \/><h3><strong>3. Comptes d'utilisateurs<\/strong><\/h3><p>Dans certains cas, il peut vous \u00eatre demand\u00e9 de cr\u00e9er un compte pour acc\u00e9der \u00e0 certaines fonctionnalit\u00e9s du site. Vous acceptez de fournir des informations v\u00e9ridiques, exactes et compl\u00e8tes et de mettre rapidement \u00e0 jour les d\u00e9tails de votre compte. Vous \u00eates responsable de votre compte et devez vous assurer que toutes les activit\u00e9s sont effectu\u00e9es par vous ou vos repr\u00e9sentants autoris\u00e9s.<\/p><hr \/><h3><strong>4. Liens vers le site web<\/strong><\/h3><p>Le site peut contenir des liens vers des sites web de tiers pour votre commodit\u00e9. Nous ne sommes pas responsables du contenu de ces sites web externes et n'approuvons ni ne soutenons le contenu de ces sites.<\/p><hr \/><h3><strong>5. Clause de non-responsabilit\u00e9<\/strong><\/h3><p>L'ensemble du contenu, des services et des fonctionnalit\u00e9s fournis sur le site sont propos\u00e9s \u201cen l'\u00e9tat\u201d et nous ne donnons aucune garantie quant \u00e0 l'exactitude, l'exhaustivit\u00e9 ou l'applicabilit\u00e9 du contenu ou des services. Nous ne garantissons pas la continuit\u00e9, la fonctionnalit\u00e9 ou la s\u00e9curit\u00e9 du site. Les utilisateurs assument tous les risques li\u00e9s \u00e0 l'utilisation du site.<\/p><hr \/><h3><strong>6. Limitation de la responsabilit\u00e9<\/strong><\/h3><p>Dans toute la mesure permise par la loi, <strong>Arik<\/strong> et ses affili\u00e9s ne seront pas responsables des dommages directs, indirects, accessoires, sp\u00e9ciaux, cons\u00e9cutifs ou punitifs r\u00e9sultant de l'utilisation ou de l'impossibilit\u00e9 d'utiliser le site.<\/p><hr \/><h3><strong>7. Politique de protection de la vie priv\u00e9e<\/strong><\/h3><p>En utilisant le site, vous acceptez notre politique de confidentialit\u00e9. Veuillez consulter notre politique de confidentialit\u00e9 pour comprendre comment nous collectons, utilisons et prot\u00e9geons vos informations personnelles.<\/p><hr \/><h3><strong>8. Modifications et mises \u00e0 jour<\/strong><\/h3><p>Nous nous r\u00e9servons le droit de modifier ou de mettre \u00e0 jour les pr\u00e9sentes conditions d'utilisation \u00e0 tout moment. Toute modification prendra effet imm\u00e9diatement et sera publi\u00e9e sur cette page. Veuillez consulter r\u00e9guli\u00e8rement cette page pour vous assurer que vous avez pris connaissance des derni\u00e8res conditions d'utilisation.<\/p><hr \/><h3><strong>9. Droit applicable et r\u00e8glement des litiges<\/strong><\/h3><p>Les pr\u00e9sentes conditions d'utilisation sont r\u00e9gies par les lois de [juridiction applicable]. Tout litige r\u00e9sultant de l'utilisation du site sera soumis \u00e0 [tribunal ou organisme d'arbitrage d\u00e9sign\u00e9] pour r\u00e9solution.<\/p><hr \/><h3><strong>10. Informations sur les contacts<\/strong><\/h3><p>Si vous avez des questions ou des suggestions, n'h\u00e9sitez pas \u00e0 nous contacter.<\/p>\t\t\t\t\t\t\t\t<\/div>\n\t\t\t\t\t<\/div>\n\t\t\t\t<\/div>\n\t\t\t\t<\/div>","protected":false},"excerpt":{"rendered":"<p>Welcome to our website (hereinafter referred to as &#8220;the Site&#8221;). Before using the Site, please carefully read the following terms and conditions (hereinafter referred to as the &#8220;Terms of Use&#8221;). This website is operated by Arik. By accessing or using the Site, you agree to comply with these Terms of Use. If you do not [&hellip;]<\/p>","protected":false},"author":1,"featured_media":0,"parent":0,"menu_order":0,"comment_status":"closed","ping_status":"closed","template":"","meta":{"footnotes":""},"class_list":["post-6233","page","type-page","status-publish","hentry"],"_links":{"self":[{"href":"https:\/\/ariktools.com\/fr\/wp-json\/wp\/v2\/pages\/6233","targetHints":{"allow":["GET"]}}],"collection":[{"href":"https:\/\/ariktools.com\/fr\/wp-json\/wp\/v2\/pages"}],"about":[{"href":"https:\/\/ariktools.com\/fr\/wp-json\/wp\/v2\/types\/page"}],"author":[{"embeddable":true,"href":"https:\/\/ariktools.com\/fr\/wp-json\/wp\/v2\/users\/1"}],"replies":[{"embeddable":true,"href":"https:\/\/ariktools.com\/fr\/wp-json\/wp\/v2\/comments?post=6233"}],"version-history":[{"count":0,"href":"https:\/\/ariktools.com\/fr\/wp-json\/wp\/v2\/pages\/6233\/revisions"}],"wp:attachment":[{"href":"https:\/\/ariktools.com\/fr\/wp-json\/wp\/v2\/media?parent=6233"}],"curies":[{"name":"wp","href":"https:\/\/api.w.org\/{rel}","templated":true}]}}