{"id":6260,"date":"2025-01-19T14:11:35","date_gmt":"2025-01-19T14:11:35","guid":{"rendered":"https:\/\/ariktools.com\/?page_id=6260"},"modified":"2025-01-19T14:54:22","modified_gmt":"2025-01-19T14:54:22","slug":"return-policy","status":"publish","type":"page","link":"https:\/\/ariktools.com\/fr\/return-policy\/","title":{"rendered":"Politique de retour"},"content":{"rendered":"<div data-elementor-type=\"wp-page\" data-elementor-id=\"6260\" class=\"elementor elementor-6260\" data-elementor-post-type=\"page\">\n\t\t\t\t<div class=\"elementor-element elementor-element-1c8c42c e-flex e-con-boxed e-con e-parent\" data-id=\"1c8c42c\" data-element_type=\"container\" data-e-type=\"container\">\n\t\t\t\t\t<div class=\"e-con-inner\">\n\t\t\t\t<div class=\"elementor-element elementor-element-e5d7719 elementor-widget elementor-widget-text-editor\" data-id=\"e5d7719\" data-element_type=\"widget\" data-e-type=\"widget\" data-widget_type=\"text-editor.default\">\n\t\t\t\t\t\t\t\t\t<p>Chez Arik, nous nous engageons \u00e0 fournir des produits de haute qualit\u00e9 et un excellent service \u00e0 nos clients professionnels. Veuillez lire attentivement notre politique de retour ci-dessous. Nous nous effor\u00e7ons de rendre le processus aussi simple que possible tout en veillant \u00e0 ce que tous les retours soient conformes \u00e0 nos conditions sp\u00e9cifiques.<\/p><p><strong>1. Produits non retournables :<\/strong><\/p><ul><li><strong>Commandes personnalis\u00e9es :<\/strong> Les produits personnalis\u00e9s ou fabriqu\u00e9s sur commande ne peuvent \u00eatre retourn\u00e9s ou \u00e9chang\u00e9s. Tous les produits personnalis\u00e9s sont des ventes finales.<\/li><li><strong>Questions de non-qualit\u00e9 :<\/strong> Les retours ne sont pas accept\u00e9s pour les produits qui ne sont pas d\u00e9fectueux ou endommag\u00e9s. Si vous changez simplement d'avis ou si vous commandez le mauvais produit, nous ne sommes pas en mesure d'offrir un retour ou un \u00e9change.<\/li><\/ul><p><strong>2. Probl\u00e8mes de qualit\u00e9 et retours :<\/strong><\/p><ul><li><strong>Produits d\u00e9fectueux ou endommag\u00e9s :<\/strong> Si vous recevez un produit d\u00e9fectueux, endommag\u00e9 ou ne correspondant pas \u00e0 la description, veuillez nous contacter dans les d\u00e9lais suivants <strong>3 jours<\/strong> de la r\u00e9ception de votre commande. Vous pourrez b\u00e9n\u00e9ficier soit d'une <strong>remplacement ou remboursement<\/strong>.<\/li><li><strong>Dommages mineurs :<\/strong> Si seuls quelques produits de votre commande sont endommag\u00e9s, nous pourrons vous proposer un remboursement. <strong>remplacement<\/strong> ou <strong>remboursement partiel<\/strong> pour les articles d\u00e9fectueux.<\/li><\/ul><p><strong>3. Processus de retour :<\/strong> Pour effectuer un retour, veuillez contacter notre service client\u00e8le \u00e0 l'adresse suivante : [adresse \u00e9lectronique\/num\u00e9ro de t\u00e9l\u00e9phone du service client\u00e8le]. Vous devrez fournir les informations suivantes :<\/p><ul><li>Num\u00e9ro de commande<\/li><li>D\u00e9tails du produit (nom et UGS)<\/li><li>Description du probl\u00e8me de qualit\u00e9 ou du d\u00e9faut<\/li><li>Photos du produit (pour acc\u00e9l\u00e9rer le processus)<\/li><\/ul><p>Une fois votre demande de retour approuv\u00e9e, nous vous enverrons les instructions n\u00e9cessaires et l'adresse de retour.<\/p><p><strong>4. D\u00e9lai de retour :<\/strong><\/p><ul><li>Les retours pour cause de probl\u00e8mes de qualit\u00e9 ou de d\u00e9fauts doivent \u00eatre signal\u00e9s dans les d\u00e9lais suivants <strong>3 jours<\/strong> apr\u00e8s r\u00e9ception du produit. Tout probl\u00e8me signal\u00e9 apr\u00e8s cette p\u00e9riode ne pourra faire l'objet d'un retour, d'un remplacement ou d'un remboursement.<\/li><li>Les produits en dehors de la fen\u00eatre de retour (plus de 3 jours apr\u00e8s r\u00e9ception) ne seront en aucun cas accept\u00e9s pour des retours ou des remboursements.<\/li><\/ul><p><strong>5. Exp\u00e9dition de retour :<\/strong><\/p><ul><li>Si le retour est d\u00fb \u00e0 un produit d\u00e9fectueux, endommag\u00e9 ou incorrect, <strong>Arik prend en charge les frais de retour<\/strong>.<\/li><li>Pour les retours non li\u00e9s \u00e0 des d\u00e9fauts, les frais d'exp\u00e9dition sont \u00e0 la charge du client.<\/li><\/ul><p><strong>6. Frais de r\u00e9approvisionnement :<\/strong> A <strong>frais de restockage<\/strong> peuvent \u00eatre appliqu\u00e9s pour les retours, en particulier dans les cas o\u00f9 les articles ne sont pas d\u00e9fectueux. Ces frais sont g\u00e9n\u00e9ralement compris entre <strong>10%-20%<\/strong> de la valeur totale de la commande, en fonction de l'\u00e9tat des produits retourn\u00e9s.<\/p><p><strong>7. Remboursements ou remplacements :<\/strong><\/p><ul><li><strong>Remboursements<\/strong>: Les remboursements pour les retours approuv\u00e9s seront trait\u00e9s dans les d\u00e9lais suivants <strong>7-14 jours ouvrables<\/strong> de la r\u00e9ception des articles retourn\u00e9s. Les remboursements seront effectu\u00e9s selon le mode de paiement original.<\/li><li><strong>Remplacement<\/strong>: Si vous pr\u00e9f\u00e9rez un produit de remplacement pour un produit d\u00e9fectueux ou endommag\u00e9, il sera exp\u00e9di\u00e9 rapidement apr\u00e8s le traitement de l'article retourn\u00e9.<\/li><\/ul><p><strong>8. Conditions de non-retour :<\/strong> Les produits qui ont \u00e9t\u00e9 utilis\u00e9s, modifi\u00e9s ou qui ne sont pas dans leur \u00e9tat d'origine (y compris l'emballage) ne seront pas repris. En outre, les produits personnalis\u00e9s ne peuvent pas \u00eatre retourn\u00e9s.<\/p><p><strong>9. Annulation de la commande :<\/strong> Les commandes peuvent \u00eatre annul\u00e9es avant l'exp\u00e9dition. Si la commande a d\u00e9j\u00e0 \u00e9t\u00e9 exp\u00e9di\u00e9e, veuillez suivre la proc\u00e9dure de retour d\u00e9crite ci-dessus. Pour annuler une commande, contactez notre service client\u00e8le d\u00e8s que possible.<\/p><p><strong>10. Garantie :<\/strong> Tous les produits sont couverts par une garantie limit\u00e9e contre les d\u00e9fauts de mat\u00e9riaux et de fabrication. Si vous avez des questions sur les garanties, n'h\u00e9sitez pas \u00e0 nous contacter pour plus de d\u00e9tails.<\/p><p><strong>11. <em><a href=\"\/fr\/contact\/\">Nous contacter<\/a><\/em>:<\/strong> Pour toute question ou pour effectuer un retour, nous sommes \u00e0 votre disposition pour vous aider dans le processus de retour et pour toute autre question.<\/p>\t\t\t\t\t\t\t\t<\/div>\n\t\t\t\t\t<\/div>\n\t\t\t\t<\/div>\n\t\t\t\t<\/div>","protected":false},"excerpt":{"rendered":"<p>Chez Arik, nous nous engageons \u00e0 fournir des produits de haute qualit\u00e9 et un excellent service \u00e0 nos clients professionnels. Veuillez lire attentivement notre politique de retour ci-dessous. Nous nous effor\u00e7ons de rendre le processus aussi simple que possible tout en veillant \u00e0 ce que tous les retours soient conformes \u00e0 nos conditions sp\u00e9cifiques. 1. Produits non retournables : Commandes personnalis\u00e9es : Les produits personnalis\u00e9s ou fabriqu\u00e9s sur commande sont [...]<\/p>","protected":false},"author":1,"featured_media":0,"parent":0,"menu_order":0,"comment_status":"closed","ping_status":"closed","template":"","meta":{"footnotes":""},"class_list":["post-6260","page","type-page","status-publish","hentry"],"_links":{"self":[{"href":"https:\/\/ariktools.com\/fr\/wp-json\/wp\/v2\/pages\/6260","targetHints":{"allow":["GET"]}}],"collection":[{"href":"https:\/\/ariktools.com\/fr\/wp-json\/wp\/v2\/pages"}],"about":[{"href":"https:\/\/ariktools.com\/fr\/wp-json\/wp\/v2\/types\/page"}],"author":[{"embeddable":true,"href":"https:\/\/ariktools.com\/fr\/wp-json\/wp\/v2\/users\/1"}],"replies":[{"embeddable":true,"href":"https:\/\/ariktools.com\/fr\/wp-json\/wp\/v2\/comments?post=6260"}],"version-history":[{"count":0,"href":"https:\/\/ariktools.com\/fr\/wp-json\/wp\/v2\/pages\/6260\/revisions"}],"wp:attachment":[{"href":"https:\/\/ariktools.com\/fr\/wp-json\/wp\/v2\/media?parent=6260"}],"curies":[{"name":"wp","href":"https:\/\/api.w.org\/{rel}","templated":true}]}}