{"id":6800,"date":"2025-02-01T15:40:27","date_gmt":"2025-02-01T15:40:27","guid":{"rendered":"https:\/\/ariktools.com\/?post_type=product&#038;p=6800"},"modified":"2025-11-02T16:33:55","modified_gmt":"2025-11-02T16:33:55","slug":"vinyl-floor-corner-trim-tool-arik","status":"publish","type":"product","link":"https:\/\/ariktools.com\/fr\/product\/vinyl-floor-corner-trim-tool-arik\/","title":{"rendered":"Vinyl Floor Corner Trim Tool\u4e28ARIK 2\/Set"},"content":{"rendered":"<div data-elementor-type=\"wp-post\" data-elementor-id=\"6800\" class=\"elementor elementor-6800\" data-elementor-post-type=\"product\">\n\t\t\t\t<div class=\"elementor-element elementor-element-59b2731 e-flex e-con-boxed e-con e-parent\" data-id=\"59b2731\" data-element_type=\"container\" data-e-type=\"container\">\n\t\t\t\t\t<div class=\"e-con-inner\">\n\t\t<div class=\"elementor-element elementor-element-f098522 e-con-full e-flex e-con e-child\" data-id=\"f098522\" data-element_type=\"container\" data-e-type=\"container\">\n\t\t<div class=\"elementor-element elementor-element-a52321d e-con-full e-flex e-con e-child\" data-id=\"a52321d\" data-element_type=\"container\" data-e-type=\"container\">\n\t\t<div class=\"elementor-element elementor-element-5074780 e-con-full e-flex e-con e-child\" data-id=\"5074780\" data-element_type=\"container\" data-e-type=\"container\">\n\t\t<div class=\"elementor-element elementor-element-342a2b8 e-con-full e-flex e-con e-child\" data-id=\"342a2b8\" data-element_type=\"container\" data-e-type=\"container\">\n\t\t\t\t<div class=\"elementor-element elementor-element-958867e elementor-widget elementor-widget-heading\" data-id=\"958867e\" data-element_type=\"widget\" data-e-type=\"widget\" data-widget_type=\"heading.default\">\n\t\t\t\t\t<h2 class=\"elementor-heading-title elementor-size-default\">Obtenez votre devis maintenant<\/h2>\t\t\t\t<\/div>\n\t\t\t\t<div class=\"elementor-element elementor-element-628e3b8 elementor-widget elementor-widget-text-editor\" data-id=\"628e3b8\" data-element_type=\"widget\" data-e-type=\"widget\" data-widget_type=\"text-editor.default\">\n\t\t\t\t\t\t\t\t\t<ul data-start=\"147\" data-end=\"307\"><li data-start=\"147\" data-end=\"196\"><strong data-start=\"149\" data-end=\"196\">Contactez-nous pour un devis personnalis\u00e9.<\/strong><\/li><li data-start=\"197\" data-end=\"237\"><strong data-start=\"199\" data-end=\"237\">\u00c9conomisez davantage gr\u00e2ce \u00e0 nos prix directs !<\/strong><\/li><li data-start=\"238\" data-end=\"273\"><strong data-start=\"240\" data-end=\"273\">Prix de gros comp\u00e9titifs.<\/strong><\/li><li data-start=\"274\" data-end=\"307\"><strong data-start=\"276\" data-end=\"307\">Pas d'interm\u00e9diaire, de meilleures offres.<\/strong><\/li><\/ul>\t\t\t\t\t\t\t\t<\/div>\n\t\t\t\t<div class=\"elementor-element elementor-element-d50ffe4 elementor-widget__width-initial elementor-widget elementor-widget-image\" data-id=\"d50ffe4\" data-element_type=\"widget\" data-e-type=\"widget\" data-widget_type=\"image.default\">\n\t\t\t\t\t\t\t\t\t\t\t\t\t\t\t\t<a href=\"https:\/\/ariktools.com\/wp-content\/uploads\/2025\/10\/Product_Catalog_2025_ARIK.pdf\">\n\t\t\t\t\t\t\t<img fetchpriority=\"high\" decoding=\"async\" width=\"900\" height=\"626\" src=\"https:\/\/ariktools.com\/wp-content\/uploads\/2025\/02\/Product_Catalog_2025_ARIK_page.jpg\" class=\"attachment-large size-large wp-image-9117\" alt=\"\" srcset=\"https:\/\/ariktools.com\/wp-content\/uploads\/2025\/02\/Product_Catalog_2025_ARIK_page.jpg 1000w, https:\/\/ariktools.com\/wp-content\/uploads\/2025\/02\/Product_Catalog_2025_ARIK_page-300x209.jpg 300w, https:\/\/ariktools.com\/wp-content\/uploads\/2025\/02\/Product_Catalog_2025_ARIK_page-768x534.jpg 768w, https:\/\/ariktools.com\/wp-content\/uploads\/2025\/02\/Product_Catalog_2025_ARIK_page-800x556.jpg 800w\" sizes=\"(max-width: 900px) 100vw, 900px\" \/>\t\t\t\t\t\t\t\t<\/a>\n\t\t\t\t\t\t\t\t\t\t\t\t\t\t\t<\/div>\n\t\t\t\t<div class=\"elementor-element elementor-element-e45ad2a elementor-align-left elementor-widget__width-initial elementor-button-default elementor-widget elementor-widget-button\" data-id=\"e45ad2a\" data-element_type=\"widget\" data-e-type=\"widget\" data-widget_type=\"button.default\">\n\t\t\t\t\t\t\t\t\t\t<a class=\"elementor-button elementor-button-link elementor-size-sm\" href=\"https:\/\/ariktools.com\/wp-content\/uploads\/2025\/10\/Product_Catalog_2025_ARIK.pdf\">\n\t\t\t\t\t\t<span class=\"elementor-button-content-wrapper\">\n\t\t\t\t\t\t\t\t\t<span class=\"elementor-button-text\">Cliquez pour voir le catalogue<\/span>\n\t\t\t\t\t<\/span>\n\t\t\t\t\t<\/a>\n\t\t\t\t\t\t\t\t<\/div>\n\t\t\t\t<\/div>\n\t\t<div class=\"elementor-element elementor-element-b31d670 e-con-full e-flex e-con e-child\" data-id=\"b31d670\" data-element_type=\"container\" data-e-type=\"container\">\n\t\t\t\t<div class=\"elementor-element elementor-element-46b3e62 elementor-widget__width-initial elementor-widget elementor-widget-wpforms\" data-id=\"46b3e62\" data-element_type=\"widget\" data-e-type=\"widget\" data-widget_type=\"wpforms.default\">\n\t\t\t\t<div class=\"elementor-widget-container\">\n\t\t\t\t\t<div class=\"wpforms-container\" id=\"wpforms-7936\"><form id=\"wpforms-form-7936\" class=\"wpforms-validate wpforms-form wpforms-ajax-form\" data-formid=\"7936\" method=\"post\" enctype=\"multipart\/form-data\" action=\"\/fr\/wp-json\/wp\/v2\/product\/6800\" data-token=\"a0dd52e9fc1c81affebda9f669a57705\" data-token-time=\"1777955297\" data-trp-original-action=\"\/fr\/wp-json\/wp\/v2\/product\/6800\"><noscript class=\"wpforms-error-noscript\">Veuillez activer JavaScript dans votre navigateur pour remplir ce formulaire.<\/noscript><div class=\"wpforms-field-container\">\t\t<div id=\"wpforms-7936-field_4-container\"\n\t\t\tclass=\"wpforms-field wpforms-field-text\"\n\t\t\tdata-field-type=\"text\"\n\t\t\tdata-field-id=\"4\"\n\t\t\t>\n\t\t\t<label class=\"wpforms-field-label\" for=\"wpforms-7936-field_4\" >Email Message Commentaire<\/label>\n\t\t\t<input type=\"text\" id=\"wpforms-7936-field_4\" class=\"wpforms-field-medium\" name=\"wpforms[fields][4]\" >\n\t\t<\/div>\n\t\t<div id=\"wpforms-7936-field_1-container\" class=\"wpforms-field wpforms-field-name\" data-field-id=\"1\"><label class=\"wpforms-field-label\" for=\"wpforms-7936-field_1\">Nom <span class=\"wpforms-required-label\">*<\/span><\/label><input type=\"text\" id=\"wpforms-7936-field_1\" class=\"wpforms-field-medium wpforms-field-required\" name=\"wpforms[fields][1]\" required><\/div><div id=\"wpforms-7936-field_2-container\" class=\"wpforms-field wpforms-field-email\" data-field-id=\"2\"><label class=\"wpforms-field-label\" for=\"wpforms-7936-field_2\">Courriel <span class=\"wpforms-required-label\">*<\/span><\/label><input type=\"email\" id=\"wpforms-7936-field_2\" class=\"wpforms-field-medium wpforms-field-required\" name=\"wpforms[fields][2]\" spellcheck=\"false\" required><\/div><div id=\"wpforms-7936-field_3-container\" class=\"wpforms-field wpforms-field-textarea\" data-field-id=\"3\"><label class=\"wpforms-field-label\" for=\"wpforms-7936-field_3\">Commentaire ou message <span class=\"wpforms-required-label\">*<\/span><\/label><textarea id=\"wpforms-7936-field_3\" class=\"wpforms-field-medium wpforms-field-required\" name=\"wpforms[fields][3]\" required><\/textarea><\/div><script>\n\t\t\t\t( function() {\n\t\t\t\t\tconst style = document.createElement( 'style' );\n\t\t\t\t\tstyle.appendChild( document.createTextNode( '#wpforms-7936-field_4-container { position: absolute !important; overflow: hidden !important; display: inline !important; height: 1px !important; width: 1px !important; z-index: -1000 !important; padding: 0 !important; } #wpforms-7936-field_4-container input { visibility: hidden; } #wpforms-conversational-form-page #wpforms-7936-field_4-container label { counter-increment: none; }' ) );\n\t\t\t\t\tdocument.head.appendChild( style );\n\t\t\t\t\tdocument.currentScript?.remove();\n\t\t\t\t} )();\n\t\t\t<\/script><\/div><!-- .wpforms-field-container --><div class=\"wpforms-submit-container\" ><input type=\"hidden\" name=\"wpforms[id]\" value=\"7936\"><input type=\"hidden\" name=\"page_title\" value=\"\"><input type=\"hidden\" name=\"page_url\" value=\"https:\/\/ariktools.com\/fr\/wp-json\/wp\/v2\/product\/6800\"><input type=\"hidden\" name=\"url_referer\" value=\"\"><button type=\"submit\" name=\"wpforms[submit]\" id=\"wpforms-submit-7936\" class=\"wpforms-submit\" data-alt-text=\"Sending...\" data-submit-text=\"Submit\" aria-live=\"assertive\" value=\"wpforms-submit\">Soumettre<\/button><img decoding=\"async\" src=\"https:\/\/ariktools.com\/wp-content\/plugins\/wpforms-lite\/assets\/images\/submit-spin.svg\" class=\"wpforms-submit-spinner\" style=\"display: none;\" width=\"26\" height=\"26\" alt=\"Chargement en cours\"><\/div><input type=\"hidden\" name=\"trp-form-language\" value=\"fr\"\/><\/form><\/div>  <!-- .wpforms-container -->\t\t\t\t<\/div>\n\t\t\t\t<\/div>\n\t\t\t\t<\/div>\n\t\t\t\t<\/div>\n\t\t\t\t<\/div>\n\t\t\t\t<\/div>\n\t\t\t\t\t<\/div>\n\t\t\t\t<\/div>\n\t\t\t\t<\/div>","protected":false},"excerpt":{"rendered":"<p>Get Your Quote Now Contact us for your personalized quotation. Save more with our direct pricing! Competitive wholesale prices. No middleman, better deals. Click to View Catalog Please enable JavaScript in your browser to complete this form.Name *FirstLastEmail *Comment or Message * Submit<\/p>","protected":false},"featured_media":6801,"template":"","meta":[],"product_cat":[108,48,42],"product_tag":[],"class_list":{"0":"post-6800","1":"product","2":"type-product","3":"status-publish","4":"has-post-thumbnail","6":"product_brand-arik","7":"product_cat-all-tools","8":"product_cat-vinyl-floor-cutting-tool","9":"product_cat-vinyl-floor-tools","11":"first","12":"instock","13":"shipping-taxable","14":"purchasable","15":"product-type-simple"},"_links":{"self":[{"href":"https:\/\/ariktools.com\/fr\/wp-json\/wp\/v2\/product\/6800","targetHints":{"allow":["GET"]}}],"collection":[{"href":"https:\/\/ariktools.com\/fr\/wp-json\/wp\/v2\/product"}],"about":[{"href":"https:\/\/ariktools.com\/fr\/wp-json\/wp\/v2\/types\/product"}],"version-history":[{"count":0,"href":"https:\/\/ariktools.com\/fr\/wp-json\/wp\/v2\/product\/6800\/revisions"}],"wp:featuredmedia":[{"embeddable":true,"href":"https:\/\/ariktools.com\/fr\/wp-json\/wp\/v2\/media\/6801"}],"wp:attachment":[{"href":"https:\/\/ariktools.com\/fr\/wp-json\/wp\/v2\/media?parent=6800"}],"wp:term":[{"taxonomy":"product_cat","embeddable":true,"href":"https:\/\/ariktools.com\/fr\/wp-json\/wp\/v2\/product_cat?post=6800"},{"taxonomy":"product_tag","embeddable":true,"href":"https:\/\/ariktools.com\/fr\/wp-json\/wp\/v2\/product_tag?post=6800"}],"curies":[{"name":"wp","href":"https:\/\/api.w.org\/{rel}","templated":true}]}}