{"id":6228,"date":"2025-01-19T11:55:29","date_gmt":"2025-01-19T11:55:29","guid":{"rendered":"https:\/\/ariktools.com\/?page_id=6228"},"modified":"2025-01-19T14:53:45","modified_gmt":"2025-01-19T14:53:45","slug":"disclaimer","status":"publish","type":"page","link":"https:\/\/ariktools.com\/it\/disclaimer\/","title":{"rendered":"Esclusione di responsabilit\u00e0"},"content":{"rendered":"<div data-elementor-type=\"wp-page\" data-elementor-id=\"6228\" class=\"elementor elementor-6228\" data-elementor-post-type=\"page\">\n\t\t\t\t<div class=\"elementor-element elementor-element-df6fc43 e-flex e-con-boxed e-con e-parent\" data-id=\"df6fc43\" data-element_type=\"container\" data-e-type=\"container\">\n\t\t\t\t\t<div class=\"e-con-inner\">\n\t\t\t\t<div class=\"elementor-element elementor-element-b7058a4 elementor-widget elementor-widget-text-editor\" data-id=\"b7058a4\" data-element_type=\"widget\" data-e-type=\"widget\" data-widget_type=\"text-editor.default\">\n\t\t\t\t\t\t\t\t\t<h3><strong>1. Accuratezza delle informazioni<\/strong><\/h3><p>Tutte le informazioni contenute in questo sito web sono solo di riferimento. Pur impegnandoci a mantenere l'accuratezza e l'attualit\u00e0 delle informazioni, non forniamo alcuna garanzia esplicita in merito alla loro accuratezza, completezza, validit\u00e0 o applicabilit\u00e0 in qualsiasi altra forma. Ci riserviamo il diritto di modificare, eliminare o cambiare qualsiasi informazione in qualsiasi momento senza preavviso.<\/p><h3><strong>2. Prodotti e servizi<\/strong><\/h3><p>Ci impegniamo al massimo per garantire la qualit\u00e0 dei prodotti e dei servizi offerti; tuttavia, non ci assumiamo alcuna responsabilit\u00e0 per eventuali perdite dirette o indirette causate da qualsiasi motivo. I clienti devono considerare attentamente le proprie esigenze e circostanze prima di scegliere e acquistare prodotti o servizi.<\/p><h3><strong>3. Link di terze parti<\/strong><\/h3><p>Questo sito web pu\u00f2 contenere link ad altri siti web che non sono sotto il nostro controllo. Non siamo responsabili del contenuto o dei servizi forniti da questi siti esterni. Quando si accede a questi link esterni, lo si fa a proprio rischio e pericolo.<\/p><h3><strong>4. Limitazioni del servizio<\/strong><\/h3><p>Il nostro sito web e i nostri servizi possono essere interrotti a causa di problemi tecnici, manutenzione o altre circostanze impreviste, che causano una temporanea indisponibilit\u00e0. In tali casi, non siamo responsabili di eventuali perdite o impatti derivanti da tali interruzioni.<\/p><h3><strong>5. Limitazione di responsabilit\u00e0<\/strong><\/h3><p>In nessun caso saremo responsabili per danni diretti, indiretti, incidentali, speciali o consequenziali derivanti dall'uso di questo sito web o dei servizi correlati, a meno che non sia esplicitamente previsto dalla legge.<\/p>\t\t\t\t\t\t\t\t<\/div>\n\t\t\t\t\t<\/div>\n\t\t\t\t<\/div>\n\t\t\t\t<\/div>","protected":false},"excerpt":{"rendered":"<p>1. Accuracy of Information All information on this website is for reference only. While we strive to maintain the accuracy and timeliness of the information, we do not make any explicit guarantees regarding its accuracy, completeness, validity, or applicability in any other form. We reserve the right to modify, delete, or change any information at [&hellip;]<\/p>","protected":false},"author":1,"featured_media":0,"parent":0,"menu_order":0,"comment_status":"closed","ping_status":"closed","template":"","meta":{"footnotes":""},"class_list":["post-6228","page","type-page","status-publish","hentry"],"_links":{"self":[{"href":"https:\/\/ariktools.com\/it\/wp-json\/wp\/v2\/pages\/6228","targetHints":{"allow":["GET"]}}],"collection":[{"href":"https:\/\/ariktools.com\/it\/wp-json\/wp\/v2\/pages"}],"about":[{"href":"https:\/\/ariktools.com\/it\/wp-json\/wp\/v2\/types\/page"}],"author":[{"embeddable":true,"href":"https:\/\/ariktools.com\/it\/wp-json\/wp\/v2\/users\/1"}],"replies":[{"embeddable":true,"href":"https:\/\/ariktools.com\/it\/wp-json\/wp\/v2\/comments?post=6228"}],"version-history":[{"count":0,"href":"https:\/\/ariktools.com\/it\/wp-json\/wp\/v2\/pages\/6228\/revisions"}],"wp:attachment":[{"href":"https:\/\/ariktools.com\/it\/wp-json\/wp\/v2\/media?parent=6228"}],"curies":[{"name":"wp","href":"https:\/\/api.w.org\/{rel}","templated":true}]}}