{"id":6600,"date":"2025-02-01T10:32:07","date_gmt":"2025-02-01T10:32:07","guid":{"rendered":"https:\/\/ariktools.com\/?post_type=product&#038;p=6600"},"modified":"2025-11-05T10:21:58","modified_gmt":"2025-11-05T10:21:58","slug":"wall-trimmer-for-vinyl-flooring-arik","status":"publish","type":"product","link":"https:\/\/ariktools.com\/it\/product\/wall-trimmer-for-vinyl-flooring-arik\/","title":{"rendered":"Tagliamuro per pavimenti in vinile\u4e28ARIK"},"content":{"rendered":"<div data-elementor-type=\"wp-post\" data-elementor-id=\"6600\" class=\"elementor elementor-6600\" data-elementor-post-type=\"product\">\n\t\t\t\t<div class=\"elementor-element elementor-element-6c06bbf e-flex e-con-boxed e-con e-parent\" data-id=\"6c06bbf\" data-element_type=\"container\" data-e-type=\"container\">\n\t\t\t\t\t<div class=\"e-con-inner\">\n\t\t<div class=\"elementor-element elementor-element-9f5a61c e-con-full e-flex e-con e-child\" data-id=\"9f5a61c\" data-element_type=\"container\" data-e-type=\"container\">\n\t\t<div class=\"elementor-element elementor-element-e21380d e-con-full e-flex e-con e-child\" data-id=\"e21380d\" data-element_type=\"container\" data-e-type=\"container\">\n\t\t<div class=\"elementor-element elementor-element-e9b40d2 e-con-full e-flex e-con e-child\" data-id=\"e9b40d2\" data-element_type=\"container\" data-e-type=\"container\">\n\t\t<div class=\"elementor-element elementor-element-b20a797 e-con-full e-flex e-con e-child\" data-id=\"b20a797\" data-element_type=\"container\" data-e-type=\"container\">\n\t\t\t\t<div class=\"elementor-element elementor-element-d910df0 elementor-widget elementor-widget-heading\" data-id=\"d910df0\" data-element_type=\"widget\" data-e-type=\"widget\" data-widget_type=\"heading.default\">\n\t\t\t\t\t<h2 class=\"elementor-heading-title elementor-size-default\">Richiedete ora il vostro preventivo<\/h2>\t\t\t\t<\/div>\n\t\t\t\t<div class=\"elementor-element elementor-element-3e840ca elementor-widget elementor-widget-text-editor\" data-id=\"3e840ca\" data-element_type=\"widget\" data-e-type=\"widget\" data-widget_type=\"text-editor.default\">\n\t\t\t\t\t\t\t\t\t<ul data-start=\"147\" data-end=\"307\"><li data-start=\"147\" data-end=\"196\"><strong data-start=\"149\" data-end=\"196\">Contattateci per un preventivo personalizzato.<\/strong><\/li><li data-start=\"197\" data-end=\"237\"><strong data-start=\"199\" data-end=\"237\">Risparmiate di pi\u00f9 con i nostri prezzi diretti!<\/strong><\/li><li data-start=\"238\" data-end=\"273\"><strong data-start=\"240\" data-end=\"273\">Prezzi all'ingrosso competitivi.<\/strong><\/li><li data-start=\"274\" data-end=\"307\"><strong data-start=\"276\" data-end=\"307\">Nessun intermediario, offerte migliori.<\/strong><\/li><\/ul>\t\t\t\t\t\t\t\t<\/div>\n\t\t\t\t<div class=\"elementor-element elementor-element-8ffde2d elementor-widget__width-initial elementor-widget elementor-widget-image\" data-id=\"8ffde2d\" data-element_type=\"widget\" data-e-type=\"widget\" data-widget_type=\"image.default\">\n\t\t\t\t\t\t\t\t\t\t\t\t\t\t\t\t<a href=\"https:\/\/ariktools.com\/wp-content\/uploads\/2025\/10\/Product_Catalog_2025_ARIK.pdf\">\n\t\t\t\t\t\t\t<img fetchpriority=\"high\" decoding=\"async\" width=\"900\" height=\"626\" src=\"https:\/\/ariktools.com\/wp-content\/uploads\/2025\/02\/Product_Catalog_2025_ARIK_page.jpg\" class=\"attachment-large size-large wp-image-9117\" alt=\"\" srcset=\"https:\/\/ariktools.com\/wp-content\/uploads\/2025\/02\/Product_Catalog_2025_ARIK_page.jpg 1000w, https:\/\/ariktools.com\/wp-content\/uploads\/2025\/02\/Product_Catalog_2025_ARIK_page-300x209.jpg 300w, https:\/\/ariktools.com\/wp-content\/uploads\/2025\/02\/Product_Catalog_2025_ARIK_page-768x534.jpg 768w, https:\/\/ariktools.com\/wp-content\/uploads\/2025\/02\/Product_Catalog_2025_ARIK_page-800x556.jpg 800w\" sizes=\"(max-width: 900px) 100vw, 900px\" \/>\t\t\t\t\t\t\t\t<\/a>\n\t\t\t\t\t\t\t\t\t\t\t\t\t\t\t<\/div>\n\t\t\t\t<div class=\"elementor-element elementor-element-99ddae5 elementor-align-left elementor-widget__width-initial elementor-button-default elementor-widget elementor-widget-button\" data-id=\"99ddae5\" data-element_type=\"widget\" data-e-type=\"widget\" data-widget_type=\"button.default\">\n\t\t\t\t\t\t\t\t\t\t<a class=\"elementor-button elementor-button-link elementor-size-sm\" href=\"https:\/\/ariktools.com\/wp-content\/uploads\/2025\/10\/Product_Catalog_2025_ARIK.pdf\">\n\t\t\t\t\t\t<span class=\"elementor-button-content-wrapper\">\n\t\t\t\t\t\t\t\t\t<span class=\"elementor-button-text\">Fare clic per visualizzare il catalogo<\/span>\n\t\t\t\t\t<\/span>\n\t\t\t\t\t<\/a>\n\t\t\t\t\t\t\t\t<\/div>\n\t\t\t\t<\/div>\n\t\t<div class=\"elementor-element elementor-element-8582468 e-con-full e-flex e-con e-child\" data-id=\"8582468\" data-element_type=\"container\" data-e-type=\"container\">\n\t\t\t\t<div class=\"elementor-element elementor-element-b3046a8 elementor-widget__width-initial elementor-widget elementor-widget-wpforms\" data-id=\"b3046a8\" data-element_type=\"widget\" data-e-type=\"widget\" data-widget_type=\"wpforms.default\">\n\t\t\t\t<div class=\"elementor-widget-container\">\n\t\t\t\t\t<div class=\"wpforms-container\" id=\"wpforms-7936\"><form id=\"wpforms-form-7936\" class=\"wpforms-validate wpforms-form wpforms-ajax-form\" data-formid=\"7936\" method=\"post\" enctype=\"multipart\/form-data\" action=\"\/it\/wp-json\/wp\/v2\/product\/6600\" data-token=\"42bd717ee06a8c35f302ee5a5cfd32dd\" data-token-time=\"1776660080\" data-trp-original-action=\"\/it\/wp-json\/wp\/v2\/product\/6600\"><noscript class=\"wpforms-error-noscript\">Abilita JavaScript nel browser per completare questo modulo.<\/noscript><div class=\"wpforms-field-container\"><div id=\"wpforms-7936-field_1-container\" class=\"wpforms-field wpforms-field-name\" data-field-id=\"1\"><label class=\"wpforms-field-label\" for=\"wpforms-7936-field_1\">Nome <span class=\"wpforms-required-label\">*<\/span><\/label><input type=\"text\" id=\"wpforms-7936-field_1\" class=\"wpforms-field-medium wpforms-field-required\" name=\"wpforms[fields][1]\" required><\/div>\t\t<div id=\"wpforms-7936-field_4-container\"\n\t\t\tclass=\"wpforms-field wpforms-field-text\"\n\t\t\tdata-field-type=\"text\"\n\t\t\tdata-field-id=\"4\"\n\t\t\t>\n\t\t\t<label class=\"wpforms-field-label\" for=\"wpforms-7936-field_4\" >o Nome e-mail<\/label>\n\t\t\t<input type=\"text\" id=\"wpforms-7936-field_4\" class=\"wpforms-field-medium\" name=\"wpforms[fields][4]\" >\n\t\t<\/div>\n\t\t<div id=\"wpforms-7936-field_2-container\" class=\"wpforms-field wpforms-field-email\" data-field-id=\"2\"><label class=\"wpforms-field-label\" for=\"wpforms-7936-field_2\">Email <span class=\"wpforms-required-label\">*<\/span><\/label><input type=\"email\" id=\"wpforms-7936-field_2\" class=\"wpforms-field-medium wpforms-field-required\" name=\"wpforms[fields][2]\" spellcheck=\"false\" required><\/div><div id=\"wpforms-7936-field_3-container\" class=\"wpforms-field wpforms-field-textarea\" data-field-id=\"3\"><label class=\"wpforms-field-label\" for=\"wpforms-7936-field_3\">Commento o messaggio <span class=\"wpforms-required-label\">*<\/span><\/label><textarea id=\"wpforms-7936-field_3\" class=\"wpforms-field-medium wpforms-field-required\" name=\"wpforms[fields][3]\" required><\/textarea><\/div><script>\n\t\t\t\t( function() {\n\t\t\t\t\tconst style = document.createElement( 'style' );\n\t\t\t\t\tstyle.appendChild( document.createTextNode( '#wpforms-7936-field_4-container { position: absolute !important; overflow: hidden !important; display: inline !important; height: 1px !important; width: 1px !important; z-index: -1000 !important; padding: 0 !important; } #wpforms-7936-field_4-container input { visibility: hidden; } #wpforms-conversational-form-page #wpforms-7936-field_4-container label { counter-increment: none; }' ) );\n\t\t\t\t\tdocument.head.appendChild( style );\n\t\t\t\t\tdocument.currentScript?.remove();\n\t\t\t\t} )();\n\t\t\t<\/script><\/div><!-- .wpforms-field-container --><div class=\"wpforms-submit-container\" ><input type=\"hidden\" name=\"wpforms[id]\" value=\"7936\"><input type=\"hidden\" name=\"page_title\" value=\"\"><input type=\"hidden\" name=\"page_url\" value=\"https:\/\/ariktools.com\/it\/wp-json\/wp\/v2\/product\/6600\"><input type=\"hidden\" name=\"url_referer\" value=\"\"><button type=\"submit\" name=\"wpforms[submit]\" id=\"wpforms-submit-7936\" class=\"wpforms-submit\" data-alt-text=\"Sending...\" data-submit-text=\"Submit\" aria-live=\"assertive\" value=\"wpforms-submit\">Invia<\/button><img decoding=\"async\" src=\"https:\/\/ariktools.com\/wp-content\/plugins\/wpforms-lite\/assets\/images\/submit-spin.svg\" class=\"wpforms-submit-spinner\" style=\"display: none;\" width=\"26\" height=\"26\" alt=\"Caricamento\"><\/div><input type=\"hidden\" name=\"trp-form-language\" value=\"it\"\/><\/form><\/div>  <!-- .wpforms-container -->\t\t\t\t<\/div>\n\t\t\t\t<\/div>\n\t\t\t\t<\/div>\n\t\t\t\t<\/div>\n\t\t\t\t<\/div>\n\t\t\t\t<\/div>\n\t\t\t\t\t<\/div>\n\t\t\t\t<\/div>\n\t\t<div class=\"elementor-element elementor-element-f3e3668 e-flex e-con-boxed e-con e-parent\" data-id=\"f3e3668\" data-element_type=\"container\" data-e-type=\"container\">\n\t\t\t\t\t<div class=\"e-con-inner\">\n\t\t\t\t<div class=\"elementor-element elementor-element-19a3ddb elementor-widget elementor-widget-text-editor\" data-id=\"19a3ddb\" data-element_type=\"widget\" data-e-type=\"widget\" data-widget_type=\"text-editor.default\">\n\t\t\t\t\t\t\t\t\t<table dir=\"ltr\" border=\"1\" cellspacing=\"0\" cellpadding=\"0\" data-sheets-root=\"1\" data-sheets-baot=\"1\"><colgroup><col width=\"133\" \/><col width=\"619\" \/><\/colgroup><tbody><tr><td><h6><strong>Parametro<\/strong><\/h6><\/td><td><h6><strong>Dettagli<\/strong><\/h6><\/td><\/tr><tr><td>Nome del prodotto<\/td><td>Tagliamuro per pavimenti in vinile<\/td><\/tr><tr><td>Materiale<\/td><td>Lega di alluminio premium, robusta e durevole<\/td><\/tr><tr><td>Dimensioni<\/td><td>9,84 x 9,06 x 3,15 pollici<\/td><\/tr><tr><td>Altezza massima di taglio<\/td><td>Regolabile da 0,31 pollici a 0,79 pollici<\/td><\/tr><tr><td>Tipo di lama<\/td><td>Lama a uncino grande di alta qualit\u00e0 (sostituibile)<\/td><\/tr><tr><td>Fissaggio della lama<\/td><td>Il design del fissaggio della lama assicura un taglio stabile e preciso<\/td><\/tr><tr><td>Cuscinetti<\/td><td>Dotato di 4 cuscinetti per un taglio fluido e una riduzione dell'attrito<\/td><\/tr><tr><td>Materiali adatti<\/td><td>Pavimenti in PVC, pavimenti in gomma, pannelli murali, ecc.<\/td><\/tr><tr><td>Scena applicabile<\/td><td>Taglio preciso per pavimenti in PVC, pavimenti in gomma e pannelli murali a parete<\/td><\/tr><tr><td>Design della maniglia<\/td><td>Impugnatura ergonomica per un facile utilizzo, adatta per un uso prolungato<\/td><\/tr><tr><td>Peso<\/td><td>Circa 1,76 libbre<\/td><\/tr><tr><td>Caratteristiche della funzione<\/td><td>Taglio efficiente delle giunture dei pavimenti applicati a parete e rifilatura dei bordi dei pavimenti, per una maggiore efficienza del lavoro<\/td><\/tr><tr><td>Imballaggio<\/td><td>Confezione standard con manuale d'uso<\/td><\/tr><\/tbody><\/table>\t\t\t\t\t\t\t\t<\/div>\n\t\t\t\t\t<\/div>\n\t\t\t\t<\/div>\n\t\t<div class=\"elementor-element elementor-element-195ccab e-flex e-con-boxed e-con e-parent\" data-id=\"195ccab\" data-element_type=\"container\" data-e-type=\"container\">\n\t\t\t\t\t<div class=\"e-con-inner\">\n\t\t\t\t<div class=\"elementor-element elementor-element-41da06f elementor-widget elementor-widget-text-editor\" data-id=\"41da06f\" data-element_type=\"widget\" data-e-type=\"widget\" data-widget_type=\"text-editor.default\">\n\t\t\t\t\t\t\t\t\t<h3 data-start=\"83\" data-end=\"104\"><strong data-start=\"87\" data-end=\"104\">Caratteristiche principali:<\/strong><\/h3><ul data-start=\"106\" data-end=\"1479\"><li data-start=\"106\" data-end=\"409\"><p data-start=\"108\" data-end=\"409\"><strong data-start=\"108\" data-end=\"140\">Lega di alluminio di alta qualit\u00e0:<\/strong><br data-start=\"140\" data-end=\"143\" \/>Il rifilatore \u00e8 realizzato in lega di alluminio leggera, durevole e resistente alla corrosione, per garantire prestazioni durature anche in caso di uso frequente per il taglio di pavimenti applicati a parete. Questo materiale \u00e8 stato progettato per sopportare i rigori delle continue operazioni di rifilatura dei pavimenti.<\/p><\/li><li data-start=\"411\" data-end=\"665\"><p data-start=\"413\" data-end=\"665\"><strong data-start=\"413\" data-end=\"442\">Regolazione precisa della lama:<\/strong><br data-start=\"442\" data-end=\"445\" \/>L'altezza di taglio \u00e8 regolabile tra 0,31 e 0,79 pollici. Questa caratteristica consente di eseguire tagli precisi in base allo spessore dei materiali per pavimenti applicati a parete, garantendo tagli stabili e accurati ogni volta.<\/p><\/li><li data-start=\"667\" data-end=\"929\"><p data-start=\"669\" data-end=\"929\"><strong data-start=\"669\" data-end=\"699\">Esperienza di taglio fluida:<\/strong><br data-start=\"699\" data-end=\"702\" \/>Dotato di quattro cuscinetti, l'utensile garantisce un funzionamento fluido e privo di attrito. Ci\u00f2 riduce l'usura dell'utensile, garantendo un processo di taglio pi\u00f9 stabile ed efficiente che riduce al minimo l'affaticamento durante le lunghe sessioni di lavoro.<\/p><\/li><li data-start=\"931\" data-end=\"1209\"><p data-start=\"933\" data-end=\"1209\"><strong data-start=\"933\" data-end=\"955\">Taglio efficiente:<\/strong><br data-start=\"955\" data-end=\"958\" \/>La lama a gancio di grandi dimensioni rende pi\u00f9 facile e veloce il taglio di pavimenti in PVC applicati a parete, pavimenti in gomma e altri materiali. L'utensile consente tagli di alta precisione, particolarmente efficaci per rifinire le giunture dei pavimenti e per eseguire tagli dettagliati lungo i bordi delle pareti.<\/p><\/li><li data-start=\"1211\" data-end=\"1479\"><p data-start=\"1213\" data-end=\"1479\"><strong data-start=\"1213\" data-end=\"1247\">Impugnatura ergonomica:<\/strong><br data-start=\"1247\" data-end=\"1250\" \/>L'impugnatura ergonomica dell'utensile \u00e8 progettata per ridurre al minimo l'affaticamento, garantendo il comfort anche in caso di uso prolungato. Ci\u00f2 \u00e8 particolarmente vantaggioso per le installazioni o le riparazioni di pavimenti a parete di grandi dimensioni, dove sono frequenti sessioni di taglio prolungate.<\/p><\/li><\/ul><hr data-start=\"1481\" data-end=\"1484\" \/><h3 data-start=\"1486\" data-end=\"1515\"><strong data-start=\"1490\" data-end=\"1515\">Istruzioni per l'uso:<\/strong><\/h3><h4 data-start=\"1517\" data-end=\"1538\"><strong data-start=\"1522\" data-end=\"1538\">Preparazione:<\/strong><\/h4><ol data-start=\"1539\" data-end=\"1736\"><li data-start=\"1539\" data-end=\"1603\">Assicurarsi che la lama sia affilata e saldamente installata nell'utensile.<\/li><li data-start=\"1604\" data-end=\"1736\">Regolare l'altezza massima di taglio (da 0,31 a 0,79 pollici) in base allo spessore del materiale del pavimento applicato a parete.<\/li><\/ol><h4 data-start=\"1738\" data-end=\"1763\"><strong data-start=\"1743\" data-end=\"1763\">Fasi operative:<\/strong><\/h4><ol data-start=\"1764\" data-end=\"2056\"><li data-start=\"1764\" data-end=\"1851\">Impugnare saldamente l'impugnatura ergonomica e spingere l'utensile lungo la giuntura del pavimento della parete.<\/li><li data-start=\"1852\" data-end=\"1933\">Grazie ai quattro cuscinetti, l'utensile scivola dolcemente, offrendo una resistenza minima.<\/li><li data-start=\"1934\" data-end=\"2056\">Mantenere un controllo costante dell'utensile, assicurandosi che la lama rimanga parallela alla parete per evitare tagli obliqui o irregolari.<\/li><\/ol><h4 data-start=\"2058\" data-end=\"2087\"><strong data-start=\"2063\" data-end=\"2087\">Regolazione dell'altezza della lama:<\/strong><\/h4><ol data-start=\"2088\" data-end=\"2286\"><li data-start=\"2088\" data-end=\"2198\">Per adattarsi ai diversi spessori dei materiali per pavimenti applicati a parete, regolare l'altezza della lama secondo necessit\u00e0.<\/li><li data-start=\"2199\" data-end=\"2286\">Ruotare la manopola di regolazione per impostare la profondit\u00e0 della lama desiderata per ottenere risultati di taglio ottimali.<\/li><\/ol><h4 data-start=\"2288\" data-end=\"2311\"><strong data-start=\"2293\" data-end=\"2311\">Dopo il taglio:<\/strong><\/h4><ol data-start=\"2312\" data-end=\"2590\"><li data-start=\"2312\" data-end=\"2371\">Dopo il taglio, controllare che le cuciture e i bordi siano ordinati.<\/li><li data-start=\"2372\" data-end=\"2442\">Apportare le modifiche necessarie o perfezionare il taglio per ottenere la perfezione.<\/li><li data-start=\"2443\" data-end=\"2590\">Pulire la lama e l'utensile dopo l'uso per rimuovere polvere, detriti o materiale del pavimento, per garantire che rimanga in condizioni ottimali per l'uso successivo.<\/li><\/ol><hr data-start=\"2592\" data-end=\"2595\" \/><h3 data-start=\"2597\" data-end=\"2624\"><strong data-start=\"2601\" data-end=\"2624\">Manutenzione e cura:<\/strong><\/h3><ul data-start=\"2626\" data-end=\"3128\"><li data-start=\"2626\" data-end=\"2798\"><p data-start=\"2628\" data-end=\"2798\"><strong data-start=\"2628\" data-end=\"2657\">Ispezione regolare della lama:<\/strong><br data-start=\"2657\" data-end=\"2660\" \/>Controllare periodicamente che la lama non presenti segni di usura o opacit\u00e0. Sostituire la lama se necessario per mantenere l'efficienza e la precisione del taglio.<\/p><\/li><li data-start=\"2800\" data-end=\"2958\"><p data-start=\"2802\" data-end=\"2958\"><strong data-start=\"2802\" data-end=\"2815\">Pulizia:<\/strong><br data-start=\"2815\" data-end=\"2818\" \/>Dopo ogni utilizzo, pulire l'utensile, in particolare la lama e i binari di scorrimento, per rimuovere polvere o detriti che possono influire sulle prestazioni di taglio.<\/p><\/li><li data-start=\"2960\" data-end=\"3128\"><p data-start=\"2962\" data-end=\"3128\"><strong data-start=\"2962\" data-end=\"2974\">Stoccaggio:<\/strong><br data-start=\"2974\" data-end=\"2977\" \/>Conservare l'utensile in un luogo asciutto e fresco per evitare la corrosione. Assicurarsi che i componenti metallici siano tenuti al riparo dall'umidit\u00e0 o dalle alte temperature per evitare la ruggine.<\/p><\/li><\/ul><hr data-start=\"3130\" data-end=\"3133\" \/><h3 data-start=\"3135\" data-end=\"3165\"><strong data-start=\"3139\" data-end=\"3165\">Scenari di applicazione:<\/strong><\/h3><ul data-start=\"3167\" data-end=\"3606\"><li data-start=\"3167\" data-end=\"3304\"><p data-start=\"3169\" data-end=\"3304\"><strong data-start=\"3169\" data-end=\"3191\">Pavimento in PVC a parete:<\/strong><br data-start=\"3191\" data-end=\"3194\" \/>Ideale per rifilare e tagliare le giunture dei pavimenti in PVC applicati alle pareti, garantendo una finitura ordinata e professionale.<\/p><\/li><li data-start=\"3306\" data-end=\"3461\"><p data-start=\"3308\" data-end=\"3461\"><strong data-start=\"3308\" data-end=\"3333\">Pavimentazione in gomma a parete:<\/strong><br data-start=\"3333\" data-end=\"3336\" \/>Perfetto per tagliare e rifinire i pavimenti in gomma lungo le pareti. Garantisce bordi lisci e rettilinei e transizioni senza soluzione di continuit\u00e0.<\/p><\/li><li data-start=\"3463\" data-end=\"3606\"><p data-start=\"3465\" data-end=\"3606\"><strong data-start=\"3465\" data-end=\"3489\">Rifinitura dei pannelli a parete:<\/strong><br data-start=\"3489\" data-end=\"3492\" \/>La taglierina \u00e8 adatta per rifinire i bordi dei pannelli a parete, assicurando tagli precisi e puliti per un look raffinato.<\/p><\/li><\/ul><hr data-start=\"3608\" data-end=\"3611\" \/><h3 data-start=\"3613\" data-end=\"3629\"><strong data-start=\"3617\" data-end=\"3629\">Sintesi:<\/strong><\/h3><p data-start=\"3631\" data-end=\"4258\">Il <strong data-start=\"3635\" data-end=\"3670\">Tagliamuro per pavimenti in vinile<\/strong> \u00e8 un utensile di alta precisione progettato specificamente per il taglio di materiali di pavimentazione applicati alle pareti, come pavimenti in PVC, pavimenti in gomma e pannelli murali. La sua struttura leggera in lega di alluminio, insieme a una lama a gancio grande di alta qualit\u00e0, garantisce tagli uniformi e precisi. L'altezza di taglio regolabile, il design ergonomico dell'impugnatura e i cuscinetti integrati garantiscono un'esperienza di taglio confortevole ed efficiente, rendendo questo utensile perfetto per un uso prolungato. Che si tratti di rifinire le giunture dei pavimenti, tagliare i bordi o lavorare con i pannelli delle pareti, questo utensile offre sempre risultati professionali.<\/p><hr data-start=\"4260\" data-end=\"4263\" \/><p data-start=\"4265\" data-end=\"4377\" data-is-last-node=\"\"><strong><a href=\"https:\/\/ariktools.com\/it\/contact\/\">Non esitate a contattarci se avete altre domande o se avete bisogno di ulteriori informazioni sulle applicazioni dello strumento!<\/a><\/strong><\/p>\t\t\t\t\t\t\t\t<\/div>\n\t\t\t\t\t<\/div>\n\t\t\t\t<\/div>\n\t\t\t\t<\/div>","protected":false},"excerpt":{"rendered":"<p>Get Your Quote Now Contact us for your personalized quotation. Save more with our direct pricing! Competitive wholesale prices. No middleman, better deals. Click to View Catalog Please enable JavaScript in your browser to complete this form.Name *FirstLastEmail *Comment or Message * Submit Parameter Details Product Name Wall Trimmer for Vinyl Flooring Material Premium aluminum [&hellip;]<\/p>","protected":false},"featured_media":7511,"template":"","meta":[],"product_cat":[109,48,42],"product_tag":[],"class_list":{"0":"post-6600","1":"product","2":"type-product","3":"status-publish","4":"has-post-thumbnail","6":"product_brand-arik","7":"product_cat-new-arrivals","8":"product_cat-vinyl-floor-cutting-tool","9":"product_cat-vinyl-floor-tools","11":"first","12":"instock","13":"shipping-taxable","14":"purchasable","15":"product-type-simple"},"_links":{"self":[{"href":"https:\/\/ariktools.com\/it\/wp-json\/wp\/v2\/product\/6600","targetHints":{"allow":["GET"]}}],"collection":[{"href":"https:\/\/ariktools.com\/it\/wp-json\/wp\/v2\/product"}],"about":[{"href":"https:\/\/ariktools.com\/it\/wp-json\/wp\/v2\/types\/product"}],"version-history":[{"count":0,"href":"https:\/\/ariktools.com\/it\/wp-json\/wp\/v2\/product\/6600\/revisions"}],"wp:featuredmedia":[{"embeddable":true,"href":"https:\/\/ariktools.com\/it\/wp-json\/wp\/v2\/media\/7511"}],"wp:attachment":[{"href":"https:\/\/ariktools.com\/it\/wp-json\/wp\/v2\/media?parent=6600"}],"wp:term":[{"taxonomy":"product_cat","embeddable":true,"href":"https:\/\/ariktools.com\/it\/wp-json\/wp\/v2\/product_cat?post=6600"},{"taxonomy":"product_tag","embeddable":true,"href":"https:\/\/ariktools.com\/it\/wp-json\/wp\/v2\/product_tag?post=6600"}],"curies":[{"name":"wp","href":"https:\/\/api.w.org\/{rel}","templated":true}]}}