{"id":6600,"date":"2025-02-01T10:32:07","date_gmt":"2025-02-01T10:32:07","guid":{"rendered":"https:\/\/ariktools.com\/?post_type=product&#038;p=6600"},"modified":"2025-11-05T10:21:58","modified_gmt":"2025-11-05T10:21:58","slug":"wall-trimmer-for-vinyl-flooring-arik","status":"publish","type":"product","link":"https:\/\/ariktools.com\/pt\/product\/wall-trimmer-for-vinyl-flooring-arik\/","title":{"rendered":"Aparador de parede para piso de vinil\u4e28ARIK"},"content":{"rendered":"<div data-elementor-type=\"wp-post\" data-elementor-id=\"6600\" class=\"elementor elementor-6600\" data-elementor-post-type=\"product\">\n\t\t\t\t<div class=\"elementor-element elementor-element-6c06bbf e-flex e-con-boxed e-con e-parent\" data-id=\"6c06bbf\" data-element_type=\"container\" data-e-type=\"container\">\n\t\t\t\t\t<div class=\"e-con-inner\">\n\t\t<div class=\"elementor-element elementor-element-9f5a61c e-con-full e-flex e-con e-child\" data-id=\"9f5a61c\" data-element_type=\"container\" data-e-type=\"container\">\n\t\t<div class=\"elementor-element elementor-element-e21380d e-con-full e-flex e-con e-child\" data-id=\"e21380d\" data-element_type=\"container\" data-e-type=\"container\">\n\t\t<div class=\"elementor-element elementor-element-e9b40d2 e-con-full e-flex e-con e-child\" data-id=\"e9b40d2\" data-element_type=\"container\" data-e-type=\"container\">\n\t\t<div class=\"elementor-element elementor-element-b20a797 e-con-full e-flex e-con e-child\" data-id=\"b20a797\" data-element_type=\"container\" data-e-type=\"container\">\n\t\t\t\t<div class=\"elementor-element elementor-element-d910df0 elementor-widget elementor-widget-heading\" data-id=\"d910df0\" data-element_type=\"widget\" data-e-type=\"widget\" data-widget_type=\"heading.default\">\n\t\t\t\t\t<h2 class=\"elementor-heading-title elementor-size-default\">Obtenha sua cota\u00e7\u00e3o agora<\/h2>\t\t\t\t<\/div>\n\t\t\t\t<div class=\"elementor-element elementor-element-3e840ca elementor-widget elementor-widget-text-editor\" data-id=\"3e840ca\" data-element_type=\"widget\" data-e-type=\"widget\" data-widget_type=\"text-editor.default\">\n\t\t\t\t\t\t\t\t\t<ul data-start=\"147\" data-end=\"307\"><li data-start=\"147\" data-end=\"196\"><strong data-start=\"149\" data-end=\"196\">Entre em contato conosco para obter sua cota\u00e7\u00e3o personalizada.<\/strong><\/li><li data-start=\"197\" data-end=\"237\"><strong data-start=\"199\" data-end=\"237\">Economize mais com nossos pre\u00e7os diretos!<\/strong><\/li><li data-start=\"238\" data-end=\"273\"><strong data-start=\"240\" data-end=\"273\">Pre\u00e7os competitivos no atacado.<\/strong><\/li><li data-start=\"274\" data-end=\"307\"><strong data-start=\"276\" data-end=\"307\">Sem intermedi\u00e1rios, melhores neg\u00f3cios.<\/strong><\/li><\/ul>\t\t\t\t\t\t\t\t<\/div>\n\t\t\t\t<div class=\"elementor-element elementor-element-8ffde2d elementor-widget__width-initial elementor-widget elementor-widget-image\" data-id=\"8ffde2d\" data-element_type=\"widget\" data-e-type=\"widget\" data-widget_type=\"image.default\">\n\t\t\t\t\t\t\t\t\t\t\t\t\t\t\t\t<a href=\"https:\/\/ariktools.com\/wp-content\/uploads\/2025\/10\/Product_Catalog_2025_ARIK.pdf\">\n\t\t\t\t\t\t\t<img fetchpriority=\"high\" decoding=\"async\" width=\"900\" height=\"626\" src=\"https:\/\/ariktools.com\/wp-content\/uploads\/2025\/02\/Product_Catalog_2025_ARIK_page.jpg\" class=\"attachment-large size-large wp-image-9117\" alt=\"\" srcset=\"https:\/\/ariktools.com\/wp-content\/uploads\/2025\/02\/Product_Catalog_2025_ARIK_page.jpg 1000w, https:\/\/ariktools.com\/wp-content\/uploads\/2025\/02\/Product_Catalog_2025_ARIK_page-300x209.jpg 300w, https:\/\/ariktools.com\/wp-content\/uploads\/2025\/02\/Product_Catalog_2025_ARIK_page-768x534.jpg 768w, https:\/\/ariktools.com\/wp-content\/uploads\/2025\/02\/Product_Catalog_2025_ARIK_page-800x556.jpg 800w\" sizes=\"(max-width: 900px) 100vw, 900px\" \/>\t\t\t\t\t\t\t\t<\/a>\n\t\t\t\t\t\t\t\t\t\t\t\t\t\t\t<\/div>\n\t\t\t\t<div class=\"elementor-element elementor-element-99ddae5 elementor-align-left elementor-widget__width-initial elementor-button-default elementor-widget elementor-widget-button\" data-id=\"99ddae5\" data-element_type=\"widget\" data-e-type=\"widget\" data-widget_type=\"button.default\">\n\t\t\t\t\t\t\t\t\t\t<a class=\"elementor-button elementor-button-link elementor-size-sm\" href=\"https:\/\/ariktools.com\/wp-content\/uploads\/2025\/10\/Product_Catalog_2025_ARIK.pdf\">\n\t\t\t\t\t\t<span class=\"elementor-button-content-wrapper\">\n\t\t\t\t\t\t\t\t\t<span class=\"elementor-button-text\">Clique para ver o cat\u00e1logo<\/span>\n\t\t\t\t\t<\/span>\n\t\t\t\t\t<\/a>\n\t\t\t\t\t\t\t\t<\/div>\n\t\t\t\t<\/div>\n\t\t<div class=\"elementor-element elementor-element-8582468 e-con-full e-flex e-con e-child\" data-id=\"8582468\" data-element_type=\"container\" data-e-type=\"container\">\n\t\t\t\t<div class=\"elementor-element elementor-element-b3046a8 elementor-widget__width-initial elementor-widget elementor-widget-wpforms\" data-id=\"b3046a8\" data-element_type=\"widget\" data-e-type=\"widget\" data-widget_type=\"wpforms.default\">\n\t\t\t\t<div class=\"elementor-widget-container\">\n\t\t\t\t\t<div class=\"wpforms-container\" id=\"wpforms-7936\"><form id=\"wpforms-form-7936\" class=\"wpforms-validate wpforms-form wpforms-ajax-form\" data-formid=\"7936\" method=\"post\" enctype=\"multipart\/form-data\" action=\"\/pt\/wp-json\/wp\/v2\/product\/6600\" data-token=\"70535e08f7fc0029da8c74c7c674e834\" data-token-time=\"1776297487\" data-trp-original-action=\"\/pt\/wp-json\/wp\/v2\/product\/6600\"><noscript class=\"wpforms-error-noscript\">Ative o JavaScript no seu navegador para preencher este formul\u00e1rio.<\/noscript><div class=\"wpforms-field-container\"><div id=\"wpforms-7936-field_1-container\" class=\"wpforms-field wpforms-field-name\" data-field-id=\"1\"><label class=\"wpforms-field-label\" for=\"wpforms-7936-field_1\">Nome <span class=\"wpforms-required-label\">*<\/span><\/label><input type=\"text\" id=\"wpforms-7936-field_1\" class=\"wpforms-field-medium wpforms-field-required\" name=\"wpforms[fields][1]\" required><\/div><div id=\"wpforms-7936-field_2-container\" class=\"wpforms-field wpforms-field-email\" data-field-id=\"2\"><label class=\"wpforms-field-label\" for=\"wpforms-7936-field_2\">E-mail <span class=\"wpforms-required-label\">*<\/span><\/label><input type=\"email\" id=\"wpforms-7936-field_2\" class=\"wpforms-field-medium wpforms-field-required\" name=\"wpforms[fields][2]\" spellcheck=\"false\" required><\/div>\t\t<div id=\"wpforms-7936-field_4-container\"\n\t\t\tclass=\"wpforms-field wpforms-field-text\"\n\t\t\tdata-field-type=\"text\"\n\t\t\tdata-field-id=\"4\"\n\t\t\t>\n\t\t\t<label class=\"wpforms-field-label\" for=\"wpforms-7936-field_4\" >Mensagem ou e-mail<\/label>\n\t\t\t<input type=\"text\" id=\"wpforms-7936-field_4\" class=\"wpforms-field-medium\" name=\"wpforms[fields][4]\" >\n\t\t<\/div>\n\t\t<div id=\"wpforms-7936-field_3-container\" class=\"wpforms-field wpforms-field-textarea\" data-field-id=\"3\"><label class=\"wpforms-field-label\" for=\"wpforms-7936-field_3\">Coment\u00e1rio ou mensagem <span class=\"wpforms-required-label\">*<\/span><\/label><textarea id=\"wpforms-7936-field_3\" class=\"wpforms-field-medium wpforms-field-required\" name=\"wpforms[fields][3]\" required><\/textarea><\/div><script>\n\t\t\t\t( function() {\n\t\t\t\t\tconst style = document.createElement( 'style' );\n\t\t\t\t\tstyle.appendChild( document.createTextNode( '#wpforms-7936-field_4-container { position: absolute !important; overflow: hidden !important; display: inline !important; height: 1px !important; width: 1px !important; z-index: -1000 !important; padding: 0 !important; } #wpforms-7936-field_4-container input { visibility: hidden; } #wpforms-conversational-form-page #wpforms-7936-field_4-container label { counter-increment: none; }' ) );\n\t\t\t\t\tdocument.head.appendChild( style );\n\t\t\t\t\tdocument.currentScript?.remove();\n\t\t\t\t} )();\n\t\t\t<\/script><\/div><!-- .wpforms-field-container --><div class=\"wpforms-submit-container\" ><input type=\"hidden\" name=\"wpforms[id]\" value=\"7936\"><input type=\"hidden\" name=\"page_title\" value=\"\"><input type=\"hidden\" name=\"page_url\" value=\"https:\/\/ariktools.com\/pt\/wp-json\/wp\/v2\/product\/6600\"><input type=\"hidden\" name=\"url_referer\" value=\"\"><button type=\"submit\" name=\"wpforms[submit]\" id=\"wpforms-submit-7936\" class=\"wpforms-submit\" data-alt-text=\"Sending...\" data-submit-text=\"Submit\" aria-live=\"assertive\" value=\"wpforms-submit\">Enviar<\/button><img decoding=\"async\" src=\"https:\/\/ariktools.com\/wp-content\/plugins\/wpforms-lite\/assets\/images\/submit-spin.svg\" class=\"wpforms-submit-spinner\" style=\"display: none;\" width=\"26\" height=\"26\" alt=\"Carregando\"><\/div><input type=\"hidden\" name=\"trp-form-language\" value=\"pt\"\/><\/form><\/div>  <!-- .wpforms-container -->\t\t\t\t<\/div>\n\t\t\t\t<\/div>\n\t\t\t\t<\/div>\n\t\t\t\t<\/div>\n\t\t\t\t<\/div>\n\t\t\t\t<\/div>\n\t\t\t\t\t<\/div>\n\t\t\t\t<\/div>\n\t\t<div class=\"elementor-element elementor-element-f3e3668 e-flex e-con-boxed e-con e-parent\" data-id=\"f3e3668\" data-element_type=\"container\" data-e-type=\"container\">\n\t\t\t\t\t<div class=\"e-con-inner\">\n\t\t\t\t<div class=\"elementor-element elementor-element-19a3ddb elementor-widget elementor-widget-text-editor\" data-id=\"19a3ddb\" data-element_type=\"widget\" data-e-type=\"widget\" data-widget_type=\"text-editor.default\">\n\t\t\t\t\t\t\t\t\t<table dir=\"ltr\" border=\"1\" cellspacing=\"0\" cellpadding=\"0\" data-sheets-root=\"1\" data-sheets-baot=\"1\"><colgroup><col width=\"133\" \/><col width=\"619\" \/><\/colgroup><tbody><tr><td><h6><strong>Par\u00e2metro<\/strong><\/h6><\/td><td><h6><strong>Detalhes<\/strong><\/h6><\/td><\/tr><tr><td>Nome do produto<\/td><td>Aparador de parede para piso de vinil<\/td><\/tr><tr><td>Material<\/td><td>Liga de alum\u00ednio premium, resistente e dur\u00e1vel<\/td><\/tr><tr><td>Dimens\u00f5es<\/td><td>9,84 x 9,06 x 3,15 polegadas<\/td><\/tr><tr><td>Altura m\u00e1xima de corte<\/td><td>Ajust\u00e1vel de 0,31 polegadas a 0,79 polegadas<\/td><\/tr><tr><td>Tipo de l\u00e2mina<\/td><td>L\u00e2mina de gancho grande de alta qualidade (substitu\u00edvel)<\/td><\/tr><tr><td>Fixa\u00e7\u00e3o da l\u00e2mina<\/td><td>O design de fixa\u00e7\u00e3o da l\u00e2mina garante um corte est\u00e1vel e preciso<\/td><\/tr><tr><td>Rolamentos<\/td><td>Equipado com 4 rolamentos para um corte suave, reduzindo o atrito<\/td><\/tr><tr><td>Materiais adequados<\/td><td>Piso de PVC, piso de borracha, pain\u00e9is de parede, etc.<\/td><\/tr><tr><td>Cena aplic\u00e1vel<\/td><td>Corte preciso para pisos de PVC, pisos de borracha e pain\u00e9is de parede em paredes<\/td><\/tr><tr><td>Design da al\u00e7a<\/td><td>Al\u00e7a ergonomicamente projetada para f\u00e1cil opera\u00e7\u00e3o, adequada para uso prolongado<\/td><\/tr><tr><td>Peso<\/td><td>Aprox. 1,76 lb<\/td><\/tr><tr><td>Recursos de fun\u00e7\u00e3o<\/td><td>Corte eficiente de costuras de pisos aplicados na parede e corte de bordas de pisos, melhorando a efici\u00eancia do trabalho<\/td><\/tr><tr><td>Embalagem<\/td><td>Embalagem padr\u00e3o com manual do usu\u00e1rio<\/td><\/tr><\/tbody><\/table>\t\t\t\t\t\t\t\t<\/div>\n\t\t\t\t\t<\/div>\n\t\t\t\t<\/div>\n\t\t<div class=\"elementor-element elementor-element-195ccab e-flex e-con-boxed e-con e-parent\" data-id=\"195ccab\" data-element_type=\"container\" data-e-type=\"container\">\n\t\t\t\t\t<div class=\"e-con-inner\">\n\t\t\t\t<div class=\"elementor-element elementor-element-41da06f elementor-widget elementor-widget-text-editor\" data-id=\"41da06f\" data-element_type=\"widget\" data-e-type=\"widget\" data-widget_type=\"text-editor.default\">\n\t\t\t\t\t\t\t\t\t<h3 data-start=\"83\" data-end=\"104\"><strong data-start=\"87\" data-end=\"104\">Principais recursos:<\/strong><\/h3><ul data-start=\"106\" data-end=\"1479\"><li data-start=\"106\" data-end=\"409\"><p data-start=\"108\" data-end=\"409\"><strong data-start=\"108\" data-end=\"140\">Liga de alum\u00ednio de alta qualidade:<\/strong><br data-start=\"140\" data-end=\"143\" \/>O trimmer \u00e9 feito de liga de alum\u00ednio leve, dur\u00e1vel e resistente \u00e0 corros\u00e3o, garantindo um desempenho duradouro mesmo com o uso frequente para cortar pisos aplicados na parede. Esse material foi projetado para suportar os rigores das tarefas cont\u00ednuas de corte de pisos.<\/p><\/li><li data-start=\"411\" data-end=\"665\"><p data-start=\"413\" data-end=\"665\"><strong data-start=\"413\" data-end=\"442\">Ajuste preciso da l\u00e2mina:<\/strong><br data-start=\"442\" data-end=\"445\" \/>A altura de corte \u00e9 ajust\u00e1vel entre 0,31 polegadas e 0,79 polegadas. Esse recurso permite um corte preciso com base na espessura dos materiais de piso aplicados na parede, garantindo cortes est\u00e1veis e precisos todas as vezes.<\/p><\/li><li data-start=\"667\" data-end=\"929\"><p data-start=\"669\" data-end=\"929\"><strong data-start=\"669\" data-end=\"699\">Experi\u00eancia de corte suave:<\/strong><br data-start=\"699\" data-end=\"702\" \/>Equipada com quatro rolamentos, a ferramenta garante uma opera\u00e7\u00e3o suave e sem atrito. Isso reduz o desgaste da ferramenta, proporcionando um processo de corte mais est\u00e1vel e eficiente que minimiza a fadiga durante longas sess\u00f5es de trabalho.<\/p><\/li><li data-start=\"931\" data-end=\"1209\"><p data-start=\"933\" data-end=\"1209\"><strong data-start=\"933\" data-end=\"955\">Corte eficiente:<\/strong><br data-start=\"955\" data-end=\"958\" \/>A l\u00e2mina de gancho grande facilita e agiliza o corte de pisos de PVC aplicados na parede, pisos de borracha e outros materiais. A ferramenta permite cortes de alta precis\u00e3o, particularmente eficazes para aparar as costuras do piso e fazer cortes detalhados ao longo das bordas da parede.<\/p><\/li><li data-start=\"1211\" data-end=\"1479\"><p data-start=\"1213\" data-end=\"1479\"><strong data-start=\"1213\" data-end=\"1247\">Cabo com design ergon\u00f4mico:<\/strong><br data-start=\"1247\" data-end=\"1250\" \/>O cabo ergon\u00f4mico da ferramenta foi projetado para minimizar a fadiga, garantindo conforto mesmo durante o uso prolongado. Isso \u00e9 particularmente ben\u00e9fico para instala\u00e7\u00f5es de pisos de parede maiores ou reparos em que sess\u00f5es de corte prolongadas s\u00e3o comuns.<\/p><\/li><\/ul><hr data-start=\"1481\" data-end=\"1484\" \/><h3 data-start=\"1486\" data-end=\"1515\"><strong data-start=\"1490\" data-end=\"1515\">Instru\u00e7\u00f5es de uso:<\/strong><\/h3><h4 data-start=\"1517\" data-end=\"1538\"><strong data-start=\"1522\" data-end=\"1538\">Prepara\u00e7\u00e3o:<\/strong><\/h4><ol data-start=\"1539\" data-end=\"1736\"><li data-start=\"1539\" data-end=\"1603\">Certifique-se de que a l\u00e2mina esteja afiada e firmemente instalada na ferramenta.<\/li><li data-start=\"1604\" data-end=\"1736\">Ajuste a altura m\u00e1xima de corte (de 0,31 polegadas a 0,79 polegadas) para corresponder \u00e0 espessura do material do piso aplicado na parede.<\/li><\/ol><h4 data-start=\"1738\" data-end=\"1763\"><strong data-start=\"1743\" data-end=\"1763\">Etapas operacionais:<\/strong><\/h4><ol data-start=\"1764\" data-end=\"2056\"><li data-start=\"1764\" data-end=\"1851\">Segure firmemente o cabo ergon\u00f4mico e empurre a ferramenta ao longo da costura do piso da parede.<\/li><li data-start=\"1852\" data-end=\"1933\">Com os quatro rolamentos, a ferramenta desliza suavemente, oferecendo resist\u00eancia m\u00ednima.<\/li><li data-start=\"1934\" data-end=\"2056\">Mantenha o controle constante da ferramenta, garantindo que a l\u00e2mina permane\u00e7a paralela \u00e0 parede para evitar cortes inclinados ou irregulares.<\/li><\/ol><h4 data-start=\"2058\" data-end=\"2087\"><strong data-start=\"2063\" data-end=\"2087\">Ajuste da altura da l\u00e2mina:<\/strong><\/h4><ol data-start=\"2088\" data-end=\"2286\"><li data-start=\"2088\" data-end=\"2198\">Para acomodar diferentes espessuras de materiais de piso aplicados na parede, ajuste a altura da l\u00e2mina conforme necess\u00e1rio.<\/li><li data-start=\"2199\" data-end=\"2286\">Gire o bot\u00e3o de ajuste para definir a profundidade desejada da l\u00e2mina para obter os melhores resultados de corte.<\/li><\/ol><h4 data-start=\"2288\" data-end=\"2311\"><strong data-start=\"2293\" data-end=\"2311\">Ap\u00f3s o corte:<\/strong><\/h4><ol data-start=\"2312\" data-end=\"2590\"><li data-start=\"2312\" data-end=\"2371\">Ap\u00f3s o corte, verifique se as costuras e as bordas est\u00e3o perfeitas.<\/li><li data-start=\"2372\" data-end=\"2442\">Fa\u00e7a os ajustes necess\u00e1rios ou aperfei\u00e7oe o corte para obter a perfei\u00e7\u00e3o.<\/li><li data-start=\"2443\" data-end=\"2590\">Limpe a l\u00e2mina e a ferramenta ap\u00f3s o uso para remover qualquer poeira, detritos ou material do piso para garantir que ela permane\u00e7a em condi\u00e7\u00f5es ideais para o pr\u00f3ximo uso.<\/li><\/ol><hr data-start=\"2592\" data-end=\"2595\" \/><h3 data-start=\"2597\" data-end=\"2624\"><strong data-start=\"2601\" data-end=\"2624\">Manuten\u00e7\u00e3o e cuidados:<\/strong><\/h3><ul data-start=\"2626\" data-end=\"3128\"><li data-start=\"2626\" data-end=\"2798\"><p data-start=\"2628\" data-end=\"2798\"><strong data-start=\"2628\" data-end=\"2657\">Inspe\u00e7\u00e3o regular da l\u00e2mina:<\/strong><br data-start=\"2657\" data-end=\"2660\" \/>Verifique periodicamente a l\u00e2mina quanto a sinais de desgaste ou embotamento. Substitua a l\u00e2mina conforme necess\u00e1rio para manter a efici\u00eancia e a precis\u00e3o do corte.<\/p><\/li><li data-start=\"2800\" data-end=\"2958\"><p data-start=\"2802\" data-end=\"2958\"><strong data-start=\"2802\" data-end=\"2815\">Limpeza:<\/strong><br data-start=\"2815\" data-end=\"2818\" \/>Ap\u00f3s cada uso, limpe a ferramenta, especialmente a l\u00e2mina e os trilhos deslizantes, para remover qualquer poeira ou detritos que possam afetar o desempenho do corte.<\/p><\/li><li data-start=\"2960\" data-end=\"3128\"><p data-start=\"2962\" data-end=\"3128\"><strong data-start=\"2962\" data-end=\"2974\">Armazenamento:<\/strong><br data-start=\"2974\" data-end=\"2977\" \/>Armazene a ferramenta em um local seco e fresco para evitar corros\u00e3o. Certifique-se de que os componentes met\u00e1licos sejam mantidos longe da umidade ou de altas temperaturas para evitar ferrugem.<\/p><\/li><\/ul><hr data-start=\"3130\" data-end=\"3133\" \/><h3 data-start=\"3135\" data-end=\"3165\"><strong data-start=\"3139\" data-end=\"3165\">Cen\u00e1rios de aplicativos:<\/strong><\/h3><ul data-start=\"3167\" data-end=\"3606\"><li data-start=\"3167\" data-end=\"3304\"><p data-start=\"3169\" data-end=\"3304\"><strong data-start=\"3169\" data-end=\"3191\">Piso de PVC para parede:<\/strong><br data-start=\"3191\" data-end=\"3194\" \/>Ideal para aparar e cortar costuras em pisos de PVC aplicados em paredes, garantindo um acabamento limpo e profissional.<\/p><\/li><li data-start=\"3306\" data-end=\"3461\"><p data-start=\"3308\" data-end=\"3461\"><strong data-start=\"3308\" data-end=\"3333\">Piso de borracha para paredes:<\/strong><br data-start=\"3333\" data-end=\"3336\" \/>Perfeito para cortar e aparar pisos de borracha ao longo das paredes. Isso garante bordas suaves e retas e transi\u00e7\u00f5es perfeitas.<\/p><\/li><li data-start=\"3463\" data-end=\"3606\"><p data-start=\"3465\" data-end=\"3606\"><strong data-start=\"3465\" data-end=\"3489\">Acabamento do painel de parede:<\/strong><br data-start=\"3489\" data-end=\"3492\" \/>O aparador \u00e9 adequado para aparar as bordas dos pain\u00e9is de parede, garantindo cortes precisos e limpos para uma apar\u00eancia polida.<\/p><\/li><\/ul><hr data-start=\"3608\" data-end=\"3611\" \/><h3 data-start=\"3613\" data-end=\"3629\"><strong data-start=\"3617\" data-end=\"3629\">Resumo:<\/strong><\/h3><p data-start=\"3631\" data-end=\"4258\">O <strong data-start=\"3635\" data-end=\"3670\">Aparador de parede para piso de vinil<\/strong> \u00e9 uma ferramenta de alta precis\u00e3o projetada especificamente para cortar materiais de pisos aplicados em paredes, como pisos de PVC, pisos de borracha e pain\u00e9is de parede. Sua constru\u00e7\u00e3o em liga de alum\u00ednio leve, juntamente com uma l\u00e2mina de gancho grande de alta qualidade, garante cortes suaves e precisos. A altura de corte ajust\u00e1vel, o design ergon\u00f4mico do cabo e os rolamentos integrados garantem uma experi\u00eancia de corte confort\u00e1vel e eficiente, tornando essa ferramenta perfeita para uso prolongado. Independentemente de voc\u00ea estar aparando costuras de piso, cortando bordas ou trabalhando com pain\u00e9is de parede, essa ferramenta sempre oferece resultados profissionais.<\/p><hr data-start=\"4260\" data-end=\"4263\" \/><p data-start=\"4265\" data-end=\"4377\" data-is-last-node=\"\"><strong><a href=\"https:\/\/ariktools.com\/pt\/contact\/\">Fique \u00e0 vontade para entrar em contato caso tenha mais d\u00favidas ou precise de mais informa\u00e7\u00f5es sobre os aplicativos da ferramenta!<\/a><\/strong><\/p>\t\t\t\t\t\t\t\t<\/div>\n\t\t\t\t\t<\/div>\n\t\t\t\t<\/div>\n\t\t\t\t<\/div>","protected":false},"excerpt":{"rendered":"<p>Get Your Quote Now Contact us for your personalized quotation. Save more with our direct pricing! Competitive wholesale prices. No middleman, better deals. Click to View Catalog Please enable JavaScript in your browser to complete this form.Name *FirstLastEmail *Comment or Message * Submit Parameter Details Product Name Wall Trimmer for Vinyl Flooring Material Premium aluminum [&hellip;]<\/p>","protected":false},"featured_media":7511,"template":"","meta":[],"product_cat":[109,48,42],"product_tag":[],"class_list":{"0":"post-6600","1":"product","2":"type-product","3":"status-publish","4":"has-post-thumbnail","6":"product_brand-arik","7":"product_cat-new-arrivals","8":"product_cat-vinyl-floor-cutting-tool","9":"product_cat-vinyl-floor-tools","11":"first","12":"instock","13":"shipping-taxable","14":"purchasable","15":"product-type-simple"},"_links":{"self":[{"href":"https:\/\/ariktools.com\/pt\/wp-json\/wp\/v2\/product\/6600","targetHints":{"allow":["GET"]}}],"collection":[{"href":"https:\/\/ariktools.com\/pt\/wp-json\/wp\/v2\/product"}],"about":[{"href":"https:\/\/ariktools.com\/pt\/wp-json\/wp\/v2\/types\/product"}],"version-history":[{"count":0,"href":"https:\/\/ariktools.com\/pt\/wp-json\/wp\/v2\/product\/6600\/revisions"}],"wp:featuredmedia":[{"embeddable":true,"href":"https:\/\/ariktools.com\/pt\/wp-json\/wp\/v2\/media\/7511"}],"wp:attachment":[{"href":"https:\/\/ariktools.com\/pt\/wp-json\/wp\/v2\/media?parent=6600"}],"wp:term":[{"taxonomy":"product_cat","embeddable":true,"href":"https:\/\/ariktools.com\/pt\/wp-json\/wp\/v2\/product_cat?post=6600"},{"taxonomy":"product_tag","embeddable":true,"href":"https:\/\/ariktools.com\/pt\/wp-json\/wp\/v2\/product_tag?post=6600"}],"curies":[{"name":"wp","href":"https:\/\/api.w.org\/{rel}","templated":true}]}}