{"id":7792,"date":"2025-02-23T06:44:44","date_gmt":"2025-02-23T06:44:44","guid":{"rendered":"https:\/\/ariktools.com\/?post_type=product&#038;p=7792"},"modified":"2025-11-03T13:35:06","modified_gmt":"2025-11-03T13:35:06","slug":"pvc-strip-cutter","status":"publish","type":"product","link":"https:\/\/ariktools.com\/pt\/product\/pvc-strip-cutter\/","title":{"rendered":"Cortador de tiras de PVC"},"content":{"rendered":"<div data-elementor-type=\"product-post\" data-elementor-id=\"7792\" class=\"elementor elementor-7792\" data-elementor-post-type=\"product\">\n\t\t\t\t<div class=\"elementor-element elementor-element-996fdfb e-flex e-con-boxed e-con e-parent\" data-id=\"996fdfb\" data-element_type=\"container\" data-e-type=\"container\">\n\t\t\t\t\t<div class=\"e-con-inner\">\n\t\t<div class=\"elementor-element elementor-element-e926477 e-con-full e-flex e-con e-child\" data-id=\"e926477\" data-element_type=\"container\" data-e-type=\"container\">\n\t\t<div class=\"elementor-element elementor-element-b9e3ed3 e-con-full e-flex e-con e-child\" data-id=\"b9e3ed3\" data-element_type=\"container\" data-e-type=\"container\">\n\t\t<div class=\"elementor-element elementor-element-61b2b66 e-con-full e-flex e-con e-child\" data-id=\"61b2b66\" data-element_type=\"container\" data-e-type=\"container\">\n\t\t\t\t<div class=\"elementor-element elementor-element-890c82a elementor-widget elementor-widget-heading\" data-id=\"890c82a\" data-element_type=\"widget\" data-e-type=\"widget\" data-widget_type=\"heading.default\">\n\t\t\t\t\t<h2 class=\"elementor-heading-title elementor-size-default\">Obtenha sua cota\u00e7\u00e3o agora<\/h2>\t\t\t\t<\/div>\n\t\t\t\t<div class=\"elementor-element elementor-element-edc6be0 elementor-widget elementor-widget-text-editor\" data-id=\"edc6be0\" data-element_type=\"widget\" data-e-type=\"widget\" data-widget_type=\"text-editor.default\">\n\t\t\t\t\t\t\t\t\t<ul data-start=\"147\" data-end=\"307\"><li data-start=\"147\" data-end=\"196\"><strong data-start=\"149\" data-end=\"196\">Entre em contato conosco para obter sua cota\u00e7\u00e3o personalizada.<\/strong><\/li><li data-start=\"197\" data-end=\"237\"><strong data-start=\"199\" data-end=\"237\">Economize mais com nossos pre\u00e7os diretos!<\/strong><\/li><li data-start=\"238\" data-end=\"273\"><strong data-start=\"240\" data-end=\"273\">Pre\u00e7os competitivos no atacado.<\/strong><\/li><li data-start=\"274\" data-end=\"307\"><strong data-start=\"276\" data-end=\"307\">Sem intermedi\u00e1rios, melhores neg\u00f3cios.<\/strong><\/li><\/ul>\t\t\t\t\t\t\t\t<\/div>\n\t\t\t\t<div class=\"elementor-element elementor-element-7ae980e elementor-widget__width-initial elementor-widget elementor-widget-image\" data-id=\"7ae980e\" data-element_type=\"widget\" data-e-type=\"widget\" data-widget_type=\"image.default\">\n\t\t\t\t\t\t\t\t\t\t\t\t\t\t\t\t<a href=\"https:\/\/ariktools.com\/wp-content\/uploads\/2025\/10\/Product_Catalog_2025_ARIK.pdf\">\n\t\t\t\t\t\t\t<img fetchpriority=\"high\" decoding=\"async\" width=\"900\" height=\"626\" src=\"https:\/\/ariktools.com\/wp-content\/uploads\/2025\/02\/Product_Catalog_2025_ARIK_page.jpg\" class=\"attachment-large size-large wp-image-9117\" alt=\"\" srcset=\"https:\/\/ariktools.com\/wp-content\/uploads\/2025\/02\/Product_Catalog_2025_ARIK_page.jpg 1000w, https:\/\/ariktools.com\/wp-content\/uploads\/2025\/02\/Product_Catalog_2025_ARIK_page-300x209.jpg 300w, https:\/\/ariktools.com\/wp-content\/uploads\/2025\/02\/Product_Catalog_2025_ARIK_page-768x534.jpg 768w, https:\/\/ariktools.com\/wp-content\/uploads\/2025\/02\/Product_Catalog_2025_ARIK_page-800x556.jpg 800w\" sizes=\"(max-width: 900px) 100vw, 900px\" \/>\t\t\t\t\t\t\t\t<\/a>\n\t\t\t\t\t\t\t\t\t\t\t\t\t\t\t<\/div>\n\t\t\t\t<div class=\"elementor-element elementor-element-5e09641 elementor-align-left elementor-widget__width-initial elementor-button-default elementor-widget elementor-widget-button\" data-id=\"5e09641\" data-element_type=\"widget\" data-e-type=\"widget\" data-widget_type=\"button.default\">\n\t\t\t\t\t\t\t\t\t\t<a class=\"elementor-button elementor-button-link elementor-size-sm\" href=\"https:\/\/ariktools.com\/wp-content\/uploads\/2025\/10\/Product_Catalog_2025_ARIK.pdf\">\n\t\t\t\t\t\t<span class=\"elementor-button-content-wrapper\">\n\t\t\t\t\t\t\t\t\t<span class=\"elementor-button-text\">Clique para ver o cat\u00e1logo<\/span>\n\t\t\t\t\t<\/span>\n\t\t\t\t\t<\/a>\n\t\t\t\t\t\t\t\t<\/div>\n\t\t\t\t<\/div>\n\t\t<div class=\"elementor-element elementor-element-83b0afc e-con-full e-flex e-con e-child\" data-id=\"83b0afc\" data-element_type=\"container\" data-e-type=\"container\">\n\t\t\t\t<div class=\"elementor-element elementor-element-c59c9b5 elementor-widget__width-initial elementor-widget elementor-widget-wpforms\" data-id=\"c59c9b5\" data-element_type=\"widget\" data-e-type=\"widget\" data-widget_type=\"wpforms.default\">\n\t\t\t\t<div class=\"elementor-widget-container\">\n\t\t\t\t\t<div class=\"wpforms-container\" id=\"wpforms-7936\"><form id=\"wpforms-form-7936\" class=\"wpforms-validate wpforms-form wpforms-ajax-form\" data-formid=\"7936\" method=\"post\" enctype=\"multipart\/form-data\" action=\"\/pt\/wp-json\/wp\/v2\/product\/7792\" data-token=\"70535e08f7fc0029da8c74c7c674e834\" data-token-time=\"1776297380\" data-trp-original-action=\"\/pt\/wp-json\/wp\/v2\/product\/7792\"><noscript class=\"wpforms-error-noscript\">Ative o JavaScript no seu navegador para preencher este formul\u00e1rio.<\/noscript><div class=\"wpforms-field-container\"><div id=\"wpforms-7936-field_1-container\" class=\"wpforms-field wpforms-field-name\" data-field-id=\"1\"><label class=\"wpforms-field-label\" for=\"wpforms-7936-field_1\">Nome <span class=\"wpforms-required-label\">*<\/span><\/label><input type=\"text\" id=\"wpforms-7936-field_1\" class=\"wpforms-field-medium wpforms-field-required\" name=\"wpforms[fields][1]\" required><\/div>\t\t<div id=\"wpforms-7936-field_4-container\"\n\t\t\tclass=\"wpforms-field wpforms-field-text\"\n\t\t\tdata-field-type=\"text\"\n\t\t\tdata-field-id=\"4\"\n\t\t\t>\n\t\t\t<label class=\"wpforms-field-label\" for=\"wpforms-7936-field_4\" >Email or Message<\/label>\n\t\t\t<input type=\"text\" id=\"wpforms-7936-field_4\" class=\"wpforms-field-medium\" name=\"wpforms[fields][4]\" >\n\t\t<\/div>\n\t\t<div id=\"wpforms-7936-field_2-container\" class=\"wpforms-field wpforms-field-email\" data-field-id=\"2\"><label class=\"wpforms-field-label\" for=\"wpforms-7936-field_2\">E-mail <span class=\"wpforms-required-label\">*<\/span><\/label><input type=\"email\" id=\"wpforms-7936-field_2\" class=\"wpforms-field-medium wpforms-field-required\" name=\"wpforms[fields][2]\" spellcheck=\"false\" required><\/div><div id=\"wpforms-7936-field_3-container\" class=\"wpforms-field wpforms-field-textarea\" data-field-id=\"3\"><label class=\"wpforms-field-label\" for=\"wpforms-7936-field_3\">Coment\u00e1rio ou mensagem <span class=\"wpforms-required-label\">*<\/span><\/label><textarea id=\"wpforms-7936-field_3\" class=\"wpforms-field-medium wpforms-field-required\" name=\"wpforms[fields][3]\" required><\/textarea><\/div><script>\n\t\t\t\t( function() {\n\t\t\t\t\tconst style = document.createElement( 'style' );\n\t\t\t\t\tstyle.appendChild( document.createTextNode( '#wpforms-7936-field_4-container { position: absolute !important; overflow: hidden !important; display: inline !important; height: 1px !important; width: 1px !important; z-index: -1000 !important; padding: 0 !important; } #wpforms-7936-field_4-container input { visibility: hidden; } #wpforms-conversational-form-page #wpforms-7936-field_4-container label { counter-increment: none; }' ) );\n\t\t\t\t\tdocument.head.appendChild( style );\n\t\t\t\t\tdocument.currentScript?.remove();\n\t\t\t\t} )();\n\t\t\t<\/script><\/div><!-- .wpforms-field-container --><div class=\"wpforms-submit-container\" ><input type=\"hidden\" name=\"wpforms[id]\" value=\"7936\"><input type=\"hidden\" name=\"page_title\" value=\"\"><input type=\"hidden\" name=\"page_url\" value=\"https:\/\/ariktools.com\/pt\/wp-json\/wp\/v2\/product\/7792\"><input type=\"hidden\" name=\"url_referer\" value=\"\"><button type=\"submit\" name=\"wpforms[submit]\" id=\"wpforms-submit-7936\" class=\"wpforms-submit\" data-alt-text=\"Sending...\" data-submit-text=\"Submit\" aria-live=\"assertive\" value=\"wpforms-submit\">Enviar<\/button><img decoding=\"async\" src=\"https:\/\/ariktools.com\/wp-content\/plugins\/wpforms-lite\/assets\/images\/submit-spin.svg\" class=\"wpforms-submit-spinner\" style=\"display: none;\" width=\"26\" height=\"26\" alt=\"Carregando\"><\/div><input type=\"hidden\" name=\"trp-form-language\" value=\"pt\"\/><\/form><\/div>  <!-- .wpforms-container -->\t\t\t\t<\/div>\n\t\t\t\t<\/div>\n\t\t\t\t<\/div>\n\t\t\t\t<\/div>\n\t\t\t\t<\/div>\n\t\t\t\t\t<\/div>\n\t\t\t\t<\/div>\n\t\t<div class=\"elementor-element elementor-element-e713ce1 e-flex e-con-boxed e-con e-parent\" data-id=\"e713ce1\" data-element_type=\"container\" data-e-type=\"container\">\n\t\t\t\t\t<div class=\"e-con-inner\">\n\t\t\t\t<div class=\"elementor-element elementor-element-9f6c9b2 elementor-widget elementor-widget-text-editor\" data-id=\"9f6c9b2\" data-element_type=\"widget\" data-e-type=\"widget\" data-widget_type=\"text-editor.default\">\n\t\t\t\t\t\t\t\t\t<table dir=\"ltr\" border=\"1\" cellspacing=\"0\" cellpadding=\"0\" data-sheets-root=\"1\" data-sheets-baot=\"1\"><colgroup> <col width=\"197\" \/> <col width=\"763\" \/><\/colgroup><tbody><tr><td><h6>Par\u00e2metro<\/h6><\/td><td><h6>Detalhes<\/h6><\/td><\/tr><tr><td>Nome do produto<\/td><td>Cortador de tiras de PVC<\/td><\/tr><tr><td>Material<\/td><td>Liga de alum\u00ednio, leve, dur\u00e1vel e resistente \u00e0 corros\u00e3o<\/td><\/tr><tr><td>Cor<\/td><td>Grama verde (personaliz\u00e1vel)<\/td><\/tr><tr><td>Comprimento padr\u00e3o da haste<\/td><td>Haste de 12 polegadas + 20 polegadas (inclui haste de 12 polegadas)<\/td><\/tr><tr><td>Tipo de l\u00e2mina<\/td><td>L\u00e2mina de gancho grande (inclui uma caixa de l\u00e2minas extras)<\/td><\/tr><tr><td>Espessura m\u00e1xima de corte<\/td><td>0,2 polegadas<\/td><\/tr><tr><td>Op\u00e7\u00f5es de comprimento da haste<\/td><td>12 polegadas (padr\u00e3o), 20 polegadas, 40 polegadas (opcional)<\/td><\/tr><tr><td>Peso<\/td><td>Padr\u00e3o: 7,3 lbs; haste de 20 polegadas: 2,4 lbs; haste de 40 polegadas: 4,0 lbs<\/td><\/tr><tr><td>Haste opcional<\/td><td>Haste de 1 metro (vendida separadamente, n\u00e3o inclui l\u00e2mina ou cabo de liga de alum\u00ednio)<\/td><\/tr><tr><td>Materiais adequados<\/td><td>Piso de PVC, piso de borracha e outros materiais de piso de pl\u00e1stico macio<\/td><\/tr><tr><td>Uso<\/td><td>Usado para aparar bordas e cortar com precis\u00e3o as costuras do piso<\/td><\/tr><tr><td>Cenas de aplicativos<\/td><td>Adequado para tratamento de emendas de pisos, corte de bordas e corte de PVC, borracha e outros materiais de piso de pl\u00e1stico macio<\/td><\/tr><tr><td>Configura\u00e7\u00f5es e extras<\/td><td>Configura\u00e7\u00e3o 1: haste de 20 polegadas + 1x haste de 12 polegadas<br \/>Configura\u00e7\u00e3o 2: haste de 40 polegadas + 1x haste de 12 polegadas<br \/>Configura\u00e7\u00e3o 3: haste de 40 polegadas + haste de 20 polegadas + 1x haste de 12 polegadas<\/td><\/tr><tr><td>Substitui\u00e7\u00e3o de l\u00e2minas<\/td><td>As l\u00e2minas podem ser facilmente substitu\u00eddas conforme necess\u00e1rio, garantindo um corte de alto desempenho a longo prazo<\/td><\/tr><\/tbody><\/table>\t\t\t\t\t\t\t\t<\/div>\n\t\t\t\t\t<\/div>\n\t\t\t\t<\/div>\n\t\t<div class=\"elementor-element elementor-element-be3ae51 e-flex e-con-boxed e-con e-parent\" data-id=\"be3ae51\" data-element_type=\"container\" data-e-type=\"container\">\n\t\t\t\t\t<div class=\"e-con-inner\">\n\t\t\t\t<div class=\"elementor-element elementor-element-4cf8e2a elementor-widget elementor-widget-text-editor\" data-id=\"4cf8e2a\" data-element_type=\"widget\" data-e-type=\"widget\" data-widget_type=\"text-editor.default\">\n\t\t\t\t\t\t\t\t\t<h4 data-start=\"136\" data-end=\"153\"><strong data-start=\"141\" data-end=\"153\">Recursos<\/strong><\/h4><ul data-start=\"155\" data-end=\"1081\"><li data-start=\"155\" data-end=\"374\"><p data-start=\"157\" data-end=\"374\"><strong data-start=\"157\" data-end=\"196\">Constru\u00e7\u00e3o em liga de alum\u00ednio premium<\/strong><br data-start=\"196\" data-end=\"199\" \/>Fabricado em liga de alum\u00ednio leve e resistente \u00e0 corros\u00e3o, esse cortador de tiras de PVC garante durabilidade e estabilidade, tornando-o ideal para tarefas de corte de piso de alta frequ\u00eancia.<\/p><\/li><li data-start=\"376\" data-end=\"574\"><p data-start=\"378\" data-end=\"574\"><strong data-start=\"378\" data-end=\"399\">Corte de precis\u00e3o<\/strong><br data-start=\"399\" data-end=\"402\" \/>Equipado com uma l\u00e2mina de gancho grande, ele proporciona cortes precisos para pisos de PVC, pisos de borracha e outros materiais, tornando-o perfeito para o corte de bordas e tratamento de costuras.<\/p><\/li><li data-start=\"576\" data-end=\"725\"><p data-start=\"578\" data-end=\"725\"><strong data-start=\"578\" data-end=\"603\">Comprimentos vers\u00e1teis de hastes<\/strong><br data-start=\"603\" data-end=\"606\" \/>Escolha entre hastes de 12, 20 e 40 polegadas para atender \u00e0s suas necessidades de corte, seja para costuras de piso ou corte de bordas.<\/p><\/li><li data-start=\"727\" data-end=\"887\"><p data-start=\"729\" data-end=\"887\"><strong data-start=\"729\" data-end=\"763\">Tratamento eficiente da costura do piso<\/strong><br data-start=\"763\" data-end=\"766\" \/>Perfeito para cortar costuras em pisos de PVC e borracha, garantindo acabamentos profissionais e limpos nas bordas de instala\u00e7\u00e3o do piso.<\/p><\/li><li data-start=\"889\" data-end=\"1081\"><p data-start=\"891\" data-end=\"1081\"><strong data-start=\"891\" data-end=\"925\">Op\u00e7\u00f5es flex\u00edveis de configura\u00e7\u00e3o<\/strong><br data-start=\"925\" data-end=\"928\" \/>Com comprimentos de haste personaliz\u00e1veis e v\u00e1rias op\u00e7\u00f5es de configura\u00e7\u00e3o (incluindo hastes extras), os usu\u00e1rios podem ajustar o cortador para requisitos de corte espec\u00edficos.<\/p><\/li><\/ul><hr data-start=\"1083\" data-end=\"1086\" \/><h4 data-start=\"1088\" data-end=\"1117\"><strong data-start=\"1093\" data-end=\"1117\">Instru\u00e7\u00f5es de uso<\/strong><\/h4><ol data-start=\"1119\" data-end=\"2034\"><li data-start=\"1119\" data-end=\"1303\"><p data-start=\"1122\" data-end=\"1139\"><strong data-start=\"1122\" data-end=\"1137\">Prepara\u00e7\u00e3o<\/strong><\/p><ul data-start=\"1143\" data-end=\"1303\"><li data-start=\"1143\" data-end=\"1243\">Selecione o comprimento adequado da haste (12 polegadas, 20 polegadas ou 40 polegadas) e instale a l\u00e2mina com firmeza.<\/li><li data-start=\"1247\" data-end=\"1303\">Verifique a afia\u00e7\u00e3o da l\u00e2mina e substitua-a, se necess\u00e1rio.<\/li><\/ul><\/li><li data-start=\"1305\" data-end=\"1518\"><p data-start=\"1308\" data-end=\"1332\"><strong data-start=\"1308\" data-end=\"1330\">Definir o comprimento da haste<\/strong><\/p><ul data-start=\"1336\" data-end=\"1518\"><li data-start=\"1336\" data-end=\"1443\">Prenda a haste escolhida \u00e0 unidade principal e certifique-se de que ela esteja firmemente conectada ao acess\u00f3rio de liga de alum\u00ednio.<\/li><li data-start=\"1447\" data-end=\"1518\">Ajuste o comprimento da haste com base na \u00e1rea do piso com a qual est\u00e1 trabalhando.<\/li><\/ul><\/li><li data-start=\"1520\" data-end=\"1761\"><p data-start=\"1523\" data-end=\"1536\"><strong data-start=\"1523\" data-end=\"1534\">Corte<\/strong><\/p><ul data-start=\"1540\" data-end=\"1761\"><li data-start=\"1540\" data-end=\"1681\">Posicione o cortador ao longo da costura do piso, segure a al\u00e7a de liga de alum\u00ednio com firmeza e aplique uma press\u00e3o constante \u00e0 medida que o move ao longo da costura.<\/li><li data-start=\"1685\" data-end=\"1761\">Mantenha uma press\u00e3o consistente para obter um corte suave e limpo, sem bordas irregulares.<\/li><\/ul><\/li><li data-start=\"1763\" data-end=\"1913\"><p data-start=\"1766\" data-end=\"1786\"><strong data-start=\"1766\" data-end=\"1784\">Conclus\u00e3o do corte<\/strong><\/p><ul data-start=\"1790\" data-end=\"1913\"><li data-start=\"1790\" data-end=\"1845\">Ap\u00f3s o corte, inspecione a costura para garantir a uniformidade.<\/li><li data-start=\"1849\" data-end=\"1913\">Se necess\u00e1rio, ajuste a profundidade da l\u00e2mina para obter um corte mais fino e limpo.<\/li><\/ul><\/li><li data-start=\"1915\" data-end=\"2034\"><p data-start=\"1918\" data-end=\"1941\"><strong data-start=\"1918\" data-end=\"1939\">Substitui\u00e7\u00e3o de l\u00e2minas<\/strong><\/p><ul data-start=\"1945\" data-end=\"2034\"><li data-start=\"1945\" data-end=\"2034\">Para substituir uma l\u00e2mina cega, solte o parafuso, remova a l\u00e2mina antiga e instale uma nova.<\/li><\/ul><\/li><\/ol><hr data-start=\"2036\" data-end=\"2039\" \/><h4 data-start=\"2041\" data-end=\"2068\"><strong data-start=\"2046\" data-end=\"2068\">Manuten\u00e7\u00e3o e cuidados<\/strong><\/h4><ul data-start=\"2070\" data-end=\"2537\"><li data-start=\"2070\" data-end=\"2211\"><p data-start=\"2072\" data-end=\"2211\"><strong data-start=\"2072\" data-end=\"2106\">Inspe\u00e7\u00e3o e substitui\u00e7\u00e3o de l\u00e2minas<\/strong><br data-start=\"2106\" data-end=\"2109\" \/>Inspecione regularmente a l\u00e2mina quanto \u00e0 afia\u00e7\u00e3o e substitua-a quando necess\u00e1rio para garantir o desempenho ideal.<\/p><\/li><li data-start=\"2213\" data-end=\"2333\"><p data-start=\"2215\" data-end=\"2333\"><strong data-start=\"2215\" data-end=\"2232\">Limpeza de ferramentas<\/strong><br data-start=\"2232\" data-end=\"2235\" \/>Limpe a ferramenta ap\u00f3s cada uso para remover detritos e evitar que os contaminantes embotem a l\u00e2mina.<\/p><\/li><li data-start=\"2335\" data-end=\"2454\"><p data-start=\"2337\" data-end=\"2454\"><strong data-start=\"2337\" data-end=\"2352\">Cuidados com o manuseio<\/strong><br data-start=\"2352\" data-end=\"2355\" \/>Limpe os cabos de pl\u00e1stico com um pano \u00famido para remover a sujeira e evitar o ac\u00famulo de res\u00edduos qu\u00edmicos.<\/p><\/li><li data-start=\"2456\" data-end=\"2537\"><p data-start=\"2458\" data-end=\"2537\"><strong data-start=\"2458\" data-end=\"2469\">Armazenamento<\/strong><br data-start=\"2469\" data-end=\"2472\" \/>Guarde a ferramenta em um local seco e fresco para manter sua longevidade.<\/p><\/li><\/ul><hr data-start=\"2539\" data-end=\"2542\" \/><h4 data-start=\"2544\" data-end=\"2565\"><strong data-start=\"2549\" data-end=\"2565\">Aplicativos<\/strong><\/h4><ul data-start=\"2567\" data-end=\"2901\"><li data-start=\"2567\" data-end=\"2664\"><p data-start=\"2569\" data-end=\"2664\"><strong data-start=\"2569\" data-end=\"2585\">Piso de PVC<\/strong><br data-start=\"2585\" data-end=\"2588\" \/>Ideal para cortar e aparar bordas de pisos de PVC para garantir costuras suaves.<\/p><\/li><li data-start=\"2666\" data-end=\"2760\"><p data-start=\"2668\" data-end=\"2760\"><strong data-start=\"2668\" data-end=\"2687\">Pisos de borracha<\/strong><br data-start=\"2687\" data-end=\"2690\" \/>Perfeito para cortar e unir costuras em materiais de piso de borracha.<\/p><\/li><li data-start=\"2762\" data-end=\"2901\"><p data-start=\"2764\" data-end=\"2901\"><strong data-start=\"2764\" data-end=\"2795\">Outros pisos de pl\u00e1stico macio<\/strong><br data-start=\"2795\" data-end=\"2798\" \/>Funciona bem com v\u00e1rios tipos de pisos de pl\u00e1stico macio que exigem corte preciso das bordas ou das costuras.<\/p><\/li><\/ul><hr data-start=\"2903\" data-end=\"2906\" \/><h4 data-start=\"2908\" data-end=\"2924\"><strong data-start=\"2913\" data-end=\"2924\">Resumo<\/strong><\/h4><p data-start=\"2926\" data-end=\"3480\">O cortador de tiras de PVC \u00e9 uma ferramenta vers\u00e1til e de alta qualidade projetada para o corte preciso de pisos e o tratamento de costuras. Ele apresenta uma constru\u00e7\u00e3o dur\u00e1vel em liga de alum\u00ednio, uma l\u00e2mina de gancho grande para cortes limpos e suaves e comprimentos de haste personaliz\u00e1veis (12, 20 e 40 polegadas) para v\u00e1rios projetos de pisos. Quer esteja trabalhando com PVC, borracha ou outro piso de pl\u00e1stico macio, esse cortador garante sempre resultados de n\u00edvel profissional. Com f\u00e1cil manuten\u00e7\u00e3o e configura\u00e7\u00f5es flex\u00edveis, \u00e9 uma ferramenta essencial para projetos de pisos comerciais e residenciais.<\/p>\t\t\t\t\t\t\t\t<\/div>\n\t\t\t\t\t<\/div>\n\t\t\t\t<\/div>\n\t\t\t\t<\/div>","protected":false},"excerpt":{"rendered":"<p>Get Your Quote Now Contact us for your personalized quotation. Save more with our direct pricing! Competitive wholesale prices. No middleman, better deals. Click to View Catalog Please enable JavaScript in your browser to complete this form.Name *FirstLastEmail *Comment or Message * Submit Parameter Details Product Name PVC Strip Cutter Material Aluminum alloy, lightweight, durable, [&hellip;]<\/p>","protected":false},"featured_media":7802,"template":"","meta":[],"product_cat":[108,110,48,42],"product_tag":[],"class_list":{"0":"post-7792","1":"product","2":"type-product","3":"status-publish","4":"has-post-thumbnail","6":"product_brand-arik","7":"product_cat-all-tools","8":"product_cat-best-selling","9":"product_cat-vinyl-floor-cutting-tool","10":"product_cat-vinyl-floor-tools","12":"first","13":"instock","14":"shipping-taxable","15":"purchasable","16":"product-type-simple"},"_links":{"self":[{"href":"https:\/\/ariktools.com\/pt\/wp-json\/wp\/v2\/product\/7792","targetHints":{"allow":["GET"]}}],"collection":[{"href":"https:\/\/ariktools.com\/pt\/wp-json\/wp\/v2\/product"}],"about":[{"href":"https:\/\/ariktools.com\/pt\/wp-json\/wp\/v2\/types\/product"}],"version-history":[{"count":0,"href":"https:\/\/ariktools.com\/pt\/wp-json\/wp\/v2\/product\/7792\/revisions"}],"wp:featuredmedia":[{"embeddable":true,"href":"https:\/\/ariktools.com\/pt\/wp-json\/wp\/v2\/media\/7802"}],"wp:attachment":[{"href":"https:\/\/ariktools.com\/pt\/wp-json\/wp\/v2\/media?parent=7792"}],"wp:term":[{"taxonomy":"product_cat","embeddable":true,"href":"https:\/\/ariktools.com\/pt\/wp-json\/wp\/v2\/product_cat?post=7792"},{"taxonomy":"product_tag","embeddable":true,"href":"https:\/\/ariktools.com\/pt\/wp-json\/wp\/v2\/product_tag?post=7792"}],"curies":[{"name":"wp","href":"https:\/\/api.w.org\/{rel}","templated":true}]}}